{"id":200611,"date":"2022-10-20T09:02:17","date_gmt":"2022-10-20T07:02:17","guid":{"rendered":"http:\/\/dev.claret.cat\/producte\/paradisos-oceanics\/"},"modified":"2025-01-31T23:57:04","modified_gmt":"2025-01-31T22:57:04","slug":"paradisos-oceanics-9788416738335","status":"publish","type":"product","link":"https:\/\/www.claret.cat\/es\/libro\/paradisos-oceanics-9788416738335\/","title":{"rendered":"PARADISOS OCE\u00c0NICS"},"content":{"rendered":"<p>Aurora Bertrana, amb les seves paraules, va fer el m\u00f3n m\u00e9s petit. La Polin\u00e8sia era un indret remot, perdut, inimaginable, fins que ella hi va estar. Fins que aquesta periodista va salpar a Papeete i va comen\u00e7ar a enviar les seves cr\u00f2niques d&#8217;Oceania cap a Espanya. Va ser a finals de la d\u00e8cada de 1920. Bertrana, de trenta-quatre anys, va arribar a aquell indret ex\u00f2tic, absolutament desconegut i, durant tres anys, es va dedicar a descriure la seva naturalesa i a escriure sobre la seva gent. Parlava sobretot de les dones, dels matrimonis for\u00e7osos, de la maternitat sense contractes, de la sexualitat alliberada. Viatjava perqu\u00e8 buscava i perqu\u00e8 fugia alhora. Des que era una nena, llegia d&#8217;amagat a la biblioteca del seu avi: amb el poble no en tenia prou. Escapava d&#8217;una vida que la seva mare va pensar per a ella quan li ensenyava a cosir, a brodar i a fer puntes per convertir-la en una senyoreta com cal.<\/p>\n","protected":false},"excerpt":{"rendered":"<p>AURORA BERTRANA<\/p>\n","protected":false},"featured_media":200612,"template":"","meta":{"_acf_changed":false,"om_disable_all_campaigns":false,"rs_blank_template":"","rs_page_bg_color":"","slide_template_v7":"","inline_featured_image":false,"_monsterinsights_skip_tracking":false,"_monsterinsights_sitenote_active":false,"_monsterinsights_sitenote_note":"","_monsterinsights_sitenote_category":0},"product_brand":[],"product_cat":[87,353],"product_tag":[],"class_list":{"0":"post-200611","1":"product","2":"type-product","3":"status-publish","4":"has-post-thumbnail","6":"product_cat-literatura","7":"product_cat-literatura-2_humanidades","9":"first","10":"instock","11":"taxable","12":"shipping-taxable","13":"purchasable","14":"product-type-simple"},"acf":{"autor":"AURORA BERTRANA","codart":"841673833","libros-coleccion":"FORA DE COL.LECCI\u00d3","ediciones":"1","encuadernacion":"R\u00fastica","fecha_de_publicacion":"01\/10\/2017","novedad":"1","paginas":"292","subtitulo":"","orden":"0","portada":"0","idioma":"cat","editorial":[{"ID":6345,"post_author":"3","post_date":"2022-07-28 17:50:12","post_date_gmt":"2022-07-28 15:50:12","post_content":"","post_title":"Rata","post_excerpt":"","post_status":"publish","comment_status":"closed","ping_status":"closed","post_password":"","post_name":"rata","to_ping":"","pinged":"","post_modified":"2022-07-28 17:50:12","post_modified_gmt":"2022-07-28 15:50:12","post_content_filtered":"","post_parent":0,"guid":"http:\/\/dev.claret.cat\/editorial\/rata\/","menu_order":0,"post_type":"editorial","post_mime_type":"","comment_count":"0","filter":"raw"}],"autores-libros":[{"ID":420605,"post_author":"3","post_date":"2023-05-16 00:54:11","post_date_gmt":"2023-05-15 22:54:11","post_content":"","post_title":"AURORA BERTRANA","post_excerpt":"","post_status":"publish","comment_status":"closed","ping_status":"closed","post_password":"","post_name":"aurora-bertrana-2","to_ping":"","pinged":"","post_modified":"2023-05-16 00:54:11","post_modified_gmt":"2023-05-15 22:54:11","post_content_filtered":"","post_parent":0,"guid":"https:\/\/www.claret.cat\/autor\/aurora-bertrana-2\/","menu_order":0,"post_type":"autor","post_mime_type":"","comment_count":"0","filter":"raw"}]},"aioseo_notices":[],"_links":{"self":[{"href":"https:\/\/www.claret.cat\/es\/wp-json\/wp\/v2\/product\/200611","targetHints":{"allow":["GET"]}}],"collection":[{"href":"https:\/\/www.claret.cat\/es\/wp-json\/wp\/v2\/product"}],"about":[{"href":"https:\/\/www.claret.cat\/es\/wp-json\/wp\/v2\/types\/product"}],"wp:featuredmedia":[{"embeddable":true,"href":"https:\/\/www.claret.cat\/es\/wp-json\/wp\/v2\/media\/200612"}],"wp:attachment":[{"href":"https:\/\/www.claret.cat\/es\/wp-json\/wp\/v2\/media?parent=200611"}],"wp:term":[{"taxonomy":"product_brand","embeddable":true,"href":"https:\/\/www.claret.cat\/es\/wp-json\/wp\/v2\/product_brand?post=200611"},{"taxonomy":"product_cat","embeddable":true,"href":"https:\/\/www.claret.cat\/es\/wp-json\/wp\/v2\/product_cat?post=200611"},{"taxonomy":"product_tag","embeddable":true,"href":"https:\/\/www.claret.cat\/es\/wp-json\/wp\/v2\/product_tag?post=200611"}],"curies":[{"name":"wp","href":"https:\/\/api.w.org\/{rel}","templated":true}]}}