{"id":200659,"date":"2022-10-20T09:03:07","date_gmt":"2022-10-20T07:03:07","guid":{"rendered":"http:\/\/dev.claret.cat\/producte\/50-maneras-de-salvar-tu-vida\/"},"modified":"2023-01-28T17:17:16","modified_gmt":"2023-01-28T16:17:16","slug":"50-maneras-de-salvar-tu-vida-9788416720040","status":"publish","type":"product","link":"https:\/\/www.claret.cat\/es\/libro\/50-maneras-de-salvar-tu-vida-9788416720040\/","title":{"rendered":"50 MANERAS DE SALVAR TU VIDA"},"content":{"rendered":"<p>Una obra que nos anima a aprovechar cada situaci\u00f3n y oportunidad que se nos brinda para encontrar paz, serenidad, felicidad, y plenitud.<br \/>A trav\u00e9s de meditaciones, Javier Salinas presenta un mapa de situaciones cotidianas que nos invitan a comprender el misterio de la Vida.<br \/>Incluye poemas y canciones para reconocer la belleza de la vida, as\u00ed como ejercicios inspirados en el mindfulness que transformar\u00e1n nuestro estado interior.<br \/>Vivir la vida en presente, haci\u00e9ndonos responsables de las decisiones que tomamos en cada instante. Crecer y mejorar a cada paso, escuchando los dictados del coraz\u00f3n, para tomar la ruta que lleva a la felicidad y a la plenitud. Ese es el punto de partida de &#8217;50 maneras de salvar tu vida&#8217;, el nuevo libro de Javier Salinas, el autor que nos cautiv\u00f3 con &#8216;Felicidad, manual de instrucciones&#8217;. <br \/>Con el tono cercano y fresco que lo caracteriza, Javier Salinas ofrece meditaciones que desatar\u00e1n nudos, transformar\u00e1n percepciones y suscitar\u00e1n revelaciones en cincuenta situaciones que todos afrontamos en el d\u00eda a d\u00eda, algunas complicadas (\u00abmeditaci\u00f3n para cuando te enfrentas a una ruptura sentimental\u00bb) y otras de la vida cotidiana (\u00abmeditaci\u00f3n para cuando est\u00e1s en un atasco\u00bb), todas reveladoras (\u00abmeditaci\u00f3n para cuando crees que t\u00fa eres perfecto y los dem\u00e1s hacen las cosas mal\u00bb). Un luminoso camino hacia la magia del presente de la mano de un autor tan intuitivo como compasivo.<\/p>\n","protected":false},"excerpt":{"rendered":"<p>SALINAS, JAVIER<\/p>\n","protected":false},"featured_media":200660,"template":"","meta":{"_acf_changed":false,"om_disable_all_campaigns":false,"rs_blank_template":"","rs_page_bg_color":"","slide_template_v7":"","inline_featured_image":false,"_monsterinsights_skip_tracking":false,"_monsterinsights_sitenote_active":false,"_monsterinsights_sitenote_note":"","_monsterinsights_sitenote_category":0},"product_brand":[],"product_cat":[81],"product_tag":[],"class_list":{"0":"post-200659","1":"product","2":"type-product","3":"status-publish","4":"has-post-thumbnail","6":"product_cat-psicologia","8":"first","9":"instock","10":"taxable","11":"shipping-taxable","12":"purchasable","13":"product-type-simple"},"acf":{"autor":"SALINAS, JAVIER","codart":"841672004","libros-coleccion":"Crecimiento personal","ediciones":"1","encuadernacion":"R\u00fastica","fecha_de_publicacion":"01\/10\/2017","novedad":"1","paginas":"121","subtitulo":"MINDFULNESS PARA LA VIDA COTIDIANA","orden":"0","portada":"0","idioma":"spa","editorial":[{"ID":148935,"post_author":"3","post_date":"2022-10-14 12:02:09","post_date_gmt":"2022-10-14 10:02:09","post_content":"","post_title":"Urano","post_excerpt":"","post_status":"publish","comment_status":"closed","ping_status":"closed","post_password":"","post_name":"urano","to_ping":"","pinged":"","post_modified":"2022-10-14 12:02:09","post_modified_gmt":"2022-10-14 10:02:09","post_content_filtered":"","post_parent":0,"guid":"http:\/\/dev.claret.cat\/editorial\/urano\/","menu_order":0,"post_type":"editorial","post_mime_type":"","comment_count":"0","filter":"raw"}]},"aioseo_notices":[],"_links":{"self":[{"href":"https:\/\/www.claret.cat\/es\/wp-json\/wp\/v2\/product\/200659","targetHints":{"allow":["GET"]}}],"collection":[{"href":"https:\/\/www.claret.cat\/es\/wp-json\/wp\/v2\/product"}],"about":[{"href":"https:\/\/www.claret.cat\/es\/wp-json\/wp\/v2\/types\/product"}],"wp:featuredmedia":[{"embeddable":true,"href":"https:\/\/www.claret.cat\/es\/wp-json\/wp\/v2\/media\/200660"}],"wp:attachment":[{"href":"https:\/\/www.claret.cat\/es\/wp-json\/wp\/v2\/media?parent=200659"}],"wp:term":[{"taxonomy":"product_brand","embeddable":true,"href":"https:\/\/www.claret.cat\/es\/wp-json\/wp\/v2\/product_brand?post=200659"},{"taxonomy":"product_cat","embeddable":true,"href":"https:\/\/www.claret.cat\/es\/wp-json\/wp\/v2\/product_cat?post=200659"},{"taxonomy":"product_tag","embeddable":true,"href":"https:\/\/www.claret.cat\/es\/wp-json\/wp\/v2\/product_tag?post=200659"}],"curies":[{"name":"wp","href":"https:\/\/api.w.org\/{rel}","templated":true}]}}