{"id":20071,"date":"2022-10-02T09:13:42","date_gmt":"2022-10-02T07:13:42","guid":{"rendered":"http:\/\/dev.claret.cat\/producte\/kala-i-els-elefants\/"},"modified":"2023-01-28T18:50:36","modified_gmt":"2023-01-28T17:50:36","slug":"kala-i-els-elefants-9788412376074","status":"publish","type":"product","link":"https:\/\/www.claret.cat\/es\/libro\/kala-i-els-elefants-9788412376074\/","title":{"rendered":"KALA I ELS ELEFANTS"},"content":{"rendered":"<p>La Kala empr\u00e8n un emocionant viatge per alliberar la mare elefant.<br \/>Una hist\u00f2ria sobre la tribu dels khasis, de la Terra de N\u00favols de l?\u00cdndia.Els ca\u00e7adors han capturat la mare de la cria d?elefant a la cascada i la Kala ho ha vist amb els seus ulls. Una nena, un gall de cresta blava, un tigre de Bengala i un jove elefant emprendran un arriscat viatge a trav\u00e9s de la Muntanya del N\u00favol Etern. Aconseguiran alliberar el gran animal? Una hist\u00f2ria sobre els khasis, una inspiradora tribu de l?\u00cdndia.<br \/>Les nenes que habiten la Terra s\u00f3n fortes, lluitadores i molt valentes. Elles s\u00f3n protagonistes d?aventures i realitzen importants accions: LES NENES CANVIEN EL MO&#769;N&nbsp;<\/p>\n","protected":false},"excerpt":{"rendered":"<p>ISERN, SUSANNA<\/p>\n","protected":false},"featured_media":275399,"template":"","meta":{"_acf_changed":false,"om_disable_all_campaigns":false,"rs_blank_template":"","rs_page_bg_color":"","slide_template_v7":"","inline_featured_image":false,"_monsterinsights_skip_tracking":false,"_monsterinsights_sitenote_active":false,"_monsterinsights_sitenote_note":"","_monsterinsights_sitenote_category":0},"product_brand":[],"product_cat":[90,540],"product_tag":[],"class_list":{"0":"post-20071","1":"product","2":"type-product","3":"status-publish","4":"has-post-thumbnail","6":"product_cat-altres","7":"product_cat-otros","9":"first","10":"instock","11":"taxable","12":"shipping-taxable","13":"purchasable","14":"product-type-simple"},"acf":{"autor":"ISERN, SUSANNA","codart":"841237607","libros-coleccion":"Les Nenes Canvien el M\u00f3n","ediciones":"1","encuadernacion":"Carton\u00e9","fecha_de_publicacion":"01\/11\/2021","novedad":"1","paginas":"45","subtitulo":"","orden":"0","portada":"0","idioma":"cat","editorial":[{"ID":148875,"post_author":"3","post_date":"2022-10-14 12:01:40","post_date_gmt":"2022-10-14 10:01:40","post_content":"","post_title":"Tierra de MU","post_excerpt":"","post_status":"publish","comment_status":"closed","ping_status":"closed","post_password":"","post_name":"tierra-de-mu","to_ping":"","pinged":"","post_modified":"2022-10-14 12:01:40","post_modified_gmt":"2022-10-14 10:01:40","post_content_filtered":"","post_parent":0,"guid":"http:\/\/dev.claret.cat\/editorial\/tierra-de-mu\/","menu_order":0,"post_type":"editorial","post_mime_type":"","comment_count":"0","filter":"raw"}],"autores-libros":[{"ID":169977,"post_author":"3","post_date":"2022-10-14 22:31:33","post_date_gmt":"2022-10-14 20:31:33","post_content":"","post_title":"SUSANNA ISERN","post_excerpt":"","post_status":"publish","comment_status":"closed","ping_status":"closed","post_password":"","post_name":"susanna-isern","to_ping":"","pinged":"","post_modified":"2022-10-14 22:31:33","post_modified_gmt":"2022-10-14 20:31:33","post_content_filtered":"","post_parent":0,"guid":"http:\/\/dev.claret.cat\/autor\/susanna-isern\/","menu_order":0,"post_type":"autor","post_mime_type":"","comment_count":"0","filter":"raw"}]},"aioseo_notices":[],"_links":{"self":[{"href":"https:\/\/www.claret.cat\/es\/wp-json\/wp\/v2\/product\/20071","targetHints":{"allow":["GET"]}}],"collection":[{"href":"https:\/\/www.claret.cat\/es\/wp-json\/wp\/v2\/product"}],"about":[{"href":"https:\/\/www.claret.cat\/es\/wp-json\/wp\/v2\/types\/product"}],"wp:featuredmedia":[{"embeddable":true,"href":"https:\/\/www.claret.cat\/es\/wp-json\/wp\/v2\/media\/275399"}],"wp:attachment":[{"href":"https:\/\/www.claret.cat\/es\/wp-json\/wp\/v2\/media?parent=20071"}],"wp:term":[{"taxonomy":"product_brand","embeddable":true,"href":"https:\/\/www.claret.cat\/es\/wp-json\/wp\/v2\/product_brand?post=20071"},{"taxonomy":"product_cat","embeddable":true,"href":"https:\/\/www.claret.cat\/es\/wp-json\/wp\/v2\/product_cat?post=20071"},{"taxonomy":"product_tag","embeddable":true,"href":"https:\/\/www.claret.cat\/es\/wp-json\/wp\/v2\/product_tag?post=20071"}],"curies":[{"name":"wp","href":"https:\/\/api.w.org\/{rel}","templated":true}]}}