{"id":200794,"date":"2022-10-20T09:05:22","date_gmt":"2022-10-20T07:05:22","guid":{"rendered":"http:\/\/dev.claret.cat\/producte\/narcis-monturiol-i-les-pedres-de-linfern\/"},"modified":"2023-01-28T14:35:23","modified_gmt":"2023-01-28T13:35:23","slug":"narcis-monturiol-i-les-pedres-de-linfern-9788494725869","status":"publish","type":"product","link":"https:\/\/www.claret.cat\/es\/libro\/narcis-monturiol-i-les-pedres-de-linfern-9788494725869\/","title":{"rendered":"NARC\u00cdS MONTURIOL I LES PEDRES DE L&#8217;INFERN"},"content":{"rendered":"<p>Des de fa un temps, els pescadors de Cadaqu\u00e9s no s\u2019atreveixen a sortir a mar. Una s\u00e8rie de desaparicions misterioses i els rumors sobre la pres\u00e8ncia d\u2019\u00e9ssers monstruosos, ha fet que el poble parli d\u2019actes de bruixeria. El senyor Monturiol, cient\u00edfic i utopista, no s\u2019ho acaba de creure, i, per intentar aclarir-ho, encap\u00e7alar\u00e0 una expedici\u00f3 a la zona on succeeixen aquests fen\u00f2mens inexplicables. Una novel\u00b7la gr\u00e0fica d\u2019aventures per a totes les edats, una hist\u00f2ria que far\u00e0 les del\u00edcies dels fans de personatges com Tint\u00edn, Ad\u00e8le Blanc-Sec o el mateix Indiana Jones, imaginat i realitzat pel t\u00e0ndem Sebasti\u00e0 Roig i Toni Benages, els intr\u00e8pids creadors de Les extraordin\u00e0ries aventures de Francesc Pujols. I en color!!!<\/p>\n","protected":false},"excerpt":{"rendered":"<p>TONI BENAGES Y SEBASTI\u00c0 ROIG<\/p>\n","protected":false},"featured_media":200795,"template":"","meta":{"_acf_changed":false,"om_disable_all_campaigns":false,"rs_blank_template":"","rs_page_bg_color":"","slide_template_v7":"","inline_featured_image":false,"_monsterinsights_skip_tracking":false,"_monsterinsights_sitenote_active":false,"_monsterinsights_sitenote_note":"","_monsterinsights_sitenote_category":0},"product_brand":[],"product_cat":[108],"product_tag":[],"class_list":{"0":"post-200794","1":"product","2":"type-product","3":"status-publish","4":"has-post-thumbnail","6":"product_cat-comic","8":"first","9":"instock","10":"taxable","11":"shipping-taxable","12":"purchasable","13":"product-type-simple"},"acf":{"autor":"TONI BENAGES Y SEBASTI\u00c0 ROIG","codart":"849472586","libros-coleccion":"FORA DE COL.LECCI\u00d3","ediciones":"1","encuadernacion":"Carton\u00e9","fecha_de_publicacion":"01\/10\/2017","novedad":"1","paginas":"64","subtitulo":"","orden":"0","portada":"0","idioma":"spa"},"aioseo_notices":[],"_links":{"self":[{"href":"https:\/\/www.claret.cat\/es\/wp-json\/wp\/v2\/product\/200794","targetHints":{"allow":["GET"]}}],"collection":[{"href":"https:\/\/www.claret.cat\/es\/wp-json\/wp\/v2\/product"}],"about":[{"href":"https:\/\/www.claret.cat\/es\/wp-json\/wp\/v2\/types\/product"}],"wp:featuredmedia":[{"embeddable":true,"href":"https:\/\/www.claret.cat\/es\/wp-json\/wp\/v2\/media\/200795"}],"wp:attachment":[{"href":"https:\/\/www.claret.cat\/es\/wp-json\/wp\/v2\/media?parent=200794"}],"wp:term":[{"taxonomy":"product_brand","embeddable":true,"href":"https:\/\/www.claret.cat\/es\/wp-json\/wp\/v2\/product_brand?post=200794"},{"taxonomy":"product_cat","embeddable":true,"href":"https:\/\/www.claret.cat\/es\/wp-json\/wp\/v2\/product_cat?post=200794"},{"taxonomy":"product_tag","embeddable":true,"href":"https:\/\/www.claret.cat\/es\/wp-json\/wp\/v2\/product_tag?post=200794"}],"curies":[{"name":"wp","href":"https:\/\/api.w.org\/{rel}","templated":true}]}}