{"id":200839,"date":"2022-10-20T09:06:06","date_gmt":"2022-10-20T07:06:06","guid":{"rendered":"http:\/\/dev.claret.cat\/producte\/lexperiencia-de-la-perdua\/"},"modified":"2025-06-26T10:32:57","modified_gmt":"2025-06-26T08:32:57","slug":"lexperiencia-de-la-perdua-9788494717413","status":"publish","type":"product","link":"https:\/\/www.claret.cat\/es\/libro\/lexperiencia-de-la-perdua-9788494717413\/","title":{"rendered":"L&#8217;EXPERI\u00c8NCIA DE LA P\u00c8RDUA"},"content":{"rendered":"<p>La mort ha estat uns dels grans temes de la filosofia occidental des dels seus inicis. En aquest assaig Joan-Carles M\u00e8lich tracta un tema universal, el de l&#8217;experi\u00e8ncia de perdre un \u00e9sser estimat, amb tot all\u00f2 que l&#8217;acompanya: el dol, el buit, l&#8217;enyor, la compassi\u00f3, el consol&#8230; I ho fa des del que ell anomena una filosofia liter\u00e0ria, la que passa d&#8217;una visi\u00f3 metaf\u00edsica del m\u00f3n a una visi\u00f3 liter\u00e0ria de la vida.<\/p>\n","protected":false},"excerpt":{"rendered":"<p>M\u00c8LICH, JOAN-CARLES<\/p>\n","protected":false},"featured_media":200840,"template":"","meta":{"_acf_changed":false,"om_disable_all_campaigns":false,"rs_blank_template":"","rs_page_bg_color":"","slide_template_v7":"","inline_featured_image":false,"_monsterinsights_skip_tracking":false,"_monsterinsights_sitenote_active":false,"_monsterinsights_sitenote_note":"","_monsterinsights_sitenote_category":0},"product_brand":[],"product_cat":[118,567],"product_tag":[],"class_list":{"0":"post-200839","1":"product","2":"type-product","3":"status-publish","4":"has-post-thumbnail","6":"product_cat-mort-i-dol","7":"product_cat-muerte-y-duelo","9":"first","10":"instock","11":"taxable","12":"shipping-taxable","13":"purchasable","14":"product-type-simple"},"acf":{"autor":"M\u00c8LICH, JOAN-CARLES","codart":"849471741","libros-coleccion":"","ediciones":"1","encuadernacion":"R\u00fastica","fecha_de_publicacion":"01\/10\/2017","novedad":"1","paginas":"92","subtitulo":"ASSAIG DE FILOSOFIA LITER\u00c0RIA","orden":"0","portada":"0","idioma":"cat","editorial":[{"ID":6125,"post_author":"3","post_date":"2022-07-28 17:45:25","post_date_gmt":"2022-07-28 15:45:25","post_content":"","post_title":"ARC\u00c0DIA","post_excerpt":"","post_status":"publish","comment_status":"closed","ping_status":"closed","post_password":"","post_name":"arcadia","to_ping":"","pinged":"","post_modified":"2022-07-28 17:45:25","post_modified_gmt":"2022-07-28 15:45:25","post_content_filtered":"","post_parent":0,"guid":"http:\/\/dev.claret.cat\/editorial\/arcadia\/","menu_order":0,"post_type":"editorial","post_mime_type":"","comment_count":"0","filter":"raw"}],"autores-libros":[{"ID":159462,"post_author":"3","post_date":"2022-10-14 15:45:02","post_date_gmt":"2022-10-14 13:45:02","post_content":"","post_title":"JOAN-CARLES M\u00c8LICH","post_excerpt":"","post_status":"publish","comment_status":"closed","ping_status":"closed","post_password":"","post_name":"joan-carles-melich","to_ping":"","pinged":"","post_modified":"2022-10-14 15:45:02","post_modified_gmt":"2022-10-14 13:45:02","post_content_filtered":"","post_parent":0,"guid":"http:\/\/dev.claret.cat\/autor\/joan-carles-melich\/","menu_order":0,"post_type":"autor","post_mime_type":"","comment_count":"0","filter":"raw"}],"booktrailer":"","resenas":""},"aioseo_notices":[],"_links":{"self":[{"href":"https:\/\/www.claret.cat\/es\/wp-json\/wp\/v2\/product\/200839","targetHints":{"allow":["GET"]}}],"collection":[{"href":"https:\/\/www.claret.cat\/es\/wp-json\/wp\/v2\/product"}],"about":[{"href":"https:\/\/www.claret.cat\/es\/wp-json\/wp\/v2\/types\/product"}],"wp:featuredmedia":[{"embeddable":true,"href":"https:\/\/www.claret.cat\/es\/wp-json\/wp\/v2\/media\/200840"}],"wp:attachment":[{"href":"https:\/\/www.claret.cat\/es\/wp-json\/wp\/v2\/media?parent=200839"}],"wp:term":[{"taxonomy":"product_brand","embeddable":true,"href":"https:\/\/www.claret.cat\/es\/wp-json\/wp\/v2\/product_brand?post=200839"},{"taxonomy":"product_cat","embeddable":true,"href":"https:\/\/www.claret.cat\/es\/wp-json\/wp\/v2\/product_cat?post=200839"},{"taxonomy":"product_tag","embeddable":true,"href":"https:\/\/www.claret.cat\/es\/wp-json\/wp\/v2\/product_tag?post=200839"}],"curies":[{"name":"wp","href":"https:\/\/api.w.org\/{rel}","templated":true}]}}