{"id":200974,"date":"2022-10-20T09:08:23","date_gmt":"2022-10-20T07:08:23","guid":{"rendered":"http:\/\/dev.claret.cat\/producte\/funcionan-las-vacunas\/"},"modified":"2026-03-04T19:53:39","modified_gmt":"2026-03-04T18:53:39","slug":"funcionan-las-vacunas-9788494666988","status":"publish","type":"product","link":"https:\/\/www.claret.cat\/es\/libro\/funcionan-las-vacunas-9788494666988\/","title":{"rendered":"\u00bfFUNCIONAN LAS VACUNAS?"},"content":{"rendered":"<p>Se dice que las vacunas salvan cada a\u00f1o millones de vidas humanas. Que han reducido significativamente la incidencia de muchas enfermedades infecciosas logrando que vivamos m\u00e1s y mejor. Y que la salud de otros depende de que t\u00fa te vacunes. A partir de la informaci\u00f3n aportada por Ignacio L\u00f3pez-Go\u00f1i y Oihana Iturbide, comprender\u00e1s qu\u00e9 son las vacunas y por qu\u00e9 sabemos que son seguras. Conocer\u00e1s sus efectos secundarios as\u00ed como sus beneficios y descubrir\u00e1s los argumentos con los que rebatir a sus detractores.<\/p>\n","protected":false},"excerpt":{"rendered":"<p>L\u00d3PEZ GO\u00d1I, IGNACIO \/ ITURBIDE ARANZADI, OIHANA<\/p>\n","protected":false},"featured_media":1088021,"template":"","meta":{"_acf_changed":false,"om_disable_all_campaigns":false,"rs_blank_template":"","rs_page_bg_color":"","slide_template_v7":"","inline_featured_image":false,"_monsterinsights_skip_tracking":false,"_monsterinsights_sitenote_active":false,"_monsterinsights_sitenote_note":"","_monsterinsights_sitenote_category":0},"product_brand":[],"product_cat":[547,97],"product_tag":[],"class_list":{"0":"post-200974","1":"product","2":"type-product","3":"status-publish","4":"has-post-thumbnail","6":"product_cat-salud","7":"product_cat-salut","9":"first","10":"outofstock","11":"taxable","12":"shipping-taxable","13":"purchasable","14":"product-type-simple"},"acf":{"autor":"L\u00d3PEZ GO\u00d1I, IGNACIO \/ ITURBIDE ARANZADI, OIHANA","codart":"849466698","libros-coleccion":"El Caf\u00e9 Cajal","ediciones":"1","encuadernacion":"R\u00fastica","fecha_de_publicacion":"01\/10\/2017","novedad":"0","paginas":"160","subtitulo":"","orden":"0","portada":"0","idioma":"spa","editorial":[{"ID":148572,"post_author":"3","post_date":"2022-10-14 11:59:17","post_date_gmt":"2022-10-14 09:59:17","post_content":"","post_title":"Next Door Publishers","post_excerpt":"","post_status":"publish","comment_status":"closed","ping_status":"closed","post_password":"","post_name":"next-door-publishers","to_ping":"","pinged":"","post_modified":"2022-10-14 11:59:17","post_modified_gmt":"2022-10-14 09:59:17","post_content_filtered":"","post_parent":0,"guid":"http:\/\/dev.claret.cat\/editorial\/next-door-publishers\/","menu_order":0,"post_type":"editorial","post_mime_type":"","comment_count":"0","filter":"raw"}],"booktrailer":"","resenas":"","autores-libros":[{"ID":423448,"post_author":"3","post_date":"2023-05-16 07:40:13","post_date_gmt":"2023-05-16 05:40:13","post_content":"","post_title":"IGNACIO L\u00d3PEZ GO\u00d1I","post_excerpt":"","post_status":"publish","comment_status":"closed","ping_status":"closed","post_password":"","post_name":"ignacio-lopez-goni-2","to_ping":"","pinged":"","post_modified":"2023-05-16 07:40:13","post_modified_gmt":"2023-05-16 05:40:13","post_content_filtered":"","post_parent":0,"guid":"https:\/\/www.claret.cat\/autor\/ignacio-lopez-goni-2\/","menu_order":0,"post_type":"autor","post_mime_type":"","comment_count":"0","filter":"raw"},{"ID":427188,"post_author":"3","post_date":"2023-05-16 09:00:54","post_date_gmt":"2023-05-16 07:00:54","post_content":"","post_title":"OIHANA ITURBIDE ARANZADI","post_excerpt":"","post_status":"publish","comment_status":"closed","ping_status":"closed","post_password":"","post_name":"oihana-iturbide-aranzadi","to_ping":"","pinged":"","post_modified":"2023-05-16 09:00:54","post_modified_gmt":"2023-05-16 07:00:54","post_content_filtered":"","post_parent":0,"guid":"https:\/\/www.claret.cat\/autor\/oihana-iturbide-aranzadi\/","menu_order":0,"post_type":"autor","post_mime_type":"","comment_count":"0","filter":"raw"}]},"aioseo_notices":[],"_links":{"self":[{"href":"https:\/\/www.claret.cat\/es\/wp-json\/wp\/v2\/product\/200974","targetHints":{"allow":["GET"]}}],"collection":[{"href":"https:\/\/www.claret.cat\/es\/wp-json\/wp\/v2\/product"}],"about":[{"href":"https:\/\/www.claret.cat\/es\/wp-json\/wp\/v2\/types\/product"}],"wp:featuredmedia":[{"embeddable":true,"href":"https:\/\/www.claret.cat\/es\/wp-json\/wp\/v2\/media\/1088021"}],"wp:attachment":[{"href":"https:\/\/www.claret.cat\/es\/wp-json\/wp\/v2\/media?parent=200974"}],"wp:term":[{"taxonomy":"product_brand","embeddable":true,"href":"https:\/\/www.claret.cat\/es\/wp-json\/wp\/v2\/product_brand?post=200974"},{"taxonomy":"product_cat","embeddable":true,"href":"https:\/\/www.claret.cat\/es\/wp-json\/wp\/v2\/product_cat?post=200974"},{"taxonomy":"product_tag","embeddable":true,"href":"https:\/\/www.claret.cat\/es\/wp-json\/wp\/v2\/product_tag?post=200974"}],"curies":[{"name":"wp","href":"https:\/\/api.w.org\/{rel}","templated":true}]}}