{"id":201001,"date":"2022-10-20T09:08:52","date_gmt":"2022-10-20T07:08:52","guid":{"rendered":"http:\/\/dev.claret.cat\/producte\/vestida-de-blanco-bajo-sospecha-3\/"},"modified":"2023-01-28T23:20:51","modified_gmt":"2023-01-28T22:20:51","slug":"vestida-de-blanco-bajo-sospecha-3-9788466341882","status":"publish","type":"product","link":"https:\/\/www.claret.cat\/es\/libro\/vestida-de-blanco-bajo-sospecha-3-9788466341882\/","title":{"rendered":"VESTIDA DE BLANCO (BAJO SOSPECHA 3)"},"content":{"rendered":"<p>Tercer libro de la serie \u00abBajo sospecha\u00bb.  Vestida de blanco es la tercera novela sobre el programa de televisi\u00f3n de Laurie Moran. El reality que trata de desvelar los  misterios sobre casos sin resolver se centrar\u00e1 esta vez en la desaparici\u00f3n de una novia el d\u00eda de su boda. Hace cinco a\u00f1os, en el d\u00eda en que iba a contraer matrimonio con su novio  de la universidad, mientras familiares y amigos aguardaban expectantes en sus asientos, Amanda Pierce se esfum\u00f3 sin dejar rastro. En la actualidad, la productora Laurie Moran se da cuenta de que una  novia desaparecida es el caso abierto perfecto para su programa televisivo sobre sucesos policiales sin resolver Bajo sospecha.  Ella y su equipo salen de viaje hacia Florida para recrear aquella noche  de hace cinco a\u00f1os con los asistentes originales. Con una hermana celosa, un padrino de bodas playboy, el antiguo prometido de  Amanda casado ahora con una de las damas de honor y oscuros rumores alrededor de la novia, Laurie y el presentador de Bajo sospecha  Alex Buckley pronto descubren que todo el mundo tiene su teor\u00eda sobre por qu\u00e9 Amanda se desvaneci\u00f3 ese d\u00eda. Una cosa es cierta: quienquiera que estuviera detr\u00e1s de la desaparici\u00f3n,  intentar\u00e1 que la verdad permanezca oculta \u00abhasta que la muerte los separe\u00bb&#8230; Rese\u00f1as:<br \/>\u00abUn libro que dejar\u00e1 al lector sediento de m\u00e1s.\u00bb<br \/>Kirkus Reviews \u00abUna mezcla explosiva de drama familiar, secretos, rivalidades, dinero y  decepci\u00f3n. Para todos aquellos que amen las buenas historias de misterio, es la lectura perfecta en una noche fr\u00eda.\u00bb<br \/>Richmond Times Dispatch<\/p>\n","protected":false},"excerpt":{"rendered":"<p>HIGGINS CLARK, MARY \/ BURKE, ALAFAIR<\/p>\n","protected":false},"featured_media":201002,"template":"","meta":{"_acf_changed":false,"om_disable_all_campaigns":false,"rs_blank_template":"","rs_page_bg_color":"","slide_template_v7":"","inline_featured_image":false,"_monsterinsights_skip_tracking":false,"_monsterinsights_sitenote_active":false,"_monsterinsights_sitenote_note":"","_monsterinsights_sitenote_category":0},"product_brand":[],"product_cat":[16],"product_tag":[],"class_list":{"0":"post-201001","1":"product","2":"type-product","3":"status-publish","4":"has-post-thumbnail","6":"product_cat-sense-categoria","8":"first","9":"instock","10":"taxable","11":"shipping-taxable","12":"purchasable","13":"product-type-simple"},"acf":{"autor":"HIGGINS CLARK, MARY \/ BURKE, ALAFAIR","codart":"846634188","libros-coleccion":"Bajo sospecha","ediciones":"1","encuadernacion":"R\u00fastica","fecha_de_publicacion":"01\/10\/2017","novedad":"1","paginas":"304","subtitulo":"","orden":"0","portada":"0","idioma":"spa","editorial":[{"ID":6178,"post_author":"3","post_date":"2022-07-28 17:46:34","post_date_gmt":"2022-07-28 15:46:34","post_content":"","post_title":"DEBOLSILLO","post_excerpt":"","post_status":"publish","comment_status":"closed","ping_status":"closed","post_password":"","post_name":"debolsillo","to_ping":"","pinged":"","post_modified":"2022-07-28 17:46:34","post_modified_gmt":"2022-07-28 15:46:34","post_content_filtered":"","post_parent":0,"guid":"http:\/\/dev.claret.cat\/editorial\/debolsillo\/","menu_order":0,"post_type":"editorial","post_mime_type":"","comment_count":"0","filter":"raw"}],"autores-libros":[{"ID":149330,"post_author":"3","post_date":"2022-10-14 14:24:00","post_date_gmt":"2022-10-14 12:24:00","post_content":"","post_title":"ALAFAIR BURKE","post_excerpt":"","post_status":"publish","comment_status":"closed","ping_status":"closed","post_password":"","post_name":"alafair-burke","to_ping":"","pinged":"","post_modified":"2022-10-14 14:24:00","post_modified_gmt":"2022-10-14 12:24:00","post_content_filtered":"","post_parent":0,"guid":"http:\/\/dev.claret.cat\/autor\/alafair-burke\/","menu_order":0,"post_type":"autor","post_mime_type":"","comment_count":"0","filter":"raw"},{"ID":164361,"post_author":"3","post_date":"2022-10-14 17:46:27","post_date_gmt":"2022-10-14 15:46:27","post_content":"","post_title":"MARY HIGGINS CLARK","post_excerpt":"","post_status":"publish","comment_status":"closed","ping_status":"closed","post_password":"","post_name":"mary-higgins-clark","to_ping":"","pinged":"","post_modified":"2022-10-14 17:46:27","post_modified_gmt":"2022-10-14 15:46:27","post_content_filtered":"","post_parent":0,"guid":"http:\/\/dev.claret.cat\/autor\/mary-higgins-clark\/","menu_order":0,"post_type":"autor","post_mime_type":"","comment_count":"0","filter":"raw"}]},"aioseo_notices":[],"_links":{"self":[{"href":"https:\/\/www.claret.cat\/es\/wp-json\/wp\/v2\/product\/201001","targetHints":{"allow":["GET"]}}],"collection":[{"href":"https:\/\/www.claret.cat\/es\/wp-json\/wp\/v2\/product"}],"about":[{"href":"https:\/\/www.claret.cat\/es\/wp-json\/wp\/v2\/types\/product"}],"wp:featuredmedia":[{"embeddable":true,"href":"https:\/\/www.claret.cat\/es\/wp-json\/wp\/v2\/media\/201002"}],"wp:attachment":[{"href":"https:\/\/www.claret.cat\/es\/wp-json\/wp\/v2\/media?parent=201001"}],"wp:term":[{"taxonomy":"product_brand","embeddable":true,"href":"https:\/\/www.claret.cat\/es\/wp-json\/wp\/v2\/product_brand?post=201001"},{"taxonomy":"product_cat","embeddable":true,"href":"https:\/\/www.claret.cat\/es\/wp-json\/wp\/v2\/product_cat?post=201001"},{"taxonomy":"product_tag","embeddable":true,"href":"https:\/\/www.claret.cat\/es\/wp-json\/wp\/v2\/product_tag?post=201001"}],"curies":[{"name":"wp","href":"https:\/\/api.w.org\/{rel}","templated":true}]}}