{"id":201004,"date":"2022-10-20T09:08:55","date_gmt":"2022-10-20T07:08:55","guid":{"rendered":"http:\/\/dev.claret.cat\/producte\/el-nombre-del-viento-cronica-del-asesino-de-reyes-1\/"},"modified":"2023-01-28T11:10:07","modified_gmt":"2023-01-28T10:10:07","slug":"el-nombre-del-viento-cronica-del-asesino-de-reyes-1-9788466344579","status":"publish","type":"product","link":"https:\/\/www.claret.cat\/es\/libro\/el-nombre-del-viento-cronica-del-asesino-de-reyes-1-9788466344579\/","title":{"rendered":"EL NOMBRE DEL VIENTO (CR\u00d3NICA DEL ASESINO DE REYES 1)"},"content":{"rendered":"<p>At\u00edpica, profunda y sincera, El nombre del viento  es una novela de aventuras, de historias dentro de otras historias, de misterio, de amistad, de amor, de magia y de superaci\u00f3n. La novela que ha consagrado a Patrick Rothfuss como fen\u00f3meno editorial de los \u00faltimos a\u00f1os.En una posada en tierra de nadie, un hombre se dispone a relatar, por  primera vez, la aut\u00e9ntica historia de su vida. Una historia que  \u00fanicamente \u00e9l conoce y que ha quedado diluida tras los rumores, las  conjeturas y los cuentos de taberna que le han convertido en un  personaje legendario a quien todos daban ya por muerto: Kvothe m\u00fasico, mendigo, ladr\u00f3n, estudiante, mago, h\u00e9roe y asesino. Ahora va a revelar la verdad sobre s\u00ed mismo. Y para ello debe empezar por el principio: su infancia en una troupe de artistas itinerantes, los  a\u00f1os malviviendo como un ladronzuelo en las calles de una gran ciudad y su llegada a una universidad donde esperaba encontrar todas las respuestas que hab\u00eda estado buscando.\u00abViaj\u00e9, am\u00e9, perd\u00ed, confi\u00e9 y me traicionaron.\u00bb \u00abHe robado princesas a reyes ag\u00f3nicos. Incendi\u00e9 la ciudad de Trebon.  He pasado la noche con Felurian y he despertado vivo y cuerdo. Me expulsaron de la Universidad a una edad a la que a la mayor\u00eda todav\u00eda no los dejan entrar. He recorrido de noche caminos de los que otros no se  atreven a hablar ni siquiera de d\u00eda. He hablado con dioses, he amado a  mujeres y he escrito canciones que hacen llorar a los bardos.\u00bbMe llamo Kvothe. Quiz\u00e1 hayas o\u00eddo hablar de m\u00ed.\u00bb La cr\u00edtica ha dicho&#8230;<br \/> \u00abUna estupenda y fuera de lo com\u00fan novela de aventuras fant\u00e1sticas.\u00bb<br \/> Justo Navarro, El Pa\u00eds \u00abSin duda El nombre del viento se convertir\u00e1 en un cl\u00e1sico.\u00bb<br \/>The Times \u00abUn libro para quien conoce el m\u00e1gico poder de las palabras.\u00bb <br \/>Ricard Ruiz Garz\u00f3n, El Peri\u00f3dico de Catalunya \u00abUna aventura ins\u00f3lita y preciosa. Puntuaci\u00f3n: Sobresaliente.\u00bb <br \/>Manu Gonz\u00e1lez, Qu\u00e9 Leer \u00abNo sucede a menudo, pero El nombre del viento de Patrick Rothfuss s\u00ed es tan bueno como dicen las rese\u00f1as.\u00bb<br \/>Locus\u00abLlena de m\u00fasica, magia, amor y p\u00e9rdida, el absorbente y vivo debut de Patrick Rothfuss nos ha deslumbrado.\u00bb<br \/>Amazon.com\u00abA veces, con suerte y unas cuantas recomendaciones de buenos amigos, se  vuelve a descubrir otro para\u00edso en el que quedarse, un par de semanas, unos cuantos d\u00edas. Y eso es justo lo que me ha pasado con  El nombre del viento.\u00bb<br \/>Toni Rodero, La Voz de Avil\u00e9s<\/p>\n","protected":false},"excerpt":{"rendered":"<p>PATRICK ROTHFUSS<\/p>\n","protected":false},"featured_media":201005,"template":"","meta":{"_acf_changed":false,"om_disable_all_campaigns":false,"rs_blank_template":"","rs_page_bg_color":"","slide_template_v7":"","inline_featured_image":false,"_monsterinsights_skip_tracking":false,"_monsterinsights_sitenote_active":false,"_monsterinsights_sitenote_note":"","_monsterinsights_sitenote_category":0},"product_brand":[],"product_cat":[87],"product_tag":[],"class_list":{"0":"post-201004","1":"product","2":"type-product","3":"status-publish","4":"has-post-thumbnail","6":"product_cat-literatura","8":"first","9":"instock","10":"taxable","11":"shipping-taxable","12":"purchasable","13":"product-type-simple"},"acf":{"autor":"PATRICK ROTHFUSS","codart":"846634457","libros-coleccion":"FORA DE COL.LECCI\u00d3","ediciones":"1","encuadernacion":"Carton\u00e9","fecha_de_publicacion":"01\/10\/2017","novedad":"1","paginas":"877","subtitulo":"","orden":"0","portada":"0","idioma":"spa","editorial":[{"ID":6178,"post_author":"3","post_date":"2022-07-28 17:46:34","post_date_gmt":"2022-07-28 15:46:34","post_content":"","post_title":"DEBOLSILLO","post_excerpt":"","post_status":"publish","comment_status":"closed","ping_status":"closed","post_password":"","post_name":"debolsillo","to_ping":"","pinged":"","post_modified":"2022-07-28 17:46:34","post_modified_gmt":"2022-07-28 15:46:34","post_content_filtered":"","post_parent":0,"guid":"http:\/\/dev.claret.cat\/editorial\/debolsillo\/","menu_order":0,"post_type":"editorial","post_mime_type":"","comment_count":"0","filter":"raw"}]},"aioseo_notices":[],"_links":{"self":[{"href":"https:\/\/www.claret.cat\/es\/wp-json\/wp\/v2\/product\/201004","targetHints":{"allow":["GET"]}}],"collection":[{"href":"https:\/\/www.claret.cat\/es\/wp-json\/wp\/v2\/product"}],"about":[{"href":"https:\/\/www.claret.cat\/es\/wp-json\/wp\/v2\/types\/product"}],"wp:featuredmedia":[{"embeddable":true,"href":"https:\/\/www.claret.cat\/es\/wp-json\/wp\/v2\/media\/201005"}],"wp:attachment":[{"href":"https:\/\/www.claret.cat\/es\/wp-json\/wp\/v2\/media?parent=201004"}],"wp:term":[{"taxonomy":"product_brand","embeddable":true,"href":"https:\/\/www.claret.cat\/es\/wp-json\/wp\/v2\/product_brand?post=201004"},{"taxonomy":"product_cat","embeddable":true,"href":"https:\/\/www.claret.cat\/es\/wp-json\/wp\/v2\/product_cat?post=201004"},{"taxonomy":"product_tag","embeddable":true,"href":"https:\/\/www.claret.cat\/es\/wp-json\/wp\/v2\/product_tag?post=201004"}],"curies":[{"name":"wp","href":"https:\/\/api.w.org\/{rel}","templated":true}]}}