{"id":20101,"date":"2022-10-02T09:14:01","date_gmt":"2022-10-02T07:14:01","guid":{"rendered":"http:\/\/dev.claret.cat\/producte\/desenlace-en-stalingrado-operacion-urano\/"},"modified":"2023-10-06T09:21:24","modified_gmt":"2023-10-06T07:21:24","slug":"desenlace-en-stalingrado-operacion-urano-9788412381733","status":"publish","type":"product","link":"https:\/\/www.claret.cat\/es\/libro\/desenlace-en-stalingrado-operacion-urano-9788412381733\/","title":{"rendered":"DESENLACE EN STALINGRADO. OPERACI\u00d3N URANO"},"content":{"rendered":"<p>Tercer volumen de la monumental obra de David M. Glantz sobre la que, probablemente, fue la batalla m\u00e1s decisiva de la Segunda Guerra Mundial: Stalingrado. El \u00e9pico choque que marc\u00f3 el fracaso de Alemania en el frente oriental estaba entrando en su sombr\u00eda fase final. Tras A las puertas de Stalingrado, que terminaba con el Sexto Ej\u00e9rcito ya desviado de su objetivo original, los campos petrol\u00edferos del C\u00e1ucaso, y Armaged\u00f3n en Stalingrado, en el que se vio arrastrado a una infinita guerra de desgaste dentro de una ciudad devastada, ahora veremos cu\u00e1les fueron las consecuencias de tensar al l\u00edmite sus fuerzas. Tras tantear y errar sucesivas veces para encontrar las debilidades en las defensas del Eje, la Stavka, el alto mando del Ej\u00e9rcito Rojo, cada vez m\u00e1s sofisticado, pudo aprovechar sus ingentes recursos humanos para, a mediados de noviembre de 1942, lanzar una audaz y devastadora contraofensiva, la Operaci\u00f3n Urano. En Desenlace en Stalingrado (I) Operaci\u00f3n Urano, Glantz hace un detallado y v\u00edvido relato sobre c\u00f3mo los tres frentes del Ej\u00e9rcito Rojo derrotaron y destruyeron a dos ej\u00e9rcitos rumanos y rodearon al Sexto Ej\u00e9rcito alem\u00e1n y a la mitad del Cuarto Ej\u00e9rcito Panzer en la bolsa de Stalingrado en una tit\u00e1nica operaci\u00f3n que dinamitar\u00eda la estrategia de guerra alemana y supondr\u00eda un punto de inflexi\u00f3n fundamental en el desarrollo de la Segunda Guerra Mundial en el frente del este. Como en los vol\u00famenes anteriores, en Desenlace en Stalingrado (I) Operaci\u00f3n Urano el autor usa fuentes antes vetadas o que se presum\u00edan perdidas, como informes del diario de combate del Sexto Ej\u00e9rcito y registros sovi\u00e9ticos recientemente publicados. Materiales que ayudan a argumentar una interpretaci\u00f3n sorprendentemente nueva de la planificaci\u00f3n y ejecuci\u00f3n de esta crucial campa\u00f1a por ambos bandos, en el que, y aqu\u00ed no es un adjetivo balad\u00ed, es el relato definitivo sobre Stalingrado.<\/p>\n","protected":false},"excerpt":{"rendered":"<p>GLANTZ, DAVID M. \/ HOUSE, JONATHAN M.<\/p>\n","protected":false},"featured_media":53979,"template":"","meta":{"_acf_changed":false,"om_disable_all_campaigns":false,"rs_blank_template":"","rs_page_bg_color":"","slide_template_v7":"","inline_featured_image":false,"_monsterinsights_skip_tracking":false,"_monsterinsights_sitenote_active":false,"_monsterinsights_sitenote_note":"","_monsterinsights_sitenote_category":0},"product_brand":[],"product_cat":[368],"product_tag":[],"class_list":{"0":"post-20101","1":"product","2":"type-product","3":"status-publish","4":"has-post-thumbnail","6":"product_cat-contemporanea","8":"first","9":"instock","10":"taxable","11":"shipping-taxable","12":"purchasable","13":"product-type-simple"},"acf":{"autor":"GLANTZ, DAVID M. \/ HOUSE, JONATHAN M.","codart":"841238173","libros-coleccion":"FORA DE COL.LECCI\u00d3","ediciones":"1","encuadernacion":"R\u00fastica","fecha_de_publicacion":"01\/05\/2022","novedad":"1","paginas":"654","subtitulo":"","orden":"0","portada":"0","idioma":"spa","editorial":[{"ID":6180,"post_author":"3","post_date":"2022-07-28 17:46:37","post_date_gmt":"2022-07-28 15:46:37","post_content":"","post_title":"Desperta Ferro Ediciones","post_excerpt":"","post_status":"publish","comment_status":"closed","ping_status":"closed","post_password":"","post_name":"desperta-ferro-ediciones","to_ping":"","pinged":"","post_modified":"2022-07-28 17:46:37","post_modified_gmt":"2022-07-28 15:46:37","post_content_filtered":"","post_parent":0,"guid":"http:\/\/dev.claret.cat\/editorial\/desperta-ferro-ediciones\/","menu_order":0,"post_type":"editorial","post_mime_type":"","comment_count":"0","filter":"raw"}],"autores-libros":[{"ID":153876,"post_author":"3","post_date":"2022-10-14 15:00:15","post_date_gmt":"2022-10-14 13:00:15","post_content":"","post_title":"DAVID M. GLANTZ","post_excerpt":"","post_status":"publish","comment_status":"closed","ping_status":"closed","post_password":"","post_name":"david-m-glantz","to_ping":"","pinged":"","post_modified":"2022-10-14 15:00:15","post_modified_gmt":"2022-10-14 13:00:15","post_content_filtered":"","post_parent":0,"guid":"http:\/\/dev.claret.cat\/autor\/david-m-glantz\/","menu_order":0,"post_type":"autor","post_mime_type":"","comment_count":"0","filter":"raw"},{"ID":159772,"post_author":"3","post_date":"2022-10-14 15:47:36","post_date_gmt":"2022-10-14 13:47:36","post_content":"","post_title":"JONATHAN M. HOUSE","post_excerpt":"","post_status":"publish","comment_status":"closed","ping_status":"closed","post_password":"","post_name":"jonathan-m-house","to_ping":"","pinged":"","post_modified":"2022-10-14 15:47:36","post_modified_gmt":"2022-10-14 13:47:36","post_content_filtered":"","post_parent":0,"guid":"http:\/\/dev.claret.cat\/autor\/jonathan-m-house\/","menu_order":0,"post_type":"autor","post_mime_type":"","comment_count":"0","filter":"raw"}]},"aioseo_notices":[],"_links":{"self":[{"href":"https:\/\/www.claret.cat\/es\/wp-json\/wp\/v2\/product\/20101","targetHints":{"allow":["GET"]}}],"collection":[{"href":"https:\/\/www.claret.cat\/es\/wp-json\/wp\/v2\/product"}],"about":[{"href":"https:\/\/www.claret.cat\/es\/wp-json\/wp\/v2\/types\/product"}],"wp:featuredmedia":[{"embeddable":true,"href":"https:\/\/www.claret.cat\/es\/wp-json\/wp\/v2\/media\/53979"}],"wp:attachment":[{"href":"https:\/\/www.claret.cat\/es\/wp-json\/wp\/v2\/media?parent=20101"}],"wp:term":[{"taxonomy":"product_brand","embeddable":true,"href":"https:\/\/www.claret.cat\/es\/wp-json\/wp\/v2\/product_brand?post=20101"},{"taxonomy":"product_cat","embeddable":true,"href":"https:\/\/www.claret.cat\/es\/wp-json\/wp\/v2\/product_cat?post=20101"},{"taxonomy":"product_tag","embeddable":true,"href":"https:\/\/www.claret.cat\/es\/wp-json\/wp\/v2\/product_tag?post=20101"}],"curies":[{"name":"wp","href":"https:\/\/api.w.org\/{rel}","templated":true}]}}