{"id":201022,"date":"2022-10-20T09:09:14","date_gmt":"2022-10-20T07:09:14","guid":{"rendered":"http:\/\/dev.claret.cat\/producte\/50-itineraris-de-cicloturisme-tranquil-per-catalunya\/"},"modified":"2023-01-28T13:40:45","modified_gmt":"2023-01-28T12:40:45","slug":"50-itineraris-de-cicloturisme-tranquil-per-catalunya-9788490346532","status":"publish","type":"product","link":"https:\/\/www.claret.cat\/es\/libro\/50-itineraris-de-cicloturisme-tranquil-per-catalunya-9788490346532\/","title":{"rendered":"50 ITINERARIS DE CICLOTURISME TRANQUIL PER CATALUNYA"},"content":{"rendered":"<p>En aquests 50 itineraris de cicloturisme tranquil per Catalunya hi trobareu circuits ciclistes on el paisatge, la descoberta i el patrimoni s\u00f3n els protagonistes, de manera que eviten les grans dificultats f\u00edsiques i el cicloturisme esportiu. Cada ruta est\u00e0 pensada a partir de la idea de descobrir i cartografiar un territori amb suau cop de pedal, i posar-lo en valor hist\u00f2ric, paisatg\u00edstic, social i cultural. En concret, s\u00f3n itineraris per vint-i-vuit comarques de tot el pa\u00eds, del litoral a l&#8221;Aran i del Segri\u00e0 a l&#8221;Empord\u00e0. A m\u00e9s, sempre que es pot, s&#8221;hi combina la bicicleta i el transport p\u00fablic, una mescla id\u00f2nia per fomentar el turisme sostenible.  L&#8221;autor va publicar, l&#8221;any 2013, Cicloturisme tranquil per Catalunya. Ara, a 50 itineraris de cicloturisme tranquil per Catalunya, proposa 50 rutes completament noves per fer tranquil\u00b7lament en bicicleta.<\/p>\n","protected":false},"excerpt":{"rendered":"<p>VALLBONA I SALLENT, RAFAEL<\/p>\n","protected":false},"featured_media":320397,"template":"","meta":{"_acf_changed":false,"om_disable_all_campaigns":false,"rs_blank_template":"","rs_page_bg_color":"","slide_template_v7":"","inline_featured_image":false,"_monsterinsights_skip_tracking":false,"_monsterinsights_sitenote_active":false,"_monsterinsights_sitenote_note":"","_monsterinsights_sitenote_category":0},"product_brand":[],"product_cat":[557,107],"product_tag":[],"class_list":{"0":"post-201022","1":"product","2":"type-product","3":"status-publish","4":"has-post-thumbnail","6":"product_cat-guias-de-viaje","7":"product_cat-guies-de-viatge","9":"first","10":"instock","11":"taxable","12":"shipping-taxable","13":"purchasable","14":"product-type-simple"},"acf":{"autor":"VALLBONA I SALLENT, RAFAEL","codart":"849034653","libros-coleccion":"FORA DE COL.LECCI\u00d3","ediciones":"1","encuadernacion":"R\u00fastica","fecha_de_publicacion":"01\/10\/2017","novedad":"1","paginas":"202","subtitulo":"","orden":"0","portada":"0","idioma":"cat","editorial":[{"ID":6171,"post_author":"3","post_date":"2022-07-28 17:46:25","post_date_gmt":"2022-07-28 15:46:25","post_content":"","post_title":"COSSETANIA EDICIONS","post_excerpt":"","post_status":"publish","comment_status":"closed","ping_status":"closed","post_password":"","post_name":"cossetania-edicions","to_ping":"","pinged":"","post_modified":"2022-07-28 17:46:25","post_modified_gmt":"2022-07-28 15:46:25","post_content_filtered":"","post_parent":0,"guid":"http:\/\/dev.claret.cat\/editorial\/cossetania-edicions\/","menu_order":0,"post_type":"editorial","post_mime_type":"","comment_count":"0","filter":"raw"}],"autores-libros":[{"ID":167623,"post_author":"3","post_date":"2022-10-14 18:12:41","post_date_gmt":"2022-10-14 16:12:41","post_content":"","post_title":"RAFAEL VALLBONA I SALLENT","post_excerpt":"","post_status":"publish","comment_status":"closed","ping_status":"closed","post_password":"","post_name":"rafael-vallbona-i-sallent","to_ping":"","pinged":"","post_modified":"2022-10-14 18:12:41","post_modified_gmt":"2022-10-14 16:12:41","post_content_filtered":"","post_parent":0,"guid":"http:\/\/dev.claret.cat\/autor\/rafael-vallbona-i-sallent\/","menu_order":0,"post_type":"autor","post_mime_type":"","comment_count":"0","filter":"raw"}]},"aioseo_notices":[],"_links":{"self":[{"href":"https:\/\/www.claret.cat\/es\/wp-json\/wp\/v2\/product\/201022","targetHints":{"allow":["GET"]}}],"collection":[{"href":"https:\/\/www.claret.cat\/es\/wp-json\/wp\/v2\/product"}],"about":[{"href":"https:\/\/www.claret.cat\/es\/wp-json\/wp\/v2\/types\/product"}],"wp:featuredmedia":[{"embeddable":true,"href":"https:\/\/www.claret.cat\/es\/wp-json\/wp\/v2\/media\/320397"}],"wp:attachment":[{"href":"https:\/\/www.claret.cat\/es\/wp-json\/wp\/v2\/media?parent=201022"}],"wp:term":[{"taxonomy":"product_brand","embeddable":true,"href":"https:\/\/www.claret.cat\/es\/wp-json\/wp\/v2\/product_brand?post=201022"},{"taxonomy":"product_cat","embeddable":true,"href":"https:\/\/www.claret.cat\/es\/wp-json\/wp\/v2\/product_cat?post=201022"},{"taxonomy":"product_tag","embeddable":true,"href":"https:\/\/www.claret.cat\/es\/wp-json\/wp\/v2\/product_tag?post=201022"}],"curies":[{"name":"wp","href":"https:\/\/api.w.org\/{rel}","templated":true}]}}