{"id":201031,"date":"2022-10-20T09:09:23","date_gmt":"2022-10-20T07:09:23","guid":{"rendered":"http:\/\/dev.claret.cat\/producte\/cerveses-artesanes-de-catalunya\/"},"modified":"2023-01-28T15:06:53","modified_gmt":"2023-01-28T14:06:53","slug":"cerveses-artesanes-de-catalunya-9788490346440","status":"publish","type":"product","link":"https:\/\/www.claret.cat\/es\/libro\/cerveses-artesanes-de-catalunya-9788490346440\/","title":{"rendered":"CERVESES ARTESANES DE CATALUNYA"},"content":{"rendered":"<p>El llibre que teniu a les mans us permet fer un viatge amb els cinc sentits al m\u00f3n de la cervesa artesana catalana, tota una poesia l\u00edquida per als autors. Coneixereu els estils diferents que s&#8221;elaboren a casa nostra, ja siguin de la fam\u00edlia de les rosses, morenes, negres, torrades, p\u00e8l-roges o \u00e0cides, aix\u00ed com les principals microcerveseries que hi ha al territori. Descobrireu qu\u00e8 s&#8221;amaga rere cada ampolla de cervesa, amb una proposta de tast b\u00e0sica, notes sobre el maridatge, la seva hist\u00f2ria i les caracter\u00edstiques m\u00e9s t\u00e8cniques com el preu, les addicions o la graduaci\u00f3, amb espai tamb\u00e9 per a les cerveses sense gluten. Embarqueu-vos en aquest recorregut intens i saboros\u00edssim per les 60 millors cerveses artesanes de Catalunya.<\/p>\n","protected":false},"excerpt":{"rendered":"<p>NICOLAU VILLELLAS, CRISTINA \/ P\u00c9REZ GONZ\u00c1LEZ, ROBERTO<\/p>\n","protected":false},"featured_media":320382,"template":"","meta":{"_acf_changed":false,"om_disable_all_campaigns":false,"rs_blank_template":"","rs_page_bg_color":"","slide_template_v7":"","inline_featured_image":false,"_monsterinsights_skip_tracking":false,"_monsterinsights_sitenote_active":false,"_monsterinsights_sitenote_note":"","_monsterinsights_sitenote_category":0},"product_brand":[],"product_cat":[553,103],"product_tag":[],"class_list":{"0":"post-201031","1":"product","2":"type-product","3":"status-publish","4":"has-post-thumbnail","6":"product_cat-cocina","7":"product_cat-cuina","9":"first","10":"instock","11":"taxable","12":"shipping-taxable","13":"purchasable","14":"product-type-simple"},"acf":{"autor":"NICOLAU VILLELLAS, CRISTINA \/ P\u00c9REZ GONZ\u00c1LEZ, ROBERTO","codart":"849034644","libros-coleccion":"SUSHI BOOKS","ediciones":"1","encuadernacion":"R\u00fastica","fecha_de_publicacion":"01\/10\/2017","novedad":"1","paginas":"160","subtitulo":"LES 60 MILLORS","orden":"0","portada":"0","idioma":"cat","editorial":[{"ID":6171,"post_author":"3","post_date":"2022-07-28 17:46:25","post_date_gmt":"2022-07-28 15:46:25","post_content":"","post_title":"COSSETANIA EDICIONS","post_excerpt":"","post_status":"publish","comment_status":"closed","ping_status":"closed","post_password":"","post_name":"cossetania-edicions","to_ping":"","pinged":"","post_modified":"2022-07-28 17:46:25","post_modified_gmt":"2022-07-28 15:46:25","post_content_filtered":"","post_parent":0,"guid":"http:\/\/dev.claret.cat\/editorial\/cossetania-edicions\/","menu_order":0,"post_type":"editorial","post_mime_type":"","comment_count":"0","filter":"raw"}],"autores-libros":[{"ID":320380,"post_author":"3","post_date":"2023-01-03 00:16:53","post_date_gmt":"2023-01-02 23:16:53","post_content":"","post_title":"CRISTINA NICOLAU VILLELLAS","post_excerpt":"","post_status":"publish","comment_status":"closed","ping_status":"closed","post_password":"","post_name":"cristina-nicolau-villellas","to_ping":"","pinged":"","post_modified":"2023-01-03 00:16:53","post_modified_gmt":"2023-01-02 23:16:53","post_content_filtered":"","post_parent":0,"guid":"https:\/\/www.claret.cat\/autor\/cristina-nicolau-villellas\/","menu_order":0,"post_type":"autor","post_mime_type":"","comment_count":"0","filter":"raw"},{"ID":320381,"post_author":"3","post_date":"2023-01-03 00:16:54","post_date_gmt":"2023-01-02 23:16:54","post_content":"","post_title":"ROBERTO P\u00c9REZ GONZ\u00c1LEZ","post_excerpt":"","post_status":"publish","comment_status":"closed","ping_status":"closed","post_password":"","post_name":"roberto-perez-gonzalez","to_ping":"","pinged":"","post_modified":"2023-01-03 00:16:54","post_modified_gmt":"2023-01-02 23:16:54","post_content_filtered":"","post_parent":0,"guid":"https:\/\/www.claret.cat\/autor\/roberto-perez-gonzalez\/","menu_order":0,"post_type":"autor","post_mime_type":"","comment_count":"0","filter":"raw"}]},"aioseo_notices":[],"_links":{"self":[{"href":"https:\/\/www.claret.cat\/es\/wp-json\/wp\/v2\/product\/201031","targetHints":{"allow":["GET"]}}],"collection":[{"href":"https:\/\/www.claret.cat\/es\/wp-json\/wp\/v2\/product"}],"about":[{"href":"https:\/\/www.claret.cat\/es\/wp-json\/wp\/v2\/types\/product"}],"wp:featuredmedia":[{"embeddable":true,"href":"https:\/\/www.claret.cat\/es\/wp-json\/wp\/v2\/media\/320382"}],"wp:attachment":[{"href":"https:\/\/www.claret.cat\/es\/wp-json\/wp\/v2\/media?parent=201031"}],"wp:term":[{"taxonomy":"product_brand","embeddable":true,"href":"https:\/\/www.claret.cat\/es\/wp-json\/wp\/v2\/product_brand?post=201031"},{"taxonomy":"product_cat","embeddable":true,"href":"https:\/\/www.claret.cat\/es\/wp-json\/wp\/v2\/product_cat?post=201031"},{"taxonomy":"product_tag","embeddable":true,"href":"https:\/\/www.claret.cat\/es\/wp-json\/wp\/v2\/product_tag?post=201031"}],"curies":[{"name":"wp","href":"https:\/\/api.w.org\/{rel}","templated":true}]}}