{"id":201058,"date":"2022-10-20T09:09:50","date_gmt":"2022-10-20T07:09:50","guid":{"rendered":"http:\/\/dev.claret.cat\/producte\/la-buena-hija-el-ultimo-aliento\/"},"modified":"2023-01-28T04:48:10","modified_gmt":"2023-01-28T03:48:10","slug":"la-buena-hija-el-ultimo-aliento-9788491391654","status":"publish","type":"product","link":"https:\/\/www.claret.cat\/es\/libro\/la-buena-hija-el-ultimo-aliento-9788491391654\/","title":{"rendered":"LA BUENA HIJA; EL \u00daLTIMO ALIENTO"},"content":{"rendered":"<p>La nueva y deslumbrante novela de una de las autoras m\u00e1s vendidas del panorama literario internacional: un thriller absorbente que mezcla el suspense psicol\u00f3gico con la investigaci\u00f3n de un misterio sin resolver. Dos ni\u00f1as son obligadas a internarse en el bosque a punta de pistola. Una huye para salvar su vida. La otra se queda atr\u00e1s. Hace veintiocho a\u00f1os, un crimen horrendo sacudi\u00f3 la feliz vida familiar de Charlotte y Samantha Quinn. Su madre result\u00f3 muerta. Su padre, un conocido abogado defensor de Pikeville, qued\u00f3 roto de dolor. La familia se deshizo irremediablemente, consumida por los secretos de aquella noche pavorosa.Transcurridos veintiocho a\u00f1os, Charlie se ha convertido en abogada siguiendo los pasos de su padre. Es la hija ideal. Pero cuando la violencia vuelve a cebarse en Pikeville y una espantosa tragedia azota la localidad, Charlie se ve inmersa en una pesadilla. No solo es la primera persona en llegar a la escena del crimen, sino que el caso desata los recuerdos que ha intentado mantener a raya durante casi tres d\u00e9cadas. Porque la sorprendente verdad sobre el acontecimiento que destruy\u00f3 su familia no puede permanecer oculta eternamente.Repleta de giros y vuelcos inesperados y rebosante de emoci\u00f3n, La buena hija es una novela apasionante: suspense en estado puro.Karin Slaughter es una de las escritoras de suspense y ficci\u00f3n polic\u00edaca m\u00e1s afamadas y galardonadas del panorama literario actual. Mundialmente aclamada por su potencia narrativa y consagrada por sus repetidas apariciones en la lista de best sellers del New York Times. De sus quince novelas, traducidas a 32 idiomas, se han vendido m\u00e1s de 30 millones de ejemplares en todo el mundo. Convertida en fen\u00f3meno literario internacional, ha alcanzado el n\u00famero uno de la lista de los libros m\u00e1s vendidos en el Reino Unido, Irlanda, Alemania y Pa\u00edses Bajos, donde es la \u00fanica autora que ha conseguido tener ocho t\u00edtulos simult\u00e1neamente en la lista de best sellers, incluido el n\u00famero uno. La buena hija es la tercera novela publicada por HarperCollins Ib\u00e9rica.Las anteriores fueron Flores cortadas y La mujer oculta.<\/p>\n","protected":false},"excerpt":{"rendered":"<p>SLAUGHTER, KARIN<\/p>\n","protected":false},"featured_media":201059,"template":"","meta":{"_acf_changed":false,"om_disable_all_campaigns":false,"rs_blank_template":"","rs_page_bg_color":"","slide_template_v7":"","inline_featured_image":false,"_monsterinsights_skip_tracking":false,"_monsterinsights_sitenote_active":false,"_monsterinsights_sitenote_note":"","_monsterinsights_sitenote_category":0},"product_brand":[],"product_cat":[87],"product_tag":[],"class_list":{"0":"post-201058","1":"product","2":"type-product","3":"status-publish","4":"has-post-thumbnail","6":"product_cat-literatura","8":"first","9":"instock","10":"taxable","11":"shipping-taxable","12":"purchasable","13":"product-type-simple"},"acf":{"autor":"SLAUGHTER, KARIN","codart":"849139165","libros-coleccion":"HARPERCOLLINS","ediciones":"1","encuadernacion":"R\u00fastica","fecha_de_publicacion":"01\/10\/2017","novedad":"1","paginas":"686","subtitulo":"","orden":"0","portada":"0","idioma":"spa","editorial":[{"ID":148249,"post_author":"3","post_date":"2022-10-14 11:56:47","post_date_gmt":"2022-10-14 09:56:47","post_content":"","post_title":"HarperCollins","post_excerpt":"","post_status":"publish","comment_status":"closed","ping_status":"closed","post_password":"","post_name":"harpercollins","to_ping":"","pinged":"","post_modified":"2022-10-14 11:56:47","post_modified_gmt":"2022-10-14 09:56:47","post_content_filtered":"","post_parent":0,"guid":"http:\/\/dev.claret.cat\/editorial\/harpercollins\/","menu_order":0,"post_type":"editorial","post_mime_type":"","comment_count":"0","filter":"raw"}],"autores-libros":[{"ID":161430,"post_author":"3","post_date":"2022-10-14 17:18:09","post_date_gmt":"2022-10-14 15:18:09","post_content":"","post_title":"KARIN SLAUGHTER","post_excerpt":"","post_status":"publish","comment_status":"closed","ping_status":"closed","post_password":"","post_name":"karin-slaughter","to_ping":"","pinged":"","post_modified":"2022-10-14 17:18:09","post_modified_gmt":"2022-10-14 15:18:09","post_content_filtered":"","post_parent":0,"guid":"http:\/\/dev.claret.cat\/autor\/karin-slaughter\/","menu_order":0,"post_type":"autor","post_mime_type":"","comment_count":"0","filter":"raw"}]},"aioseo_notices":[],"_links":{"self":[{"href":"https:\/\/www.claret.cat\/es\/wp-json\/wp\/v2\/product\/201058","targetHints":{"allow":["GET"]}}],"collection":[{"href":"https:\/\/www.claret.cat\/es\/wp-json\/wp\/v2\/product"}],"about":[{"href":"https:\/\/www.claret.cat\/es\/wp-json\/wp\/v2\/types\/product"}],"wp:featuredmedia":[{"embeddable":true,"href":"https:\/\/www.claret.cat\/es\/wp-json\/wp\/v2\/media\/201059"}],"wp:attachment":[{"href":"https:\/\/www.claret.cat\/es\/wp-json\/wp\/v2\/media?parent=201058"}],"wp:term":[{"taxonomy":"product_brand","embeddable":true,"href":"https:\/\/www.claret.cat\/es\/wp-json\/wp\/v2\/product_brand?post=201058"},{"taxonomy":"product_cat","embeddable":true,"href":"https:\/\/www.claret.cat\/es\/wp-json\/wp\/v2\/product_cat?post=201058"},{"taxonomy":"product_tag","embeddable":true,"href":"https:\/\/www.claret.cat\/es\/wp-json\/wp\/v2\/product_tag?post=201058"}],"curies":[{"name":"wp","href":"https:\/\/api.w.org\/{rel}","templated":true}]}}