{"id":201121,"date":"2022-10-20T09:10:55","date_gmt":"2022-10-20T07:10:55","guid":{"rendered":"http:\/\/dev.claret.cat\/producte\/a-ver-si-me-ves\/"},"modified":"2025-01-31T20:48:41","modified_gmt":"2025-01-31T19:48:41","slug":"a-ver-si-me-ves-9788424661298","status":"publish","type":"product","link":"https:\/\/www.claret.cat\/es\/libro\/a-ver-si-me-ves-9788424661298\/","title":{"rendered":"A VER SI ME VES"},"content":{"rendered":"<p>Un libro de cart\u00f3n de gran formato de la creadora de Wee Gallery, Surya, lleno de color y con muchos animales para que los ni\u00f1os se diviertan y aprendan. Cada p\u00e1gina se centra en un h\u00e1bitat diferente y contiene una serie de animales escondidos en las grandes im\u00e1genes estilo mosaico. Las preguntas del llibre animar\u00e1n a los peque\u00f1os lectores a contar del uno al diez mientras pasan las p\u00e1ginas. Un t\u00edtulo diferente para aquellos ni\u00f1os apasionados por los animales, y para aquellos padres que aprecian el dise\u00f1o y la ilustraci\u00f3n.<\/p>\n","protected":false},"excerpt":{"rendered":"<p>SAJNANI, SURYA<\/p>\n","protected":false},"featured_media":201122,"template":"","meta":{"_acf_changed":false,"om_disable_all_campaigns":false,"rs_blank_template":"","rs_page_bg_color":"","slide_template_v7":"","inline_featured_image":false,"_monsterinsights_skip_tracking":false,"_monsterinsights_sitenote_active":false,"_monsterinsights_sitenote_note":"","_monsterinsights_sitenote_category":0},"product_brand":[],"product_cat":[90,540],"product_tag":[],"class_list":{"0":"post-201121","1":"product","2":"type-product","3":"status-publish","4":"has-post-thumbnail","6":"product_cat-altres","7":"product_cat-otros","9":"first","10":"instock","11":"taxable","12":"shipping-taxable","13":"purchasable","14":"product-type-simple"},"acf":{"autor":"SAJNANI, SURYA","codart":"842466129","libros-coleccion":"SUSHI BOOKS","ediciones":"1","encuadernacion":"Carpeta","fecha_de_publicacion":"01\/10\/2017","novedad":"1","paginas":"18","subtitulo":"","orden":"0","portada":"0","idioma":"spa","editorial":[{"ID":148361,"post_author":"3","post_date":"2022-10-14 11:57:38","post_date_gmt":"2022-10-14 09:57:38","post_content":"","post_title":"LA GALERA, S.A. EDITORIAL","post_excerpt":"","post_status":"publish","comment_status":"closed","ping_status":"closed","post_password":"","post_name":"la-galera-s-a-editorial","to_ping":"","pinged":"","post_modified":"2022-10-14 11:57:38","post_modified_gmt":"2022-10-14 09:57:38","post_content_filtered":"","post_parent":0,"guid":"http:\/\/dev.claret.cat\/editorial\/la-galera-s-a-editorial\/","menu_order":0,"post_type":"editorial","post_mime_type":"","comment_count":"0","filter":"raw"}],"autores-libros":[{"ID":169916,"post_author":"3","post_date":"2022-10-14 22:31:03","post_date_gmt":"2022-10-14 20:31:03","post_content":"","post_title":"SURYA SAJNANI","post_excerpt":"","post_status":"publish","comment_status":"closed","ping_status":"closed","post_password":"","post_name":"surya-sajnani","to_ping":"","pinged":"","post_modified":"2022-10-14 22:31:03","post_modified_gmt":"2022-10-14 20:31:03","post_content_filtered":"","post_parent":0,"guid":"http:\/\/dev.claret.cat\/autor\/surya-sajnani\/","menu_order":0,"post_type":"autor","post_mime_type":"","comment_count":"0","filter":"raw"}]},"aioseo_notices":[],"_links":{"self":[{"href":"https:\/\/www.claret.cat\/es\/wp-json\/wp\/v2\/product\/201121","targetHints":{"allow":["GET"]}}],"collection":[{"href":"https:\/\/www.claret.cat\/es\/wp-json\/wp\/v2\/product"}],"about":[{"href":"https:\/\/www.claret.cat\/es\/wp-json\/wp\/v2\/types\/product"}],"wp:featuredmedia":[{"embeddable":true,"href":"https:\/\/www.claret.cat\/es\/wp-json\/wp\/v2\/media\/201122"}],"wp:attachment":[{"href":"https:\/\/www.claret.cat\/es\/wp-json\/wp\/v2\/media?parent=201121"}],"wp:term":[{"taxonomy":"product_brand","embeddable":true,"href":"https:\/\/www.claret.cat\/es\/wp-json\/wp\/v2\/product_brand?post=201121"},{"taxonomy":"product_cat","embeddable":true,"href":"https:\/\/www.claret.cat\/es\/wp-json\/wp\/v2\/product_cat?post=201121"},{"taxonomy":"product_tag","embeddable":true,"href":"https:\/\/www.claret.cat\/es\/wp-json\/wp\/v2\/product_tag?post=201121"}],"curies":[{"name":"wp","href":"https:\/\/api.w.org\/{rel}","templated":true}]}}