{"id":201142,"date":"2022-10-20T09:11:15","date_gmt":"2022-10-20T07:11:15","guid":{"rendered":"http:\/\/dev.claret.cat\/producte\/oh-un-llibre-que-parla\/"},"modified":"2023-01-28T06:14:34","modified_gmt":"2023-01-28T05:14:34","slug":"oh-un-llibre-que-parla-9788466143301","status":"publish","type":"product","link":"https:\/\/www.claret.cat\/es\/libro\/oh-un-llibre-que-parla-9788466143301\/","title":{"rendered":"OH! UN LLIBRE QUE PARLA"},"content":{"rendered":"<p>Un llibre d&#8221;observaci\u00f3 i atenci\u00f3 que, a cada p\u00e0gina, d\u00f3na instruccions al lector sobre qu\u00e8 ha de fer per tal que el llibre parli.<\/p>\n","protected":false},"excerpt":{"rendered":"<p>TULLET, HERV\u00c9<\/p>\n","protected":false},"featured_media":326417,"template":"","meta":{"_acf_changed":false,"om_disable_all_campaigns":false,"rs_blank_template":"","rs_page_bg_color":"","slide_template_v7":"","inline_featured_image":false,"_monsterinsights_skip_tracking":false,"_monsterinsights_sitenote_active":false,"_monsterinsights_sitenote_note":"","_monsterinsights_sitenote_category":0},"product_brand":[],"product_cat":[131,361,86,352],"product_tag":[],"class_list":{"0":"post-201142","1":"product","2":"type-product","3":"status-publish","4":"has-post-thumbnail","6":"product_cat-contes-per-infants-0-6-anys","7":"product_cat-cuentos-para-ninos-0-6-anos","8":"product_cat-infantil","9":"product_cat-infantil-3_infantil-juvenil-spa","11":"first","12":"instock","13":"taxable","14":"shipping-taxable","15":"purchasable","16":"product-type-simple"},"acf":{"autor":"TULLET, HERV\u00c9","codart":"846614330","libros-coleccion":"SUSHI BOOKS","ediciones":"1","encuadernacion":"Carton\u00e9","fecha_de_publicacion":"01\/10\/2017","novedad":"1","paginas":"68","subtitulo":"","orden":"0","portada":"0","idioma":"cat","autores-libros":[{"ID":157577,"post_author":"3","post_date":"2022-10-14 15:29:56","post_date_gmt":"2022-10-14 13:29:56","post_content":"","post_title":"HERV\u00c9 TULLET","post_excerpt":"","post_status":"publish","comment_status":"closed","ping_status":"closed","post_password":"","post_name":"herve-tullet","to_ping":"","pinged":"","post_modified":"2022-10-14 15:29:56","post_modified_gmt":"2022-10-14 13:29:56","post_content_filtered":"","post_parent":0,"guid":"http:\/\/dev.claret.cat\/autor\/herve-tullet\/","menu_order":0,"post_type":"autor","post_mime_type":"","comment_count":"0","filter":"raw"}],"editorial":[{"ID":261923,"post_author":"3","post_date":"2022-10-24 11:17:38","post_date_gmt":"2022-10-24 09:17:38","post_content":"","post_title":"CRU\u00cfLLA","post_excerpt":"","post_status":"publish","comment_status":"closed","ping_status":"closed","post_password":"","post_name":"cruilla","to_ping":"","pinged":"","post_modified":"2022-10-24 11:17:38","post_modified_gmt":"2022-10-24 09:17:38","post_content_filtered":"","post_parent":0,"guid":"http:\/\/dev.claret.cat\/editorial\/cruilla\/","menu_order":0,"post_type":"editorial","post_mime_type":"","comment_count":"0","filter":"raw"}]},"aioseo_notices":[],"_links":{"self":[{"href":"https:\/\/www.claret.cat\/es\/wp-json\/wp\/v2\/product\/201142","targetHints":{"allow":["GET"]}}],"collection":[{"href":"https:\/\/www.claret.cat\/es\/wp-json\/wp\/v2\/product"}],"about":[{"href":"https:\/\/www.claret.cat\/es\/wp-json\/wp\/v2\/types\/product"}],"wp:featuredmedia":[{"embeddable":true,"href":"https:\/\/www.claret.cat\/es\/wp-json\/wp\/v2\/media\/326417"}],"wp:attachment":[{"href":"https:\/\/www.claret.cat\/es\/wp-json\/wp\/v2\/media?parent=201142"}],"wp:term":[{"taxonomy":"product_brand","embeddable":true,"href":"https:\/\/www.claret.cat\/es\/wp-json\/wp\/v2\/product_brand?post=201142"},{"taxonomy":"product_cat","embeddable":true,"href":"https:\/\/www.claret.cat\/es\/wp-json\/wp\/v2\/product_cat?post=201142"},{"taxonomy":"product_tag","embeddable":true,"href":"https:\/\/www.claret.cat\/es\/wp-json\/wp\/v2\/product_tag?post=201142"}],"curies":[{"name":"wp","href":"https:\/\/api.w.org\/{rel}","templated":true}]}}