{"id":2012,"date":"2022-07-27T21:08:46","date_gmt":"2022-07-27T19:08:46","guid":{"rendered":"http:\/\/dev.claret.cat\/producto\/arte-9780241389980\/"},"modified":"2023-01-28T08:49:12","modified_gmt":"2023-01-28T07:49:12","slug":"arte-9780241389980","status":"publish","type":"product","link":"https:\/\/www.claret.cat\/es\/libro\/arte-9780241389980\/","title":{"rendered":"ARTE"},"content":{"rendered":"<p>Descubra la historia de los movimientos art\u00edsticos desde las obras de la  Antigua Grecia hasta el Renacimiento italiano, los prerrafaelistas y los  maestros del impresionismo con una nueva edici\u00f3n de este cl\u00e1sico superventas. Descubra la historia de los movimientos art\u00edsticos desde las obras de la  Antigua Grecia hasta el Renacimiento italiano, los prerrafaelistas y los  maestros del impresionismo con una nueva edici\u00f3n de este cl\u00e1sico  superventas. Con unos contenidos  verdaderamente globales, Arte nos  expone las obras maestras de m\u00e1s de 700 artistas entre los que se  encuentran Leonardo da Vinci, Picasso o Van Gogh. Es una valios\u00edsima  obra de referencia para cualquier amante del arte, un libro que nos  muestra visualmente las obras; todo, desde la pintura del Barroco  italiano y el arte africano hasta la historia del arte contempor\u00e1neo.  Descubra las claves  de  los movimientos  art\u00edsticos  m\u00e1s  prominentes,  incluidos sus or\u00edgenes e influencias, y siga la l\u00ednea temporal de sus  obras m\u00e1s valiosas. Insp\u00edrese con los detalles de cada materia tratada y  con los m\u00e9todos utilizados por cada artista para crear sus obras  maestras, y explore siglos, culturas y pa\u00edses al embarcarse en este   definitivo viaje art\u00edstico a trav\u00e9s del tiempo. Creada en colaboraci\u00f3n  con Bridgeman, la mayor biblioteca de arte del mundo, Arte. La historia  visual definitiva es una obra que todo el mundo debetener en su colecci\u00f3n de libros.<\/p>\n","protected":false},"excerpt":{"rendered":"<p>GRAHAM-DIXON, ANDREW<\/p>\n","protected":false},"featured_media":68260,"template":"","meta":{"_acf_changed":false,"om_disable_all_campaigns":false,"rs_blank_template":"","rs_page_bg_color":"","slide_template_v7":"","inline_featured_image":false,"_monsterinsights_skip_tracking":false,"_monsterinsights_sitenote_active":false,"_monsterinsights_sitenote_note":"","_monsterinsights_sitenote_category":0},"product_brand":[],"product_cat":[110,560],"product_tag":[],"class_list":{"0":"post-2012","1":"product","2":"type-product","3":"status-publish","4":"has-post-thumbnail","6":"product_cat-art","7":"product_cat-arte","9":"first","10":"instock","11":"taxable","12":"shipping-taxable","13":"purchasable","14":"product-type-simple"},"acf":{"autor":"GRAHAM-DIXON, ANDREW","codart":"9780241389980","ediciones":"1","encuadernacion":"Carton\u00e9","fecha_de_publicacion":"01\/04\/2019","novedad":"1","paginas":"612","subtitulo":"LA HISTORIA VISUAL DEFINITIVA","orden":"0","portada":"0","idioma":"spa","libros-coleccion":"GRAN FORMATO","autores-libros":[{"ID":5243,"post_author":"3","post_date":"2022-07-28 17:19:54","post_date_gmt":"2022-07-28 15:19:54","post_content":"","post_title":"ANDREW GRAHAM-DIXON","post_excerpt":"","post_status":"publish","comment_status":"closed","ping_status":"closed","post_password":"","post_name":"andrew-graham-dixon","to_ping":"","pinged":"","post_modified":"2022-07-28 17:19:54","post_modified_gmt":"2022-07-28 15:19:54","post_content_filtered":"","post_parent":0,"guid":"http:\/\/dev.claret.cat\/autor\/andrew-graham-dixon\/","menu_order":0,"post_type":"autor","post_mime_type":"","comment_count":"0","filter":"raw"}],"editorial":[{"ID":6186,"post_author":"3","post_date":"2022-07-28 17:46:45","post_date_gmt":"2022-07-28 15:46:45","post_content":"","post_title":"DK","post_excerpt":"","post_status":"publish","comment_status":"closed","ping_status":"closed","post_password":"","post_name":"dk","to_ping":"","pinged":"","post_modified":"2022-07-28 17:46:45","post_modified_gmt":"2022-07-28 15:46:45","post_content_filtered":"","post_parent":0,"guid":"http:\/\/dev.claret.cat\/editorial\/dk\/","menu_order":0,"post_type":"editorial","post_mime_type":"","comment_count":"0","filter":"raw"}]},"aioseo_notices":[],"_links":{"self":[{"href":"https:\/\/www.claret.cat\/es\/wp-json\/wp\/v2\/product\/2012","targetHints":{"allow":["GET"]}}],"collection":[{"href":"https:\/\/www.claret.cat\/es\/wp-json\/wp\/v2\/product"}],"about":[{"href":"https:\/\/www.claret.cat\/es\/wp-json\/wp\/v2\/types\/product"}],"wp:featuredmedia":[{"embeddable":true,"href":"https:\/\/www.claret.cat\/es\/wp-json\/wp\/v2\/media\/68260"}],"wp:attachment":[{"href":"https:\/\/www.claret.cat\/es\/wp-json\/wp\/v2\/media?parent=2012"}],"wp:term":[{"taxonomy":"product_brand","embeddable":true,"href":"https:\/\/www.claret.cat\/es\/wp-json\/wp\/v2\/product_brand?post=2012"},{"taxonomy":"product_cat","embeddable":true,"href":"https:\/\/www.claret.cat\/es\/wp-json\/wp\/v2\/product_cat?post=2012"},{"taxonomy":"product_tag","embeddable":true,"href":"https:\/\/www.claret.cat\/es\/wp-json\/wp\/v2\/product_tag?post=2012"}],"curies":[{"name":"wp","href":"https:\/\/api.w.org\/{rel}","templated":true}]}}