{"id":201217,"date":"2022-10-20T09:12:30","date_gmt":"2022-10-20T07:12:30","guid":{"rendered":"http:\/\/dev.claret.cat\/producte\/iconografia-de-santa-teresa-ii\/"},"modified":"2024-05-23T08:49:48","modified_gmt":"2024-05-23T06:49:48","slug":"iconografia-de-santa-teresa-ii-9788483538500","status":"publish","type":"product","link":"https:\/\/www.claret.cat\/es\/libro\/iconografia-de-santa-teresa-ii-9788483538500\/","title":{"rendered":"ICONOGRAF\u00cdA DE SANTA TERESA &#8211; II"},"content":{"rendered":"<p>La Editorial Monte Carmelo da comienzo con esta publicaci\u00f3n a una serie de cuatro libros centrados en la iconograf\u00eda de santa Teresa de Jes\u00fas, escritos por el profesor Fernando Moreno Cuadro, reputado especialista en el tema. Este primer volumen est\u00e1 dedicado a la herencia del esp\u00edritu de El\u00edas y en \u00e9l se recoge un particular conjunto de obras que nos endinsa en las fuentes de la iconograf\u00eda carmelitana, conectando con la tradicional iconograf\u00eda ligada al profeta El\u00edas.<\/p>\n","protected":false},"excerpt":{"rendered":"<p>MORENO CUADRO, FERNANDO<\/p>\n","protected":false},"featured_media":357758,"template":"","meta":{"_acf_changed":false,"om_disable_all_campaigns":false,"rs_blank_template":"","rs_page_bg_color":"","slide_template_v7":"","inline_featured_image":false,"_monsterinsights_skip_tracking":false,"_monsterinsights_sitenote_active":false,"_monsterinsights_sitenote_note":"","_monsterinsights_sitenote_category":0},"product_brand":[],"product_cat":[345,79,95,545],"product_tag":[],"class_list":{"0":"post-201217","1":"product","2":"type-product","3":"status-publish","4":"has-post-thumbnail","6":"product_cat-espiritualidad","7":"product_cat-espiritualitat","8":"product_cat-santoral","9":"product_cat-santoral-1_espiritualidad-spa","11":"first","12":"instock","13":"taxable","14":"shipping-taxable","15":"purchasable","16":"product-type-simple"},"acf":{"autor":"MORENO CUADRO, FERNANDO","codart":"848353850","libros-coleccion":"","ediciones":"1","encuadernacion":"R\u00fastica","fecha_de_publicacion":"29\/09\/2017","novedad":"1","paginas":"304","subtitulo":"LAS SERIES GRABADAS","orden":"0","portada":"0","idioma":"spa","editorial":[{"ID":6309,"post_author":"3","post_date":"2022-07-28 17:49:25","post_date_gmt":"2022-07-28 15:49:25","post_content":"","post_title":"Monte Carmelo","post_excerpt":"","post_status":"publish","comment_status":"closed","ping_status":"closed","post_password":"","post_name":"monte-carmelo","to_ping":"","pinged":"","post_modified":"2022-07-28 17:49:25","post_modified_gmt":"2022-07-28 15:49:25","post_content_filtered":"","post_parent":0,"guid":"http:\/\/dev.claret.cat\/editorial\/monte-carmelo\/","menu_order":0,"post_type":"editorial","post_mime_type":"","comment_count":"0","filter":"raw"}],"autores-libros":[{"ID":155847,"post_author":"3","post_date":"2022-10-14 15:16:06","post_date_gmt":"2022-10-14 13:16:06","post_content":"","post_title":"FERNANDO MORENO CUADRO","post_excerpt":"","post_status":"publish","comment_status":"closed","ping_status":"closed","post_password":"","post_name":"fernando-moreno-cuadro","to_ping":"","pinged":"","post_modified":"2022-10-14 15:16:06","post_modified_gmt":"2022-10-14 13:16:06","post_content_filtered":"","post_parent":0,"guid":"http:\/\/dev.claret.cat\/autor\/fernando-moreno-cuadro\/","menu_order":0,"post_type":"autor","post_mime_type":"","comment_count":"0","filter":"raw"}]},"aioseo_notices":[],"_links":{"self":[{"href":"https:\/\/www.claret.cat\/es\/wp-json\/wp\/v2\/product\/201217","targetHints":{"allow":["GET"]}}],"collection":[{"href":"https:\/\/www.claret.cat\/es\/wp-json\/wp\/v2\/product"}],"about":[{"href":"https:\/\/www.claret.cat\/es\/wp-json\/wp\/v2\/types\/product"}],"wp:featuredmedia":[{"embeddable":true,"href":"https:\/\/www.claret.cat\/es\/wp-json\/wp\/v2\/media\/357758"}],"wp:attachment":[{"href":"https:\/\/www.claret.cat\/es\/wp-json\/wp\/v2\/media?parent=201217"}],"wp:term":[{"taxonomy":"product_brand","embeddable":true,"href":"https:\/\/www.claret.cat\/es\/wp-json\/wp\/v2\/product_brand?post=201217"},{"taxonomy":"product_cat","embeddable":true,"href":"https:\/\/www.claret.cat\/es\/wp-json\/wp\/v2\/product_cat?post=201217"},{"taxonomy":"product_tag","embeddable":true,"href":"https:\/\/www.claret.cat\/es\/wp-json\/wp\/v2\/product_tag?post=201217"}],"curies":[{"name":"wp","href":"https:\/\/api.w.org\/{rel}","templated":true}]}}