{"id":201223,"date":"2022-10-20T09:12:36","date_gmt":"2022-10-20T07:12:36","guid":{"rendered":"http:\/\/dev.claret.cat\/producte\/creer-y-evangelizar-como-el-papa-francisco\/"},"modified":"2024-05-23T08:50:39","modified_gmt":"2024-05-23T06:50:39","slug":"creer-y-evangelizar-como-el-papa-francisco-9788483538548","status":"publish","type":"product","link":"https:\/\/www.claret.cat\/es\/libro\/creer-y-evangelizar-como-el-papa-francisco-9788483538548\/","title":{"rendered":"CREER Y EVANGELIZAR COMO EL PAPA FRANCISCO"},"content":{"rendered":"<p>En v\u00edsperas del C\u00f3nclave del 2013 se respiraba un ambiente eclesial con sensaci\u00f3n de fatiga y de agotamiento espiritual, de falta de confianza y entusiasmo, de ausencia de fuerza prof\u00e9tica y de impulso misionero. La elecci\u00f3n del Santo Padre fue una sorpresa del esp\u00edritu y, por eso, es llamado el Papa de las sorpresas.  Llegado del cono sur, geogr\u00e1fico y teol\u00f3gico, nos ha solicitado cuatro conversiones: personal, institucional, pastoral y cultural; desde una especie de br\u00fajula: Pueblo de Dios, inculturaci\u00f3n, pobres y misericordia. Todo un reto y una esperanza en este nuevo tiempo. De todo ello trata este libro.<\/p>\n","protected":false},"excerpt":{"rendered":"<p>BERZOSA MART\u00cdNEZ, RA\u00daL<\/p>\n","protected":false},"featured_media":357767,"template":"","meta":{"_acf_changed":false,"om_disable_all_campaigns":false,"rs_blank_template":"","rs_page_bg_color":"","slide_template_v7":"","inline_featured_image":false,"_monsterinsights_skip_tracking":false,"_monsterinsights_sitenote_active":false,"_monsterinsights_sitenote_note":"","_monsterinsights_sitenote_category":0},"product_brand":[],"product_cat":[93,543,345,79,344,78],"product_tag":[],"class_list":{"0":"post-201223","1":"product","2":"type-product","3":"status-publish","4":"has-post-thumbnail","6":"product_cat-eclesiologia","7":"product_cat-eclesiologia-es","8":"product_cat-espiritualidad","9":"product_cat-espiritualitat","10":"product_cat-pastoral-1_espiritualidad","11":"product_cat-pastoral","13":"first","14":"instock","15":"taxable","16":"shipping-taxable","17":"purchasable","18":"product-type-simple"},"acf":{"autor":"BERZOSA MART\u00cdNEZ, RA\u00daL","codart":"848353854","libros-coleccion":"","ediciones":"1","encuadernacion":"R\u00fastica","fecha_de_publicacion":"29\/09\/2017","novedad":"1","paginas":"348","subtitulo":"EN UN CAMBIO DE \u00c9POCA","orden":"0","portada":"0","idioma":"spa","editorial":[{"ID":6309,"post_author":"3","post_date":"2022-07-28 17:49:25","post_date_gmt":"2022-07-28 15:49:25","post_content":"","post_title":"Monte Carmelo","post_excerpt":"","post_status":"publish","comment_status":"closed","ping_status":"closed","post_password":"","post_name":"monte-carmelo","to_ping":"","pinged":"","post_modified":"2022-07-28 17:49:25","post_modified_gmt":"2022-07-28 15:49:25","post_content_filtered":"","post_parent":0,"guid":"http:\/\/dev.claret.cat\/editorial\/monte-carmelo\/","menu_order":0,"post_type":"editorial","post_mime_type":"","comment_count":"0","filter":"raw"}],"autores-libros":[{"ID":167830,"post_author":"3","post_date":"2022-10-14 18:14:21","post_date_gmt":"2022-10-14 16:14:21","post_content":"","post_title":"RA\u00daL BERZOSA MART\u00cdNEZ","post_excerpt":"","post_status":"publish","comment_status":"closed","ping_status":"closed","post_password":"","post_name":"raul-berzosa-martinez","to_ping":"","pinged":"","post_modified":"2022-10-14 18:14:21","post_modified_gmt":"2022-10-14 16:14:21","post_content_filtered":"","post_parent":0,"guid":"http:\/\/dev.claret.cat\/autor\/raul-berzosa-martinez\/","menu_order":0,"post_type":"autor","post_mime_type":"","comment_count":"0","filter":"raw"}]},"aioseo_notices":[],"_links":{"self":[{"href":"https:\/\/www.claret.cat\/es\/wp-json\/wp\/v2\/product\/201223","targetHints":{"allow":["GET"]}}],"collection":[{"href":"https:\/\/www.claret.cat\/es\/wp-json\/wp\/v2\/product"}],"about":[{"href":"https:\/\/www.claret.cat\/es\/wp-json\/wp\/v2\/types\/product"}],"wp:featuredmedia":[{"embeddable":true,"href":"https:\/\/www.claret.cat\/es\/wp-json\/wp\/v2\/media\/357767"}],"wp:attachment":[{"href":"https:\/\/www.claret.cat\/es\/wp-json\/wp\/v2\/media?parent=201223"}],"wp:term":[{"taxonomy":"product_brand","embeddable":true,"href":"https:\/\/www.claret.cat\/es\/wp-json\/wp\/v2\/product_brand?post=201223"},{"taxonomy":"product_cat","embeddable":true,"href":"https:\/\/www.claret.cat\/es\/wp-json\/wp\/v2\/product_cat?post=201223"},{"taxonomy":"product_tag","embeddable":true,"href":"https:\/\/www.claret.cat\/es\/wp-json\/wp\/v2\/product_tag?post=201223"}],"curies":[{"name":"wp","href":"https:\/\/api.w.org\/{rel}","templated":true}]}}