{"id":201301,"date":"2022-10-20T09:13:52","date_gmt":"2022-10-20T07:13:52","guid":{"rendered":"http:\/\/dev.claret.cat\/producte\/la-senal-de-la-cruz-poster\/"},"modified":"2026-02-25T17:02:06","modified_gmt":"2026-02-25T16:02:06","slug":"la-senal-de-la-cruz-poster-9788490234747","status":"publish","type":"product","link":"https:\/\/www.claret.cat\/es\/libro\/la-senal-de-la-cruz-poster-9788490234747\/","title":{"rendered":"LA SE\u00d1AL DE LA CRUZ (P\u00d2STER)"},"content":{"rendered":"<p>Propuesta gr\u00e1fica a todo color con orientaciones para explicar en los grupos de catequesis el significado de la se\u00f1al de la cruz. Desarrolla estas secciones: datos de la realidad, un poco de historia, por qu\u00e9 es importante la cruz, realizar la se\u00f1al de la cruz, para trabajar grupalmente.  Un recurso f\u00e1cil pero muy \u00fatil para catequistas y animadores de grupos de fe.<\/p>\n","protected":false},"excerpt":{"rendered":"<p>GINEL, \u00c1LVARO; MU\u00d1OZ, ANA<\/p>\n","protected":false},"featured_media":1086369,"template":"","meta":{"_acf_changed":false,"om_disable_all_campaigns":false,"rs_blank_template":"","rs_page_bg_color":"","slide_template_v7":"","inline_featured_image":false,"_monsterinsights_skip_tracking":false,"_monsterinsights_sitenote_active":false,"_monsterinsights_sitenote_note":"","_monsterinsights_sitenote_category":0},"product_brand":[],"product_cat":[77,343],"product_tag":[],"class_list":{"0":"post-201301","1":"product","2":"type-product","3":"status-publish","4":"has-post-thumbnail","6":"product_cat-catequesi","7":"product_cat-catequesis","9":"first","10":"outofstock","11":"taxable","12":"shipping-taxable","13":"purchasable","14":"product-type-simple"},"acf":{"autor":"GINEL, \u00c1LVARO; MU\u00d1OZ, ANA","codart":"849023474","libros-coleccion":"P\u00f3sters Catequistas","ediciones":"1","encuadernacion":"R\u00fastica","fecha_de_publicacion":"26\/09\/2017","novedad":"0","paginas":"1","subtitulo":"MATERIALES DE CATEQUESIS","orden":"0","portada":"0","idioma":"spa","editorial":[{"ID":6155,"post_author":"3","post_date":"2022-07-28 17:46:04","post_date_gmt":"2022-07-28 15:46:04","post_content":"","post_title":"Central Catequ\u00edstica Salesiana","post_excerpt":"","post_status":"publish","comment_status":"closed","ping_status":"closed","post_password":"","post_name":"central-catequistica-salesiana","to_ping":"","pinged":"","post_modified":"2022-07-28 17:46:04","post_modified_gmt":"2022-07-28 15:46:04","post_content_filtered":"","post_parent":0,"guid":"http:\/\/dev.claret.cat\/editorial\/central-catequistica-salesiana\/","menu_order":0,"post_type":"editorial","post_mime_type":"","comment_count":"0","filter":"raw"}],"autores-libros":[{"ID":150123,"post_author":"3","post_date":"2022-10-14 14:30:25","post_date_gmt":"2022-10-14 12:30:25","post_content":"","post_title":"ANA MU\u00d1OZ","post_excerpt":"","post_status":"publish","comment_status":"closed","ping_status":"closed","post_password":"","post_name":"ana-munoz","to_ping":"","pinged":"","post_modified":"2022-10-14 14:30:25","post_modified_gmt":"2022-10-14 12:30:25","post_content_filtered":"","post_parent":0,"guid":"http:\/\/dev.claret.cat\/autor\/ana-munoz\/","menu_order":0,"post_type":"autor","post_mime_type":"","comment_count":"0","filter":"raw"},{"ID":8281,"post_author":"3","post_date":"2022-09-30 09:47:24","post_date_gmt":"2022-09-30 07:47:24","post_content":"","post_title":"\u00c1LVARO GINEL","post_excerpt":"","post_status":"publish","comment_status":"closed","ping_status":"closed","post_password":"","post_name":"alvaro-ginel","to_ping":"","pinged":"","post_modified":"2022-09-30 09:47:24","post_modified_gmt":"2022-09-30 07:47:24","post_content_filtered":"","post_parent":0,"guid":"http:\/\/dev.claret.cat\/autor\/alvaro-ginel\/","menu_order":0,"post_type":"autor","post_mime_type":"","comment_count":"0","filter":"raw"}],"booktrailer":"","resenas":""},"aioseo_notices":[],"_links":{"self":[{"href":"https:\/\/www.claret.cat\/es\/wp-json\/wp\/v2\/product\/201301","targetHints":{"allow":["GET"]}}],"collection":[{"href":"https:\/\/www.claret.cat\/es\/wp-json\/wp\/v2\/product"}],"about":[{"href":"https:\/\/www.claret.cat\/es\/wp-json\/wp\/v2\/types\/product"}],"wp:featuredmedia":[{"embeddable":true,"href":"https:\/\/www.claret.cat\/es\/wp-json\/wp\/v2\/media\/1086369"}],"wp:attachment":[{"href":"https:\/\/www.claret.cat\/es\/wp-json\/wp\/v2\/media?parent=201301"}],"wp:term":[{"taxonomy":"product_brand","embeddable":true,"href":"https:\/\/www.claret.cat\/es\/wp-json\/wp\/v2\/product_brand?post=201301"},{"taxonomy":"product_cat","embeddable":true,"href":"https:\/\/www.claret.cat\/es\/wp-json\/wp\/v2\/product_cat?post=201301"},{"taxonomy":"product_tag","embeddable":true,"href":"https:\/\/www.claret.cat\/es\/wp-json\/wp\/v2\/product_tag?post=201301"}],"curies":[{"name":"wp","href":"https:\/\/api.w.org\/{rel}","templated":true}]}}