{"id":201343,"date":"2022-10-20T09:14:33","date_gmt":"2022-10-20T07:14:33","guid":{"rendered":"http:\/\/dev.claret.cat\/producte\/entre-marido-y-mujer\/"},"modified":"2024-05-24T06:33:04","modified_gmt":"2024-05-24T04:33:04","slug":"entre-marido-y-mujer-9788430119769","status":"publish","type":"product","link":"https:\/\/www.claret.cat\/es\/libro\/entre-marido-y-mujer-9788430119769\/","title":{"rendered":"ENTRE MARIDO Y MUJER&#8230;"},"content":{"rendered":"<p>\u00abTras un lustro de casados, Pedro y Luc\u00eda han tenido por fin a Daniel, el hijo que tanto anhelaban. El caso es que Luc\u00eda, a las pocas semanas de llegar Daniel, ha comenzado a notar en Pedro un comportamiento diferente\u2026\u00bb. As\u00ed empieza la primera de estas cuarenta historias acerca de la vida de pareja y de familia.<br \/>La psicolog\u00eda interpersonal se toma seriamente un principio de sentido com\u00fan: no hay que intervenir en una relaci\u00f3n desde fuera. Y quien lo haga posiblemente resuelva un dilema, pero adem\u00e1s corre el riesgo de abocar la vida de pareja a una experiencia de dolorosa soledad.<br \/>Es verdad que en una relaci\u00f3n tan compleja como la de marido y mujer, cuyos problemas no suelen ser en absoluto extraordinarios, el consejo m\u00e1s apropiado es: \u00abMejor que os arregl\u00e9is entre vosotros\u00bb. No obstante, y frente a los grandes desaf\u00edos con los que se encuentran hoy las familias, conviene evitar la pura teor\u00eda y considerar cada situaci\u00f3n particular.<br \/>\u00abMaridos y mujeres\u00bb pueden estar tranquilos. En estas p\u00e1ginas se hablar\u00e1 de ellos y para ellos\u2026 pero sin entrometerse en su relaci\u00f3n m\u00e1s de la cuenta.<\/p>\n","protected":false},"excerpt":{"rendered":"<p>GUARINELLI, STEFANO<\/p>\n","protected":false},"featured_media":342158,"template":"","meta":{"_acf_changed":false,"om_disable_all_campaigns":false,"rs_blank_template":"","rs_page_bg_color":"","slide_template_v7":"","inline_featured_image":false,"_monsterinsights_skip_tracking":false,"_monsterinsights_sitenote_active":false,"_monsterinsights_sitenote_note":"","_monsterinsights_sitenote_category":0},"product_brand":[],"product_cat":[100,550,78,344],"product_tag":[],"class_list":{"0":"post-201343","1":"product","2":"type-product","3":"status-publish","4":"has-post-thumbnail","6":"product_cat-escola-de-pares","7":"product_cat-escuela-de-padres-3_infantil-juvenil-spa-spa","8":"product_cat-pastoral","9":"product_cat-pastoral-1_espiritualidad","11":"first","12":"instock","13":"taxable","14":"shipping-taxable","15":"purchasable","16":"product-type-simple"},"acf":{"autor":"GUARINELLI, STEFANO","codart":"843011976","libros-coleccion":"Nueva Alianza","ediciones":"1","encuadernacion":"R\u00fastica","fecha_de_publicacion":"21\/09\/2017","novedad":"1","paginas":"176","subtitulo":"CUARENTA RELATOS SOBRE LA VIDA DE PAREJA Y DE FAMILIA","orden":"0","portada":"0","idioma":"spa","editorial":[{"ID":6364,"post_author":"3","post_date":"2022-07-28 17:50:36","post_date_gmt":"2022-07-28 15:50:36","post_content":"","post_title":"S\u00edgueme","post_excerpt":"","post_status":"publish","comment_status":"closed","ping_status":"closed","post_password":"","post_name":"sigueme","to_ping":"","pinged":"","post_modified":"2022-07-28 17:50:36","post_modified_gmt":"2022-07-28 15:50:36","post_content_filtered":"","post_parent":0,"guid":"http:\/\/dev.claret.cat\/editorial\/sigueme\/","menu_order":0,"post_type":"editorial","post_mime_type":"","comment_count":"0","filter":"raw"}],"autores-libros":[{"ID":293051,"post_author":"3","post_date":"2022-12-11 02:24:04","post_date_gmt":"2022-12-11 01:24:04","post_content":"","post_title":"STEFANO GUARINELLI","post_excerpt":"","post_status":"publish","comment_status":"closed","ping_status":"closed","post_password":"","post_name":"stefano-guarinelli","to_ping":"","pinged":"","post_modified":"2022-12-11 02:24:04","post_modified_gmt":"2022-12-11 01:24:04","post_content_filtered":"","post_parent":0,"guid":"http:\/\/dev.claret.cat\/autor\/stefano-guarinelli\/","menu_order":0,"post_type":"autor","post_mime_type":"","comment_count":"0","filter":"raw"}]},"aioseo_notices":[],"_links":{"self":[{"href":"https:\/\/www.claret.cat\/es\/wp-json\/wp\/v2\/product\/201343","targetHints":{"allow":["GET"]}}],"collection":[{"href":"https:\/\/www.claret.cat\/es\/wp-json\/wp\/v2\/product"}],"about":[{"href":"https:\/\/www.claret.cat\/es\/wp-json\/wp\/v2\/types\/product"}],"wp:featuredmedia":[{"embeddable":true,"href":"https:\/\/www.claret.cat\/es\/wp-json\/wp\/v2\/media\/342158"}],"wp:attachment":[{"href":"https:\/\/www.claret.cat\/es\/wp-json\/wp\/v2\/media?parent=201343"}],"wp:term":[{"taxonomy":"product_brand","embeddable":true,"href":"https:\/\/www.claret.cat\/es\/wp-json\/wp\/v2\/product_brand?post=201343"},{"taxonomy":"product_cat","embeddable":true,"href":"https:\/\/www.claret.cat\/es\/wp-json\/wp\/v2\/product_cat?post=201343"},{"taxonomy":"product_tag","embeddable":true,"href":"https:\/\/www.claret.cat\/es\/wp-json\/wp\/v2\/product_tag?post=201343"}],"curies":[{"name":"wp","href":"https:\/\/api.w.org\/{rel}","templated":true}]}}