{"id":201370,"date":"2022-10-20T09:14:59","date_gmt":"2022-10-20T07:14:59","guid":{"rendered":"http:\/\/dev.claret.cat\/producte\/programa-reto-respeto-empatia-y-tolerancia\/"},"modified":"2025-09-19T18:36:07","modified_gmt":"2025-09-19T16:36:07","slug":"programa-reto-respeto-empatia-y-tolerancia-9788433029270","status":"publish","type":"product","link":"https:\/\/www.claret.cat\/es\/libro\/programa-reto-respeto-empatia-y-tolerancia-9788433029270\/","title":{"rendered":"PROGRAMA RETO. RESPETO, EMPAT\u00cdA Y TOLERANCIA"},"content":{"rendered":"<p>Programa de educaci\u00f3n emocional basado en el respeto, la empat\u00eda y la tolerancia para ni\u00f1os de tres a doce a\u00f1os.Incluye actividades amenas y divertidas para aprender a identificar, expresar y gestionar las emociones, y est\u00e1 dirigido tanto a padres como a psic\u00f3logos, maestros y educadores.<br \/> Con el programa RETO queremos reivindicar la importancia de educar las emociones y los sentimientos en la familia y la escuela, dotando a los ni\u00f1os de una conciencia emocional que les ayude a mejorar sus relaciones con los dem\u00e1s y a gestionar sus sentimientos de forma positiva. <br \/> Eva Solaz es maestra y psic\u00f3loga infantil. Ha publicado varios art\u00edculos relacionados con el trabajo de las emociones en la escuela, entre ellos: El colegio de las emociones, El rinc\u00f3n de la amistad o Trabajamos los valores en educaci\u00f3n infantil.Imparte cursos de formaci\u00f3n y talleres para educadores y familias destinados a la pr\u00e1ctica de la educaci\u00f3n emocional. Es coordinadora de convivencia escolar y del programa RETO en su escuela, el colegio Dr. Barcia Goyanes de Valencia.educarlasemocionesevasolaz.wordpress.com<\/p>\n","protected":false},"excerpt":{"rendered":"<p>SOLAZ, EVA<\/p>\n","protected":false},"featured_media":346918,"template":"","meta":{"_acf_changed":false,"om_disable_all_campaigns":false,"rs_blank_template":"","rs_page_bg_color":"","slide_template_v7":"","inline_featured_image":false,"_monsterinsights_skip_tracking":false,"_monsterinsights_sitenote_active":false,"_monsterinsights_sitenote_note":"","_monsterinsights_sitenote_category":0},"product_brand":[],"product_cat":[100,550],"product_tag":[],"class_list":{"0":"post-201370","1":"product","2":"type-product","3":"status-publish","4":"has-post-thumbnail","6":"product_cat-escola-de-pares","7":"product_cat-escuela-de-padres-3_infantil-juvenil-spa-spa","9":"first","10":"instock","11":"taxable","12":"shipping-taxable","13":"purchasable","14":"product-type-simple"},"acf":{"autor":"SOLAZ, EVA","codart":"843302927","libros-coleccion":"SUSHI BOOKS","ediciones":"1","encuadernacion":"R\u00fastica","fecha_de_publicacion":"21\/09\/2017","novedad":"1","paginas":"192","subtitulo":"ACTIVIDADES DE EDUCACI\u00d3N EMOCIONAL PARA NI\u00d1OS DE 3 A 12 A\u00d1OS","orden":"0","portada":"0","idioma":"spa","editorial":[{"ID":6179,"post_author":"3","post_date":"2022-07-28 17:46:36","post_date_gmt":"2022-07-28 15:46:36","post_content":"","post_title":"DESCLEE DE BROUWER","post_excerpt":"","post_status":"publish","comment_status":"closed","ping_status":"closed","post_password":"","post_name":"desclee-de-brouwer","to_ping":"","pinged":"","post_modified":"2022-07-28 17:46:36","post_modified_gmt":"2022-07-28 15:46:36","post_content_filtered":"","post_parent":0,"guid":"http:\/\/dev.claret.cat\/editorial\/desclee-de-brouwer\/","menu_order":0,"post_type":"editorial","post_mime_type":"","comment_count":"0","filter":"raw"}],"autores-libros":[{"ID":155548,"post_author":"3","post_date":"2022-10-14 15:13:42","post_date_gmt":"2022-10-14 13:13:42","post_content":"","post_title":"EVA SOLAZ","post_excerpt":"","post_status":"publish","comment_status":"closed","ping_status":"closed","post_password":"","post_name":"eva-solaz","to_ping":"","pinged":"","post_modified":"2022-10-14 15:13:42","post_modified_gmt":"2022-10-14 13:13:42","post_content_filtered":"","post_parent":0,"guid":"http:\/\/dev.claret.cat\/autor\/eva-solaz\/","menu_order":0,"post_type":"autor","post_mime_type":"","comment_count":"0","filter":"raw"}],"booktrailer":"","resenas":""},"aioseo_notices":[],"_links":{"self":[{"href":"https:\/\/www.claret.cat\/es\/wp-json\/wp\/v2\/product\/201370","targetHints":{"allow":["GET"]}}],"collection":[{"href":"https:\/\/www.claret.cat\/es\/wp-json\/wp\/v2\/product"}],"about":[{"href":"https:\/\/www.claret.cat\/es\/wp-json\/wp\/v2\/types\/product"}],"wp:featuredmedia":[{"embeddable":true,"href":"https:\/\/www.claret.cat\/es\/wp-json\/wp\/v2\/media\/346918"}],"wp:attachment":[{"href":"https:\/\/www.claret.cat\/es\/wp-json\/wp\/v2\/media?parent=201370"}],"wp:term":[{"taxonomy":"product_brand","embeddable":true,"href":"https:\/\/www.claret.cat\/es\/wp-json\/wp\/v2\/product_brand?post=201370"},{"taxonomy":"product_cat","embeddable":true,"href":"https:\/\/www.claret.cat\/es\/wp-json\/wp\/v2\/product_cat?post=201370"},{"taxonomy":"product_tag","embeddable":true,"href":"https:\/\/www.claret.cat\/es\/wp-json\/wp\/v2\/product_tag?post=201370"}],"curies":[{"name":"wp","href":"https:\/\/api.w.org\/{rel}","templated":true}]}}