{"id":201382,"date":"2022-10-20T09:15:12","date_gmt":"2022-10-20T07:15:12","guid":{"rendered":"http:\/\/dev.claret.cat\/producte\/metodologia-educativa-para-adolescentes-en-exclusion-social\/"},"modified":"2026-01-19T12:30:35","modified_gmt":"2026-01-19T11:30:35","slug":"metodologia-educativa-para-adolescentes-en-exclusion-social-9788431332235","status":"publish","type":"product","link":"https:\/\/www.claret.cat\/es\/libro\/metodologia-educativa-para-adolescentes-en-exclusion-social-9788431332235\/","title":{"rendered":"METODOLOG\u00cdA EDUCATIVA PARA ADOLESCENTES EN EXCLUSI\u00d3N SOCIAL"},"content":{"rendered":"<p>La poblaci\u00f3n adolescente de la denominada como \u00abexclusi\u00f3n social\u00bb presenta unas especiales caracter\u00edsticas (entre ellas el \u00abfracaso escolar\u00bb y el \u00abrechazo al aula\u00bb) y conductas de riesgo que es necesario abordar en el sistema educativo. Pero la educaci\u00f3n de este colectivo no es f\u00e1cil porque requiere continuas adaptaciones a sus especiales caracter\u00edsticas. Este libro basado en la experiencia docente de su autor durante 18 a\u00f1os en la Fundaci\u00f3n Ilund\u00e1in (Navarra), propone un conjunto de metodolog\u00edas docentes, tanto generales como espec\u00edficas, para poder abordar de manera adecuada la educaci\u00f3n de este colectivo. Su intenci\u00f3n es proporcionar una \u00abmochila\u00bb a los profesionales que trabajan con esta poblaci\u00f3n que contenga una serie de m\u00e9todos que puedan facilitar y sustenten las actividades programadas. De ah\u00ed que se trabaje la educaci\u00f3n con perspectiva integral que incluye aspectos como el clima convivencial, los valores, la normativa, el v\u00ednculo o la intervenci\u00f3n psicol\u00f3gica y familiar. Estos aspectos frecuentemente est\u00e1n \u00abocultos\u00bb en el curr\u00edculo, pero son absolutamente necesarios para la educaci\u00f3n integral \u00abhumana\u00bb que este colectivo necesita para avanzar en su adecuada inclusi\u00f3n social.<\/p>\n","protected":false},"excerpt":{"rendered":"<p>FERNANDO ECHARRI IRIBARREN<\/p>\n","protected":false},"featured_media":201383,"template":"","meta":{"_acf_changed":false,"om_disable_all_campaigns":false,"rs_blank_template":"","rs_page_bg_color":"","slide_template_v7":"","inline_featured_image":false,"_monsterinsights_skip_tracking":false,"_monsterinsights_sitenote_active":false,"_monsterinsights_sitenote_note":"","_monsterinsights_sitenote_category":0},"product_brand":[],"product_cat":[100,550],"product_tag":[],"class_list":{"0":"post-201382","1":"product","2":"type-product","3":"status-publish","4":"has-post-thumbnail","6":"product_cat-escola-de-pares","7":"product_cat-escuela-de-padres-3_infantil-juvenil-spa-spa","9":"first","10":"instock","11":"taxable","12":"shipping-taxable","13":"purchasable","14":"product-type-simple"},"acf":{"autor":"FERNANDO ECHARRI IRIBARREN","codart":"843133223","libros-coleccion":"","ediciones":"1","encuadernacion":"R\u00fastica","fecha_de_publicacion":"21\/09\/2017","novedad":"1","paginas":"184","subtitulo":"","orden":"0","portada":"0","idioma":"spa","editorial":[{"ID":148126,"post_author":"3","post_date":"2022-10-14 11:55:50","post_date_gmt":"2022-10-14 09:55:50","post_content":"","post_title":"Eunsa","post_excerpt":"","post_status":"publish","comment_status":"closed","ping_status":"closed","post_password":"","post_name":"eunsa","to_ping":"","pinged":"","post_modified":"2022-10-14 11:55:50","post_modified_gmt":"2022-10-14 09:55:50","post_content_filtered":"","post_parent":0,"guid":"http:\/\/dev.claret.cat\/editorial\/eunsa\/","menu_order":0,"post_type":"editorial","post_mime_type":"","comment_count":"0","filter":"raw"}],"booktrailer":"","resenas":"","autores-libros":[{"ID":422573,"post_author":"3","post_date":"2023-05-16 07:21:37","post_date_gmt":"2023-05-16 05:21:37","post_content":"","post_title":"FERNANDO ECHARRI IRIBARREN","post_excerpt":"","post_status":"publish","comment_status":"closed","ping_status":"closed","post_password":"","post_name":"fernando-echarri-iribarren","to_ping":"","pinged":"","post_modified":"2023-05-16 07:21:37","post_modified_gmt":"2023-05-16 05:21:37","post_content_filtered":"","post_parent":0,"guid":"https:\/\/www.claret.cat\/autor\/fernando-echarri-iribarren\/","menu_order":0,"post_type":"autor","post_mime_type":"","comment_count":"0","filter":"raw"}]},"aioseo_notices":[],"_links":{"self":[{"href":"https:\/\/www.claret.cat\/es\/wp-json\/wp\/v2\/product\/201382","targetHints":{"allow":["GET"]}}],"collection":[{"href":"https:\/\/www.claret.cat\/es\/wp-json\/wp\/v2\/product"}],"about":[{"href":"https:\/\/www.claret.cat\/es\/wp-json\/wp\/v2\/types\/product"}],"wp:featuredmedia":[{"embeddable":true,"href":"https:\/\/www.claret.cat\/es\/wp-json\/wp\/v2\/media\/201383"}],"wp:attachment":[{"href":"https:\/\/www.claret.cat\/es\/wp-json\/wp\/v2\/media?parent=201382"}],"wp:term":[{"taxonomy":"product_brand","embeddable":true,"href":"https:\/\/www.claret.cat\/es\/wp-json\/wp\/v2\/product_brand?post=201382"},{"taxonomy":"product_cat","embeddable":true,"href":"https:\/\/www.claret.cat\/es\/wp-json\/wp\/v2\/product_cat?post=201382"},{"taxonomy":"product_tag","embeddable":true,"href":"https:\/\/www.claret.cat\/es\/wp-json\/wp\/v2\/product_tag?post=201382"}],"curies":[{"name":"wp","href":"https:\/\/api.w.org\/{rel}","templated":true}]}}