{"id":201447,"date":"2022-10-20T09:16:21","date_gmt":"2022-10-20T07:16:21","guid":{"rendered":"http:\/\/dev.claret.cat\/producte\/los-origenes-de-la-fe-y-de-la-comunidad-cristiana\/"},"modified":"2024-05-23T06:24:34","modified_gmt":"2024-05-23T04:24:34","slug":"los-origenes-de-la-fe-y-de-la-comunidad-cristiana-9788490234655","status":"publish","type":"product","link":"https:\/\/www.claret.cat\/es\/libro\/los-origenes-de-la-fe-y-de-la-comunidad-cristiana-9788490234655\/","title":{"rendered":"LOS OR\u00cdGENES DE LA FE Y DE LA COMUNIDAD CRISTIANA"},"content":{"rendered":"<p>Jesucristo deja este mundo sin escribir una \u00abconstituci\u00f3n\u00bb ni otros documentos. \u00c9l vive una vida de relaci\u00f3n con su Padre, del que habla a quienes est\u00e1n pr\u00f3ximos a \u00e9l. Estos, el d\u00eda de la Resurrecci\u00f3n, empiezan a proclamarlo p\u00fablicamente \u00abSe\u00f1or y Cristo\u00bb (Hch 2,36).  Lo nuevo que est\u00e1n viviendo les lleva a iniciar una vida en com\u00fan, a la que integran progresivamente a quienes confiesan a Jes\u00fas como Se\u00f1or. El cristianismo naci\u00f3, pues, en torno a un grupo de testigos del Resucitado.  Una nueva evangelizaci\u00f3n y una Iglesia renovada deber\u00e1n, en todo momento, fundarse en testigos fidedignos del Se\u00f1or resucitado. Saber a Jes\u00fas vivo es el inicio de la fe y de la comunidad creyente.<\/p>\n","protected":false},"excerpt":{"rendered":"<p>BARTOLOM\u00c9, JUAN JOS\u00c9<\/p>\n","protected":false},"featured_media":359356,"template":"","meta":{"_acf_changed":false,"om_disable_all_campaigns":false,"rs_blank_template":"","rs_page_bg_color":"","slide_template_v7":"","inline_featured_image":false,"_monsterinsights_skip_tracking":false,"_monsterinsights_sitenote_active":false,"_monsterinsights_sitenote_note":"","_monsterinsights_sitenote_category":0},"product_brand":[],"product_cat":[345,79],"product_tag":[],"class_list":{"0":"post-201447","1":"product","2":"type-product","3":"status-publish","4":"has-post-thumbnail","6":"product_cat-espiritualidad","7":"product_cat-espiritualitat","9":"first","10":"instock","11":"taxable","12":"shipping-taxable","13":"purchasable","14":"product-type-simple"},"acf":{"autor":"BARTOLOM\u00c9, JUAN JOS\u00c9","codart":"849023465","libros-coleccion":"","ediciones":"1","encuadernacion":"R\u00fastica","fecha_de_publicacion":"18\/09\/2017","novedad":"1","paginas":"148","subtitulo":"Y SER\u00c9IS MIS TESTIGOS (Hch 1,8)","orden":"0","portada":"0","idioma":"spa","editorial":[{"ID":6155,"post_author":"3","post_date":"2022-07-28 17:46:04","post_date_gmt":"2022-07-28 15:46:04","post_content":"","post_title":"Central Catequ\u00edstica Salesiana","post_excerpt":"","post_status":"publish","comment_status":"closed","ping_status":"closed","post_password":"","post_name":"central-catequistica-salesiana","to_ping":"","pinged":"","post_modified":"2022-07-28 17:46:04","post_modified_gmt":"2022-07-28 15:46:04","post_content_filtered":"","post_parent":0,"guid":"http:\/\/dev.claret.cat\/editorial\/central-catequistica-salesiana\/","menu_order":0,"post_type":"editorial","post_mime_type":"","comment_count":"0","filter":"raw"}],"autores-libros":[{"ID":8369,"post_author":"3","post_date":"2022-09-30 09:48:03","post_date_gmt":"2022-09-30 07:48:03","post_content":"","post_title":"JUAN JOSE BARTOLOME","post_excerpt":"","post_status":"publish","comment_status":"closed","ping_status":"closed","post_password":"","post_name":"juan-jose-bartolome","to_ping":"","pinged":"","post_modified":"2022-09-30 09:48:03","post_modified_gmt":"2022-09-30 07:48:03","post_content_filtered":"","post_parent":0,"guid":"http:\/\/dev.claret.cat\/autor\/juan-jose-bartolome\/","menu_order":0,"post_type":"autor","post_mime_type":"","comment_count":"0","filter":"raw"}]},"aioseo_notices":[],"_links":{"self":[{"href":"https:\/\/www.claret.cat\/es\/wp-json\/wp\/v2\/product\/201447","targetHints":{"allow":["GET"]}}],"collection":[{"href":"https:\/\/www.claret.cat\/es\/wp-json\/wp\/v2\/product"}],"about":[{"href":"https:\/\/www.claret.cat\/es\/wp-json\/wp\/v2\/types\/product"}],"wp:featuredmedia":[{"embeddable":true,"href":"https:\/\/www.claret.cat\/es\/wp-json\/wp\/v2\/media\/359356"}],"wp:attachment":[{"href":"https:\/\/www.claret.cat\/es\/wp-json\/wp\/v2\/media?parent=201447"}],"wp:term":[{"taxonomy":"product_brand","embeddable":true,"href":"https:\/\/www.claret.cat\/es\/wp-json\/wp\/v2\/product_brand?post=201447"},{"taxonomy":"product_cat","embeddable":true,"href":"https:\/\/www.claret.cat\/es\/wp-json\/wp\/v2\/product_cat?post=201447"},{"taxonomy":"product_tag","embeddable":true,"href":"https:\/\/www.claret.cat\/es\/wp-json\/wp\/v2\/product_tag?post=201447"}],"curies":[{"name":"wp","href":"https:\/\/api.w.org\/{rel}","templated":true}]}}