{"id":201504,"date":"2022-10-20T09:17:17","date_gmt":"2022-10-20T07:17:17","guid":{"rendered":"http:\/\/dev.claret.cat\/producte\/jesus-palabra-y-gloria-del-padre\/"},"modified":"2026-01-26T13:32:21","modified_gmt":"2026-01-26T12:32:21","slug":"jesus-palabra-y-gloria-del-padre-9788490733493","status":"publish","type":"product","link":"https:\/\/www.claret.cat\/es\/libro\/jesus-palabra-y-gloria-del-padre-9788490733493\/","title":{"rendered":"JES\u00daS, PALABRA Y GLORIA DEL PADRE"},"content":{"rendered":"<p>Con Jes\u00fas, Palabra y Gloria del Padre, nos aproximamos al evangelio de Juan. Somos conscientes de que es una tradici\u00f3n distinta a la de los sin\u00f3pticos, tanto por el lenguaje como por el modo de abordar los temas que plantea. No en vano, es representado por un \u00e1guila real, el ave que vuela m\u00e1s alto, para evocar la contemplaci\u00f3n a la que eleva la lectura del Pr\u00f3logo y de cada una de sus p\u00e1ginas. <br \/>Estamos convencidos de que la experiencia espiritual del disc\u00edpulo amado y de la comunidad jo\u00e1nica, que desde su fe responde a los retos que se le plantean, cobra hoy nueva actualidad. Por ello, la Lectura creyente y orante de estos textos, tan le\u00eddos en la liturgia pascual, nos har\u00e1 profundizar en el conocimiento de Jes\u00fas y avanzar en nuestra experiencia cristiana.<\/p>\n","protected":false},"excerpt":{"rendered":"<p>EQUIPO B\u00cdBLICO VERBO DIVINO<\/p>\n","protected":false},"featured_media":1078075,"template":"","meta":{"_acf_changed":false,"om_disable_all_campaigns":false,"rs_blank_template":"","rs_page_bg_color":"","slide_template_v7":"","inline_featured_image":false,"_monsterinsights_skip_tracking":false,"_monsterinsights_sitenote_active":false,"_monsterinsights_sitenote_note":"","_monsterinsights_sitenote_category":0},"product_brand":[],"product_cat":[341,75,77,343,344,78],"product_tag":[],"class_list":{"0":"post-201504","1":"product","2":"type-product","3":"status-publish","4":"has-post-thumbnail","6":"product_cat-biblia-es","7":"product_cat-biblia","8":"product_cat-catequesi","9":"product_cat-catequesis","10":"product_cat-pastoral-1_espiritualidad","11":"product_cat-pastoral","13":"first","14":"instock","15":"taxable","16":"shipping-taxable","17":"purchasable","18":"product-type-simple"},"acf":{"autor":"EQUIPO B\u00cdBLICO VERBO DIVINO","codart":"849073349","libros-coleccion":"SUSHI BOOKS","ediciones":"1","encuadernacion":"R\u00fastica","fecha_de_publicacion":"14\/09\/2017","novedad":"1","paginas":"184","subtitulo":"ENCUENTROS B\u00cdBLICOS DESDE LA LECTIO DIVINA CON EL EVANGELIO DE JUAN","orden":"0","portada":"0","idioma":"spa","editorial":[{"ID":6390,"post_author":"3","post_date":"2022-07-28 17:51:08","post_date_gmt":"2022-07-28 15:51:08","post_content":"","post_title":"VERBO DIVINO","post_excerpt":"","post_status":"publish","comment_status":"closed","ping_status":"closed","post_password":"","post_name":"verbo-divino","to_ping":"","pinged":"","post_modified":"2022-07-28 17:51:08","post_modified_gmt":"2022-07-28 15:51:08","post_content_filtered":"","post_parent":0,"guid":"http:\/\/dev.claret.cat\/editorial\/verbo-divino\/","menu_order":0,"post_type":"editorial","post_mime_type":"","comment_count":"0","filter":"raw"}],"autores-libros":[{"ID":5459,"post_author":"3","post_date":"2022-07-28 17:24:25","post_date_gmt":"2022-07-28 15:24:25","post_content":"","post_title":"EQUIPO B\u00cdBLICO VERBO DIVINO","post_excerpt":"","post_status":"publish","comment_status":"closed","ping_status":"closed","post_password":"","post_name":"equipo-biblico-verbo-divino","to_ping":"","pinged":"","post_modified":"2022-07-28 17:24:25","post_modified_gmt":"2022-07-28 15:24:25","post_content_filtered":"","post_parent":0,"guid":"http:\/\/dev.claret.cat\/autor\/equipo-biblico-verbo-divino\/","menu_order":0,"post_type":"autor","post_mime_type":"","comment_count":"0","filter":"raw"}],"booktrailer":"","resenas":""},"aioseo_notices":[],"_links":{"self":[{"href":"https:\/\/www.claret.cat\/es\/wp-json\/wp\/v2\/product\/201504","targetHints":{"allow":["GET"]}}],"collection":[{"href":"https:\/\/www.claret.cat\/es\/wp-json\/wp\/v2\/product"}],"about":[{"href":"https:\/\/www.claret.cat\/es\/wp-json\/wp\/v2\/types\/product"}],"wp:featuredmedia":[{"embeddable":true,"href":"https:\/\/www.claret.cat\/es\/wp-json\/wp\/v2\/media\/1078075"}],"wp:attachment":[{"href":"https:\/\/www.claret.cat\/es\/wp-json\/wp\/v2\/media?parent=201504"}],"wp:term":[{"taxonomy":"product_brand","embeddable":true,"href":"https:\/\/www.claret.cat\/es\/wp-json\/wp\/v2\/product_brand?post=201504"},{"taxonomy":"product_cat","embeddable":true,"href":"https:\/\/www.claret.cat\/es\/wp-json\/wp\/v2\/product_cat?post=201504"},{"taxonomy":"product_tag","embeddable":true,"href":"https:\/\/www.claret.cat\/es\/wp-json\/wp\/v2\/product_tag?post=201504"}],"curies":[{"name":"wp","href":"https:\/\/api.w.org\/{rel}","templated":true}]}}