{"id":201660,"date":"2022-10-20T09:19:48","date_gmt":"2022-10-20T07:19:48","guid":{"rendered":"http:\/\/dev.claret.cat\/producte\/aladi-i-la-llantia-meravellosa\/"},"modified":"2024-05-22T15:59:02","modified_gmt":"2024-05-22T13:59:02","slug":"aladi-i-la-llantia-meravellosa-9788498839104","status":"publish","type":"product","link":"https:\/\/www.claret.cat\/es\/libro\/aladi-i-la-llantia-meravellosa-9788498839104\/","title":{"rendered":"ALAD\u00cd I LA LL\u00c0NTIA MERAVELLOSA"},"content":{"rendered":"<p>Viatges, tresors, genis que surten de les ll\u00e0nties i desitjos que es fan realitat&#8230; L&#8217;Alad\u00ed sap molt b\u00e9 qu\u00e8 demanar. Contes cl\u00e0ssics. Els contes de sempre adaptats per als primers lectors i per als que encara no llegeixen. El text, adaptat a la seva edat, els introdueix d&#8217;una manera amena en el m\u00f3n de les hist\u00f2ries fant\u00e0stiques. Els dibuixos, amb un toc d&#8217;humor, faciliten la comprensi\u00f3 lectora.<br \/>Viatges, tresors, genis que surten de les ll\u00e0nties i desitjos que es fan realitat&#8230; L&#8217;Alad\u00ed sap molt b\u00e9 qu\u00e8 demanar. Contes cl\u00e0ssics. Els contes de sempre adaptats per als primers lectors i per als que encara no llegeixen. El text, adaptat a la seva edat, els introdueix d&#8217;una manera amena en el m\u00f3n de les hist\u00f2ries fant\u00e0stiques. Els dibuixos, amb un toc d&#8217;humor, faciliten la comprensi\u00f3 lectora.<\/p>\n","protected":false},"excerpt":{"rendered":"<p>MULET, GEMMA; CUNYAT, POL<\/p>\n","protected":false},"featured_media":369005,"template":"","meta":{"_acf_changed":false,"om_disable_all_campaigns":false,"rs_blank_template":"","rs_page_bg_color":"","slide_template_v7":"","inline_featured_image":false,"_monsterinsights_skip_tracking":false,"_monsterinsights_sitenote_active":false,"_monsterinsights_sitenote_note":"","_monsterinsights_sitenote_category":0},"product_brand":[],"product_cat":[86,352],"product_tag":[],"class_list":{"0":"post-201660","1":"product","2":"type-product","3":"status-publish","4":"has-post-thumbnail","6":"product_cat-infantil","7":"product_cat-infantil-3_infantil-juvenil-spa","9":"first","10":"instock","11":"taxable","12":"shipping-taxable","13":"purchasable","14":"product-type-simple"},"acf":{"autor":"MULET, GEMMA; CUNYAT, POL","codart":"849883910","libros-coleccion":"","ediciones":"1","encuadernacion":"R\u00fastica","fecha_de_publicacion":"05\/09\/2017","novedad":"1","paginas":"24","subtitulo":"","orden":"0","portada":"0","idioma":"cat","editorial":[{"ID":8266,"post_author":"3","post_date":"2022-09-30 09:21:36","post_date_gmt":"2022-09-30 07:21:36","post_content":"","post_title":"PUBLICACIONS DE L'ABADIA DE MONTSERRAT","post_excerpt":"","post_status":"publish","comment_status":"closed","ping_status":"closed","post_password":"","post_name":"publicacions-de-labadia-de-montserrat-5","to_ping":"","pinged":"","post_modified":"2022-09-30 09:21:36","post_modified_gmt":"2022-09-30 07:21:36","post_content_filtered":"","post_parent":0,"guid":"http:\/\/dev.claret.cat\/editorial\/publicacions-de-labadia-de-montserrat-5\/","menu_order":0,"post_type":"editorial","post_mime_type":"","comment_count":"0","filter":"raw"}],"autores-libros":[{"ID":156680,"post_author":"3","post_date":"2022-10-14 15:22:44","post_date_gmt":"2022-10-14 13:22:44","post_content":"","post_title":"GEMMA MULET","post_excerpt":"","post_status":"publish","comment_status":"closed","ping_status":"closed","post_password":"","post_name":"gemma-mulet","to_ping":"","pinged":"","post_modified":"2022-10-14 15:22:44","post_modified_gmt":"2022-10-14 13:22:44","post_content_filtered":"","post_parent":0,"guid":"http:\/\/dev.claret.cat\/autor\/gemma-mulet\/","menu_order":0,"post_type":"autor","post_mime_type":"","comment_count":"0","filter":"raw"},{"ID":309537,"post_author":"3","post_date":"2022-12-20 08:54:44","post_date_gmt":"2022-12-20 07:54:44","post_content":"","post_title":"POL CUNYAT","post_excerpt":"","post_status":"publish","comment_status":"closed","ping_status":"closed","post_password":"","post_name":"pol-cunyat","to_ping":"","pinged":"","post_modified":"2022-12-20 08:54:44","post_modified_gmt":"2022-12-20 07:54:44","post_content_filtered":"","post_parent":0,"guid":"https:\/\/www.claret.cat\/autor\/pol-cunyat\/","menu_order":0,"post_type":"autor","post_mime_type":"","comment_count":"0","filter":"raw"}]},"aioseo_notices":[],"_links":{"self":[{"href":"https:\/\/www.claret.cat\/es\/wp-json\/wp\/v2\/product\/201660","targetHints":{"allow":["GET"]}}],"collection":[{"href":"https:\/\/www.claret.cat\/es\/wp-json\/wp\/v2\/product"}],"about":[{"href":"https:\/\/www.claret.cat\/es\/wp-json\/wp\/v2\/types\/product"}],"wp:featuredmedia":[{"embeddable":true,"href":"https:\/\/www.claret.cat\/es\/wp-json\/wp\/v2\/media\/369005"}],"wp:attachment":[{"href":"https:\/\/www.claret.cat\/es\/wp-json\/wp\/v2\/media?parent=201660"}],"wp:term":[{"taxonomy":"product_brand","embeddable":true,"href":"https:\/\/www.claret.cat\/es\/wp-json\/wp\/v2\/product_brand?post=201660"},{"taxonomy":"product_cat","embeddable":true,"href":"https:\/\/www.claret.cat\/es\/wp-json\/wp\/v2\/product_cat?post=201660"},{"taxonomy":"product_tag","embeddable":true,"href":"https:\/\/www.claret.cat\/es\/wp-json\/wp\/v2\/product_tag?post=201660"}],"curies":[{"name":"wp","href":"https:\/\/api.w.org\/{rel}","templated":true}]}}