{"id":201672,"date":"2022-10-20T09:20:00","date_gmt":"2022-10-20T07:20:00","guid":{"rendered":"http:\/\/dev.claret.cat\/producte\/sin-azucar\/"},"modified":"2023-01-28T16:43:24","modified_gmt":"2023-01-28T15:43:24","slug":"sin-azucar-9788497359931","status":"publish","type":"product","link":"https:\/\/www.claret.cat\/es\/libro\/sin-azucar-9788497359931\/","title":{"rendered":"SIN AZ\u00daCAR"},"content":{"rendered":"<p>A lo largo de sus p\u00e1ginas descubrir\u00e1s los resultados de las \u00faltimas investigaciones sobre los efectos del az\u00facar en el organismo, su relaci\u00f3n directa con la obesidad y ciertas enfermedades, o el nefasto papel que juegan los az\u00facares ocultos. Ver\u00e1s aclaradas todas tus dudas y, siguiendo las \u00faltimas tendencias del movimiento sugar free, podr\u00e1s poner en pr\u00e1ctica un plan para desintoxicarte? de \u00e9l y reincorporarlo despu\u00e9s a la dieta en su versi\u00f3n m\u00e1s sana.<\/p>\n","protected":false},"excerpt":{"rendered":"<p>NIETO MARTINEZ, CARLA<\/p>\n","protected":false},"featured_media":322312,"template":"","meta":{"_acf_changed":false,"om_disable_all_campaigns":false,"rs_blank_template":"","rs_page_bg_color":"","slide_template_v7":"","inline_featured_image":false,"_monsterinsights_skip_tracking":false,"_monsterinsights_sitenote_active":false,"_monsterinsights_sitenote_note":"","_monsterinsights_sitenote_category":0},"product_brand":[],"product_cat":[547,97],"product_tag":[],"class_list":{"0":"post-201672","1":"product","2":"type-product","3":"status-publish","4":"has-post-thumbnail","6":"product_cat-salud","7":"product_cat-salut","9":"first","10":"instock","11":"taxable","12":"shipping-taxable","13":"purchasable","14":"product-type-simple"},"acf":{"autor":"NIETO MARTINEZ, CARLA","codart":"849735993","libros-coleccion":"","ediciones":"1","encuadernacion":"R\u00fastica","fecha_de_publicacion":"01\/09\/2017","novedad":"1","paginas":"174","subtitulo":"","orden":"0","portada":"0","idioma":"spa","editorial":[{"ID":147420,"post_author":"3","post_date":"2022-10-14 11:50:26","post_date_gmt":"2022-10-14 09:50:26","post_content":"","post_title":"AMAT EDITORIAL","post_excerpt":"","post_status":"publish","comment_status":"closed","ping_status":"closed","post_password":"","post_name":"amat-editorial","to_ping":"","pinged":"","post_modified":"2022-10-14 11:50:26","post_modified_gmt":"2022-10-14 09:50:26","post_content_filtered":"","post_parent":0,"guid":"http:\/\/dev.claret.cat\/editorial\/amat-editorial\/","menu_order":0,"post_type":"editorial","post_mime_type":"","comment_count":"0","filter":"raw"}],"autores-libros":[{"ID":152113,"post_author":"3","post_date":"2022-10-14 14:46:12","post_date_gmt":"2022-10-14 12:46:12","post_content":"","post_title":"CARLA NIETO MARTINEZ","post_excerpt":"","post_status":"publish","comment_status":"closed","ping_status":"closed","post_password":"","post_name":"carla-nieto-martinez","to_ping":"","pinged":"","post_modified":"2022-10-14 14:46:12","post_modified_gmt":"2022-10-14 12:46:12","post_content_filtered":"","post_parent":0,"guid":"http:\/\/dev.claret.cat\/autor\/carla-nieto-martinez\/","menu_order":0,"post_type":"autor","post_mime_type":"","comment_count":"0","filter":"raw"}]},"aioseo_notices":[],"_links":{"self":[{"href":"https:\/\/www.claret.cat\/es\/wp-json\/wp\/v2\/product\/201672","targetHints":{"allow":["GET"]}}],"collection":[{"href":"https:\/\/www.claret.cat\/es\/wp-json\/wp\/v2\/product"}],"about":[{"href":"https:\/\/www.claret.cat\/es\/wp-json\/wp\/v2\/types\/product"}],"wp:featuredmedia":[{"embeddable":true,"href":"https:\/\/www.claret.cat\/es\/wp-json\/wp\/v2\/media\/322312"}],"wp:attachment":[{"href":"https:\/\/www.claret.cat\/es\/wp-json\/wp\/v2\/media?parent=201672"}],"wp:term":[{"taxonomy":"product_brand","embeddable":true,"href":"https:\/\/www.claret.cat\/es\/wp-json\/wp\/v2\/product_brand?post=201672"},{"taxonomy":"product_cat","embeddable":true,"href":"https:\/\/www.claret.cat\/es\/wp-json\/wp\/v2\/product_cat?post=201672"},{"taxonomy":"product_tag","embeddable":true,"href":"https:\/\/www.claret.cat\/es\/wp-json\/wp\/v2\/product_tag?post=201672"}],"curies":[{"name":"wp","href":"https:\/\/api.w.org\/{rel}","templated":true}]}}