{"id":201696,"date":"2022-10-20T09:20:23","date_gmt":"2022-10-20T07:20:23","guid":{"rendered":"http:\/\/dev.claret.cat\/producte\/la-teoria-de-la-relatividad-de-einstein\/"},"modified":"2025-02-04T17:30:06","modified_gmt":"2025-02-04T16:30:06","slug":"la-teoria-de-la-relatividad-de-einstein-9788482986623","status":"publish","type":"product","link":"https:\/\/www.claret.cat\/es\/libro\/la-teoria-de-la-relatividad-de-einstein-9788482986623\/","title":{"rendered":"LA TEOR\u00cdA DE LA RELATIVIDAD DE EINSTEIN"},"content":{"rendered":"<p>Albert Einstein encarna como pocos el potencial de la ciencia para redefinir nuestra visi\u00f3n del mundo. No en vano su rostro se cuenta entre los m\u00e1s reconocibles del siglo pasado, a la altura de las estrellas de cine o de las grandes figuras de la pol\u00edtica. Apagados los ecos de la \u00e9poca convulsa en la que vivi\u00f3 y cre\u00f3, de las guerras mundiales y el p\u00e1nico nuclear, perduran sus extraordinarias aportaciones cient\u00edficas: la relaci\u00f3n entre masa y energ\u00eda expresada en la celeb\u00e9rrima ecuaci\u00f3n E=mc2, su trabajo pionero sobre la naturaleza cu\u00e1ntica de la luz y, sobre todo, la teor\u00eda de la relatividad, que alter\u00f3 para siempre nuestras ideas m\u00e1s arraigadas acerca del espacio y el tiempo. El espacio es cuesti\u00f3n de tiempo..<\/p>\n","protected":false},"excerpt":{"rendered":"<p>BLANCO LASERNA, DAVID<\/p>\n","protected":false},"featured_media":201697,"template":"","meta":{"_acf_changed":false,"om_disable_all_campaigns":false,"rs_blank_template":"","rs_page_bg_color":"","slide_template_v7":"","inline_featured_image":false,"_monsterinsights_skip_tracking":false,"_monsterinsights_sitenote_active":false,"_monsterinsights_sitenote_note":"","_monsterinsights_sitenote_category":0},"product_brand":[],"product_cat":[554,104],"product_tag":[],"class_list":{"0":"post-201696","1":"product","2":"type-product","3":"status-publish","4":"has-post-thumbnail","6":"product_cat-ciencia-5_otras-spa","7":"product_cat-ciencia","9":"first","10":"instock","11":"taxable","12":"shipping-taxable","13":"purchasable","14":"product-type-simple"},"acf":{"autor":"BLANCO LASERNA, DAVID","codart":"848298662","libros-coleccion":"SUSHI BOOKS","ediciones":"1","encuadernacion":"Carton\u00e9","fecha_de_publicacion":"01\/09\/2017","novedad":"1","paginas":"175","subtitulo":"","orden":"0","portada":"0","idioma":"spa","editorial":[{"ID":148560,"post_author":"3","post_date":"2022-10-14 11:59:12","post_date_gmt":"2022-10-14 09:59:12","post_content":"","post_title":"National Geographic","post_excerpt":"","post_status":"publish","comment_status":"closed","ping_status":"closed","post_password":"","post_name":"national-geographic","to_ping":"","pinged":"","post_modified":"2022-10-14 11:59:12","post_modified_gmt":"2022-10-14 09:59:12","post_content_filtered":"","post_parent":0,"guid":"http:\/\/dev.claret.cat\/editorial\/national-geographic\/","menu_order":0,"post_type":"editorial","post_mime_type":"","comment_count":"0","filter":"raw"}],"autores-libros":[{"ID":153752,"post_author":"3","post_date":"2022-10-14 14:59:15","post_date_gmt":"2022-10-14 12:59:15","post_content":"","post_title":"DAVID BLANCO LASERNA","post_excerpt":"","post_status":"publish","comment_status":"closed","ping_status":"closed","post_password":"","post_name":"david-blanco-laserna","to_ping":"","pinged":"","post_modified":"2022-10-14 14:59:15","post_modified_gmt":"2022-10-14 12:59:15","post_content_filtered":"","post_parent":0,"guid":"http:\/\/dev.claret.cat\/autor\/david-blanco-laserna\/","menu_order":0,"post_type":"autor","post_mime_type":"","comment_count":"0","filter":"raw"}]},"aioseo_notices":[],"_links":{"self":[{"href":"https:\/\/www.claret.cat\/es\/wp-json\/wp\/v2\/product\/201696","targetHints":{"allow":["GET"]}}],"collection":[{"href":"https:\/\/www.claret.cat\/es\/wp-json\/wp\/v2\/product"}],"about":[{"href":"https:\/\/www.claret.cat\/es\/wp-json\/wp\/v2\/types\/product"}],"wp:featuredmedia":[{"embeddable":true,"href":"https:\/\/www.claret.cat\/es\/wp-json\/wp\/v2\/media\/201697"}],"wp:attachment":[{"href":"https:\/\/www.claret.cat\/es\/wp-json\/wp\/v2\/media?parent=201696"}],"wp:term":[{"taxonomy":"product_brand","embeddable":true,"href":"https:\/\/www.claret.cat\/es\/wp-json\/wp\/v2\/product_brand?post=201696"},{"taxonomy":"product_cat","embeddable":true,"href":"https:\/\/www.claret.cat\/es\/wp-json\/wp\/v2\/product_cat?post=201696"},{"taxonomy":"product_tag","embeddable":true,"href":"https:\/\/www.claret.cat\/es\/wp-json\/wp\/v2\/product_tag?post=201696"}],"curies":[{"name":"wp","href":"https:\/\/api.w.org\/{rel}","templated":true}]}}