{"id":201711,"date":"2022-10-20T09:20:37","date_gmt":"2022-10-20T07:20:37","guid":{"rendered":"http:\/\/dev.claret.cat\/producte\/historias\/"},"modified":"2023-01-28T02:52:07","modified_gmt":"2023-01-28T01:52:07","slug":"historias-9788415673668","status":"publish","type":"product","link":"https:\/\/www.claret.cat\/es\/libro\/historias-9788415673668\/","title":{"rendered":"HISTORIAS"},"content":{"rendered":"<p>Edici\u00f3n de Roc\u00edo Fern\u00e1ndez BerrocalEscritos en Moguer entre 1909 y 1912, los poemas de Historias acompa\u00f1aron a Juan Ram\u00f3n Jim\u00e9nez toda su vida. El poeta corrigi\u00f3 el libro en 1921 y algunos de los textos del mismo formaron parte de sucesivas antolog\u00edas, pero otros quedaron in\u00e9ditos y pendientes de publicaci\u00f3n conforme al gui\u00f3n revisado que fijar\u00eda en su exilio de Puerto Rico. Esta edici\u00f3n ofrece por primera vez el libro completo, dividido en cuatro secciones: \u00abHistorias para ni\u00f1os sin coraz\u00f3n\u00bb, \u00abOtras marinas de ensue\u00f1o\u00bb, \u00abLa ni\u00f1a muerta\u00bb ?dedicada a una sobrina que falleci\u00f3 con s\u00f3lo 26 meses? y \u00abEl tren lejano\u00bb. Frente a la consabida imagen del autor replegado en su ?torre de marfil?, el poeta se manifiesta, del mismo modo que en Platero y yo, como un gran observador de la realidad y de la naturaleza humana. Historias lleva impl\u00edcita toda la luz de Moguer con su m\u00e1gico tiempo dentro, o tambi\u00e9n el recuerdo de sus vivencias de colegial en El Puerto de Santa Mar\u00eda. Es el Juan Ram\u00f3n primero de la ?etapa sensitiva?, que medita y prepara el camino de Diario de un poetareciencasado. El poeta puro de los ni\u00f1os, el mar, el ensue\u00f1o elegiaco y la permanente melancol\u00eda.<\/p>\n","protected":false},"excerpt":{"rendered":"<p>JIM\u00c9NEZ, JUAN RAM\u00d3N<\/p>\n","protected":false},"featured_media":201712,"template":"","meta":{"_acf_changed":false,"om_disable_all_campaigns":false,"rs_blank_template":"","rs_page_bg_color":"","slide_template_v7":"","inline_featured_image":false,"_monsterinsights_skip_tracking":false,"_monsterinsights_sitenote_active":false,"_monsterinsights_sitenote_note":"","_monsterinsights_sitenote_category":0},"product_brand":[],"product_cat":[87],"product_tag":[],"class_list":{"0":"post-201711","1":"product","2":"type-product","3":"status-publish","4":"has-post-thumbnail","6":"product_cat-literatura","8":"first","9":"instock","10":"taxable","11":"shipping-taxable","12":"purchasable","13":"product-type-simple"},"acf":{"autor":"JIM\u00c9NEZ, JUAN RAM\u00d3N","codart":"841567366","libros-coleccion":"FORA DE COL.LECCI\u00d3","ediciones":"1","encuadernacion":"Carton\u00e9","fecha_de_publicacion":"01\/09\/2017","novedad":"1","paginas":"229","subtitulo":"EDICI\u00d3N DE ROC\u00cdO FERN\u00c1NDEZ BERROCAL","orden":"0","portada":"0","idioma":"spa","editorial":[{"ID":148179,"post_author":"3","post_date":"2022-10-14 11:56:15","post_date_gmt":"2022-10-14 09:56:15","post_content":"","post_title":"FUNDACI\u00d3N JOS\u00c9 MANUEL LARA","post_excerpt":"","post_status":"publish","comment_status":"closed","ping_status":"closed","post_password":"","post_name":"fundacion-jose-manuel-lara","to_ping":"","pinged":"","post_modified":"2022-10-14 11:56:15","post_modified_gmt":"2022-10-14 09:56:15","post_content_filtered":"","post_parent":0,"guid":"http:\/\/dev.claret.cat\/editorial\/fundacion-jose-manuel-lara\/","menu_order":0,"post_type":"editorial","post_mime_type":"","comment_count":"0","filter":"raw"}],"autores-libros":[{"ID":161156,"post_author":"3","post_date":"2022-10-14 17:15:57","post_date_gmt":"2022-10-14 15:15:57","post_content":"","post_title":"JUAN RAMON JIMENEZ","post_excerpt":"","post_status":"publish","comment_status":"closed","ping_status":"closed","post_password":"","post_name":"juan-ramon-jimenez","to_ping":"","pinged":"","post_modified":"2022-10-14 17:15:57","post_modified_gmt":"2022-10-14 15:15:57","post_content_filtered":"","post_parent":0,"guid":"http:\/\/dev.claret.cat\/autor\/juan-ramon-jimenez\/","menu_order":0,"post_type":"autor","post_mime_type":"","comment_count":"0","filter":"raw"}]},"aioseo_notices":[],"_links":{"self":[{"href":"https:\/\/www.claret.cat\/es\/wp-json\/wp\/v2\/product\/201711","targetHints":{"allow":["GET"]}}],"collection":[{"href":"https:\/\/www.claret.cat\/es\/wp-json\/wp\/v2\/product"}],"about":[{"href":"https:\/\/www.claret.cat\/es\/wp-json\/wp\/v2\/types\/product"}],"wp:featuredmedia":[{"embeddable":true,"href":"https:\/\/www.claret.cat\/es\/wp-json\/wp\/v2\/media\/201712"}],"wp:attachment":[{"href":"https:\/\/www.claret.cat\/es\/wp-json\/wp\/v2\/media?parent=201711"}],"wp:term":[{"taxonomy":"product_brand","embeddable":true,"href":"https:\/\/www.claret.cat\/es\/wp-json\/wp\/v2\/product_brand?post=201711"},{"taxonomy":"product_cat","embeddable":true,"href":"https:\/\/www.claret.cat\/es\/wp-json\/wp\/v2\/product_cat?post=201711"},{"taxonomy":"product_tag","embeddable":true,"href":"https:\/\/www.claret.cat\/es\/wp-json\/wp\/v2\/product_tag?post=201711"}],"curies":[{"name":"wp","href":"https:\/\/api.w.org\/{rel}","templated":true}]}}