{"id":201879,"date":"2022-10-20T09:23:13","date_gmt":"2022-10-20T07:23:13","guid":{"rendered":"http:\/\/dev.claret.cat\/producte\/sepulcros-de-vaqueros\/"},"modified":"2023-01-28T19:49:52","modified_gmt":"2023-01-28T18:49:52","slug":"sepulcros-de-vaqueros-9788420427430","status":"publish","type":"product","link":"https:\/\/www.claret.cat\/es\/libro\/sepulcros-de-vaqueros-9788420427430\/","title":{"rendered":"SEPULCROS DE VAQUEROS"},"content":{"rendered":"<p>Una clave m\u00e1s del universo literario de Roberto Bola\u00f1o, uno de los  escritores imprescindibles de la literatura contempor\u00e1nea en espa\u00f1ol.\u00abLa vida da muchas vueltas, se\u00f1or Belano, la aventura no termina nunca&#8230;\u00bbEscritor incansable, Roberto Bola\u00f1o se desenvuelve con igual maestr\u00eda en  las novelas de largo aliento que le han dado fama universal y en los relatos y novelas cortas. Este volumen incluye tres nouvelles  in\u00e9ditas -\u00abPatria\u00bb, \u00abSepulcros de vaqueros\u00bb y \u00abComedia del horror de  Francia\u00bb- en las que est\u00e1 presente lo mejor del genio literario del  autor chileno: el Mal, la violencia, la historia, la literatura, la  iron\u00eda, M\u00e9xico, Chile, el amor, el suspense, la b\u00fasqueda&#8230; a lo que se  suma alguno de sus personajes m\u00e1s c\u00e9lebres, como el ubicuo detective salvaje Arturo Belano.\u00abHablar de las novelas y los cuentos de Roberto Bola\u00f1o como  fragmentarios resulta parcial, puesto que cada fragmento depende de una   unidad en constante movimiento, en un verdadero proceso de creaci\u00f3n que  es al mismo tiempo consolidaci\u00f3n de un universo. [&#8230;] La imaginaci\u00f3n  desbordada, la intensidad de los sentimientos, la incisiva cr\u00edtica, la  febril actividad o los extra\u00f1os personajes hacen deSepulcros de vaqueros un libro enormemente atractivo y original.\u00bb<br \/>Del pr\u00f3logo de Juan Antonio Masoliver R\u00f3denasRese\u00f1as:<br \/>\u00abUno de los m\u00e1s grandes e influyentes escritores contempor\u00e1neos.\u00bb<br \/>The New York Times\u00abFue un escritor experimental que invent\u00f3 formas nuevas y fue una voz muy independiente y muy cr\u00edtica.\u00bb<br \/>Mario Vargas Llosa\u00abCasi todos los escritores creen ser, o quieren ser, como Roberto  Bola\u00f1o: innovadores y audaces en el estilo, seductores en la narraci\u00f3n,  y capaces de ser le\u00eddos y rele\u00eddos; en otras palabras, excepcionales.\u00bb<br \/>Scott Bryan Wilson, The Quarterly Conversation\u00abUno de los autores m\u00e1s respetados e influyentes de su generaci\u00f3n [&#8230;].  Al mismo tiempo divertido y, en cierto sentido, intensamente aterrador.\u00bb<br \/>John Banville, The Nation\u00abSe convirti\u00f3 en un cuentista y novelista central, quiz\u00e1s el m\u00e1s destacado de su generaci\u00f3n, sin duda el m\u00e1s original y el m\u00e1s  infrecuente.\u00bb<br \/>Jorge Edwards\u00abTom\u00f3 lo que estaba all\u00ed, como Joyce hizo con Irlanda casi un siglo  antes: una sociedad rota con una tradici\u00f3n literaria extra\u00f1a. Y  le dio  la vuelta, usando su caos, su naturaleza informe e inestable, su  violencia, para convertirlo en algo estable y eterno, en un logro  literario sin parang\u00f3n. Al igual que Joyce, cada uno de sus libros era  m\u00e1s ambicioso que el anterior. Nos llevar\u00e1 muchos a\u00f1os alcanzar lo que \u00e9l ha conseguido.\u00bb<br \/>Colm Tob\u00edn\u00abBola\u00f1o ha probado que la literatura lo puede todo.\u00bb<br \/>Jonathan Lethem\u00abBola\u00f1o experiment\u00f3 la intensidad incomparable de escribir no una obra  maestra sino m\u00e1s de una. Nadie que yo haya conocido sab\u00eda mejor que  Bola\u00f1o que para un escritor no hay ning\u00fan \u00e9xito que pueda ni remotamente compararse a \u00e9se.\u00bb<br \/>Javier Cercas<\/p>\n","protected":false},"excerpt":{"rendered":"<p>ROBERTO BOLA\u00d1O<\/p>\n","protected":false},"featured_media":201880,"template":"","meta":{"_acf_changed":false,"om_disable_all_campaigns":false,"rs_blank_template":"","rs_page_bg_color":"","slide_template_v7":"","inline_featured_image":false,"_monsterinsights_skip_tracking":false,"_monsterinsights_sitenote_active":false,"_monsterinsights_sitenote_note":"","_monsterinsights_sitenote_category":0},"product_brand":[],"product_cat":[87],"product_tag":[],"class_list":{"0":"post-201879","1":"product","2":"type-product","3":"status-publish","4":"has-post-thumbnail","6":"product_cat-literatura","8":"first","9":"instock","10":"taxable","11":"shipping-taxable","12":"purchasable","13":"product-type-simple"},"acf":{"autor":"ROBERTO BOLA\u00d1O","codart":"842042743","libros-coleccion":"HISP\u00c1NICA","ediciones":"1","encuadernacion":"R\u00fastica","fecha_de_publicacion":"01\/09\/2017","novedad":"1","paginas":"214","subtitulo":"","orden":"0","portada":"0","idioma":"spa","editorial":[{"ID":6118,"post_author":"3","post_date":"2022-07-28 17:45:17","post_date_gmt":"2022-07-28 15:45:17","post_content":"","post_title":"ALFAGUARA","post_excerpt":"","post_status":"publish","comment_status":"closed","ping_status":"closed","post_password":"","post_name":"alfaguara","to_ping":"","pinged":"","post_modified":"2022-07-28 17:45:17","post_modified_gmt":"2022-07-28 15:45:17","post_content_filtered":"","post_parent":0,"guid":"http:\/\/dev.claret.cat\/editorial\/alfaguara\/","menu_order":0,"post_type":"editorial","post_mime_type":"","comment_count":"0","filter":"raw"}]},"aioseo_notices":[],"_links":{"self":[{"href":"https:\/\/www.claret.cat\/es\/wp-json\/wp\/v2\/product\/201879","targetHints":{"allow":["GET"]}}],"collection":[{"href":"https:\/\/www.claret.cat\/es\/wp-json\/wp\/v2\/product"}],"about":[{"href":"https:\/\/www.claret.cat\/es\/wp-json\/wp\/v2\/types\/product"}],"wp:featuredmedia":[{"embeddable":true,"href":"https:\/\/www.claret.cat\/es\/wp-json\/wp\/v2\/media\/201880"}],"wp:attachment":[{"href":"https:\/\/www.claret.cat\/es\/wp-json\/wp\/v2\/media?parent=201879"}],"wp:term":[{"taxonomy":"product_brand","embeddable":true,"href":"https:\/\/www.claret.cat\/es\/wp-json\/wp\/v2\/product_brand?post=201879"},{"taxonomy":"product_cat","embeddable":true,"href":"https:\/\/www.claret.cat\/es\/wp-json\/wp\/v2\/product_cat?post=201879"},{"taxonomy":"product_tag","embeddable":true,"href":"https:\/\/www.claret.cat\/es\/wp-json\/wp\/v2\/product_tag?post=201879"}],"curies":[{"name":"wp","href":"https:\/\/api.w.org\/{rel}","templated":true}]}}