{"id":201948,"date":"2022-10-20T09:24:21","date_gmt":"2022-10-20T07:24:21","guid":{"rendered":"http:\/\/dev.claret.cat\/producte\/100-activitats-montessori-per-ajudar-els-teus-fills-en-l-aprenentatge-de-la-lectura\/"},"modified":"2025-10-20T19:12:06","modified_gmt":"2025-10-20T17:12:06","slug":"100-activitats-montessori-per-ajudar-els-teus-fills-en-l-aprenentatge-de-la-lectura-9788491371786","status":"publish","type":"product","link":"https:\/\/www.claret.cat\/es\/libro\/100-activitats-montessori-per-ajudar-els-teus-fills-en-l-aprenentatge-de-la-lectura-9788491371786\/","title":{"rendered":"100 ACTIVITATS MONTESSORI PER AJUDAR ELS TEUS FILLS EN L APRENENTATGE DE LA LECTURA"},"content":{"rendered":"<p>El per\u00edode sensible de l&#8217;escriptura i de la lectura comen\u00e7a una mica abans dels 3 anys i continua fins als 6 anys. Si li proposem al nen, en aquest per\u00edode privilegiat, activitats l\u00fadiques i variades, acompanyades d&#8217;un ambient de serenitat al seu voltant, li proporcionarem les claus per aprendre l&#8217;escriptura i la lectura amb facilitat.<\/p>\n","protected":false},"excerpt":{"rendered":"<p>PLACE, MARIE H\u00c9L\u00c8NE<\/p>\n","protected":false},"featured_media":201949,"template":"","meta":{"_acf_changed":false,"om_disable_all_campaigns":false,"rs_blank_template":"","rs_page_bg_color":"","slide_template_v7":"","inline_featured_image":false,"_monsterinsights_skip_tracking":false,"_monsterinsights_sitenote_active":false,"_monsterinsights_sitenote_note":"","_monsterinsights_sitenote_category":0},"product_brand":[],"product_cat":[100,550],"product_tag":[],"class_list":{"0":"post-201948","1":"product","2":"type-product","3":"status-publish","4":"has-post-thumbnail","6":"product_cat-escola-de-pares","7":"product_cat-escuela-de-padres-3_infantil-juvenil-spa-spa","9":"first","10":"instock","11":"taxable","12":"shipping-taxable","13":"purchasable","14":"product-type-simple"},"acf":{"autor":"PLACE, MARIE H\u00c9L\u00c8NE","codart":"849137178","libros-coleccion":"SUSHI BOOKS","ediciones":"1","encuadernacion":"R\u00fastica","fecha_de_publicacion":"01\/09\/2017","novedad":"1","paginas":"202","subtitulo":"","orden":"0","portada":"0","idioma":"cat","editorial":[{"ID":6249,"post_author":"3","post_date":"2022-07-28 17:48:09","post_date_gmt":"2022-07-28 15:48:09","post_content":"","post_title":"Estrella Polar","post_excerpt":"","post_status":"publish","comment_status":"closed","ping_status":"closed","post_password":"","post_name":"estrella-polar","to_ping":"","pinged":"","post_modified":"2022-07-28 17:48:09","post_modified_gmt":"2022-07-28 15:48:09","post_content_filtered":"","post_parent":0,"guid":"http:\/\/dev.claret.cat\/editorial\/estrella-polar\/","menu_order":0,"post_type":"editorial","post_mime_type":"","comment_count":"0","filter":"raw"}],"autores-libros":[{"ID":163888,"post_author":"3","post_date":"2022-10-14 17:42:39","post_date_gmt":"2022-10-14 15:42:39","post_content":"","post_title":"MARIE H\u00c9L\u00c8NE PLACE","post_excerpt":"","post_status":"publish","comment_status":"closed","ping_status":"closed","post_password":"","post_name":"marie-helene-place","to_ping":"","pinged":"","post_modified":"2022-10-14 17:42:39","post_modified_gmt":"2022-10-14 15:42:39","post_content_filtered":"","post_parent":0,"guid":"http:\/\/dev.claret.cat\/autor\/marie-helene-place\/","menu_order":0,"post_type":"autor","post_mime_type":"","comment_count":"0","filter":"raw"}],"booktrailer":"","resenas":""},"aioseo_notices":[],"_links":{"self":[{"href":"https:\/\/www.claret.cat\/es\/wp-json\/wp\/v2\/product\/201948","targetHints":{"allow":["GET"]}}],"collection":[{"href":"https:\/\/www.claret.cat\/es\/wp-json\/wp\/v2\/product"}],"about":[{"href":"https:\/\/www.claret.cat\/es\/wp-json\/wp\/v2\/types\/product"}],"wp:featuredmedia":[{"embeddable":true,"href":"https:\/\/www.claret.cat\/es\/wp-json\/wp\/v2\/media\/201949"}],"wp:attachment":[{"href":"https:\/\/www.claret.cat\/es\/wp-json\/wp\/v2\/media?parent=201948"}],"wp:term":[{"taxonomy":"product_brand","embeddable":true,"href":"https:\/\/www.claret.cat\/es\/wp-json\/wp\/v2\/product_brand?post=201948"},{"taxonomy":"product_cat","embeddable":true,"href":"https:\/\/www.claret.cat\/es\/wp-json\/wp\/v2\/product_cat?post=201948"},{"taxonomy":"product_tag","embeddable":true,"href":"https:\/\/www.claret.cat\/es\/wp-json\/wp\/v2\/product_tag?post=201948"}],"curies":[{"name":"wp","href":"https:\/\/api.w.org\/{rel}","templated":true}]}}