{"id":202053,"date":"2022-10-20T09:26:00","date_gmt":"2022-10-20T07:26:00","guid":{"rendered":"http:\/\/dev.claret.cat\/producte\/bea-ampamp-guille-4-bea-esconde-la-bicicleta\/"},"modified":"2025-01-31T15:20:17","modified_gmt":"2025-01-31T14:20:17","slug":"bea-ampamp-guille-4-bea-esconde-la-bicicleta-9788424660772","status":"publish","type":"product","link":"https:\/\/www.claret.cat\/es\/libro\/bea-ampamp-guille-4-bea-esconde-la-bicicleta-9788424660772\/","title":{"rendered":"BEA &amp;AMP;AMP; GUILLE 4. BEA ESCONDE LA BICICLETA"},"content":{"rendered":"<p>Bea no quiere ir con su padre en bici.. porque no sabe ir en bicicleta. Pero lo que la molesta m\u00e1s es que Guille aprender\u00e1 pronto. Parece que todo lo que hace su hermano es para molestarla. Y Bea no sabe c\u00f3mo gestionar este sentimiento. La culpa de todo la tienen pap\u00e1 y mam\u00e1 y su empe\u00f1o en que aprenda a pedalear.<\/p>\n","protected":false},"excerpt":{"rendered":"<p>MEN\u00c9NDEZ-PONTE, MAR\u00cdA<\/p>\n","protected":false},"featured_media":202054,"template":"","meta":{"_acf_changed":false,"om_disable_all_campaigns":false,"rs_blank_template":"","rs_page_bg_color":"","slide_template_v7":"","inline_featured_image":false,"_monsterinsights_skip_tracking":false,"_monsterinsights_sitenote_active":false,"_monsterinsights_sitenote_note":"","_monsterinsights_sitenote_category":0},"product_brand":[],"product_cat":[86,352],"product_tag":[],"class_list":{"0":"post-202053","1":"product","2":"type-product","3":"status-publish","4":"has-post-thumbnail","6":"product_cat-infantil","7":"product_cat-infantil-3_infantil-juvenil-spa","9":"first","10":"instock","11":"taxable","12":"shipping-taxable","13":"purchasable","14":"product-type-simple"},"acf":{"autor":"MEN\u00c9NDEZ-PONTE, MAR\u00cdA","codart":"842466077","libros-coleccion":"SUSHI BOOKS","ediciones":"1","encuadernacion":"Carton\u00e9","fecha_de_publicacion":"01\/09\/2017","novedad":"1","paginas":"0","subtitulo":"","orden":"0","portada":"0","idioma":"spa","autores-libros":[{"ID":5797,"post_author":"3","post_date":"2022-07-28 17:31:40","post_date_gmt":"2022-07-28 15:31:40","post_content":"","post_title":"MARIA MENENDEZ-PONTE","post_excerpt":"","post_status":"publish","comment_status":"closed","ping_status":"closed","post_password":"","post_name":"maria-menendez-ponte","to_ping":"","pinged":"","post_modified":"2022-07-28 17:31:40","post_modified_gmt":"2022-07-28 15:31:40","post_content_filtered":"","post_parent":0,"guid":"http:\/\/dev.claret.cat\/autor\/maria-menendez-ponte\/","menu_order":0,"post_type":"autor","post_mime_type":"","comment_count":"0","filter":"raw"}],"editorial":[{"ID":261955,"post_author":"3","post_date":"2022-10-24 11:18:03","post_date_gmt":"2022-10-24 09:18:03","post_content":"","post_title":"Diccionaris de l'Enciclop\u00e8dia","post_excerpt":"","post_status":"publish","comment_status":"closed","ping_status":"closed","post_password":"","post_name":"diccionaris-de-lenciclopedia","to_ping":"","pinged":"","post_modified":"2022-10-24 11:18:03","post_modified_gmt":"2022-10-24 09:18:03","post_content_filtered":"","post_parent":0,"guid":"http:\/\/dev.claret.cat\/editorial\/diccionaris-de-lenciclopedia\/","menu_order":0,"post_type":"editorial","post_mime_type":"","comment_count":"0","filter":"raw"}]},"aioseo_notices":[],"_links":{"self":[{"href":"https:\/\/www.claret.cat\/es\/wp-json\/wp\/v2\/product\/202053","targetHints":{"allow":["GET"]}}],"collection":[{"href":"https:\/\/www.claret.cat\/es\/wp-json\/wp\/v2\/product"}],"about":[{"href":"https:\/\/www.claret.cat\/es\/wp-json\/wp\/v2\/types\/product"}],"wp:featuredmedia":[{"embeddable":true,"href":"https:\/\/www.claret.cat\/es\/wp-json\/wp\/v2\/media\/202054"}],"wp:attachment":[{"href":"https:\/\/www.claret.cat\/es\/wp-json\/wp\/v2\/media?parent=202053"}],"wp:term":[{"taxonomy":"product_brand","embeddable":true,"href":"https:\/\/www.claret.cat\/es\/wp-json\/wp\/v2\/product_brand?post=202053"},{"taxonomy":"product_cat","embeddable":true,"href":"https:\/\/www.claret.cat\/es\/wp-json\/wp\/v2\/product_cat?post=202053"},{"taxonomy":"product_tag","embeddable":true,"href":"https:\/\/www.claret.cat\/es\/wp-json\/wp\/v2\/product_tag?post=202053"}],"curies":[{"name":"wp","href":"https:\/\/api.w.org\/{rel}","templated":true}]}}