{"id":202059,"date":"2022-10-20T09:26:06","date_gmt":"2022-10-20T07:26:06","guid":{"rendered":"http:\/\/dev.claret.cat\/producte\/el-jardin-secreto-4\/"},"modified":"2023-01-28T07:02:09","modified_gmt":"2023-01-28T06:02:09","slug":"el-jardin-secreto-9788417151010","status":"publish","type":"product","link":"https:\/\/www.claret.cat\/es\/libro\/el-jardin-secreto-9788417151010\/","title":{"rendered":"EL JARD\u00cdN SECRETO"},"content":{"rendered":"<p>Un cl\u00e1sico de la literatura infantil en lengua inglesa, enriquecido con una invitaci\u00f3n a la lectura y actividades que nos ayudan a profundizar y reflexionar sobre la novela. Esta es la entra\u00f1able historia de la peque\u00f1a Mary Lennox, una ni\u00f1a de nueve a\u00f1os que, tras quedarse hu\u00e9rfana en la India, es enviada a Misselthwaite, la lujosa pero misteriosa mansi\u00f3n de su t\u00edo en los p\u00e1ramos del condado de Yorkshire. Aqu\u00ed descubrir\u00e1 un lugar m\u00e1gico para ella y sus nuevos amigos: Colin, su primo enfermo y caprichoso, y Dickon, un muchacho ingenuo y bondadoso. Todos juntos y con la providencial gu\u00eda de un petirrojo rehabilitar\u00e1n su jard\u00edn secreto, labor que les ayudar\u00e1 a crear una relaci\u00f3n especial que cambiar\u00e1 sus destinos para siempre.<\/p>\n","protected":false},"excerpt":{"rendered":"<p>HODGSON BURNETT, FRANCES<\/p>\n","protected":false},"featured_media":202060,"template":"","meta":{"_acf_changed":false,"om_disable_all_campaigns":false,"rs_blank_template":"","rs_page_bg_color":"","slide_template_v7":"","inline_featured_image":false,"_monsterinsights_skip_tracking":false,"_monsterinsights_sitenote_active":false,"_monsterinsights_sitenote_note":"","_monsterinsights_sitenote_category":0},"product_brand":[],"product_cat":[86,87],"product_tag":[],"class_list":{"0":"post-202059","1":"product","2":"type-product","3":"status-publish","4":"has-post-thumbnail","6":"product_cat-infantil","7":"product_cat-literatura","9":"first","10":"instock","11":"taxable","12":"shipping-taxable","13":"purchasable","14":"product-type-simple"},"acf":{"autor":"HODGSON BURNETT, FRANCES","codart":"841715101","libros-coleccion":"FORA DE COL.LECCI\u00d3","ediciones":"1","encuadernacion":"R\u00fastica","fecha_de_publicacion":"01\/09\/2017","novedad":"1","paginas":"356","subtitulo":"","orden":"0","portada":"0","idioma":"spa","editorial":[{"ID":6365,"post_author":"3","post_date":"2022-07-28 17:50:37","post_date_gmt":"2022-07-28 15:50:37","post_content":"","post_title":"Siruela","post_excerpt":"","post_status":"publish","comment_status":"closed","ping_status":"closed","post_password":"","post_name":"siruela","to_ping":"","pinged":"","post_modified":"2022-07-28 17:50:37","post_modified_gmt":"2022-07-28 15:50:37","post_content_filtered":"","post_parent":0,"guid":"http:\/\/dev.claret.cat\/editorial\/siruela\/","menu_order":0,"post_type":"editorial","post_mime_type":"","comment_count":"0","filter":"raw"}],"autores-libros":[{"ID":156058,"post_author":"3","post_date":"2022-10-14 15:17:47","post_date_gmt":"2022-10-14 13:17:47","post_content":"","post_title":"FRANCES HODGSON BURNETT","post_excerpt":"","post_status":"publish","comment_status":"closed","ping_status":"closed","post_password":"","post_name":"frances-hodgson-burnett","to_ping":"","pinged":"","post_modified":"2022-10-14 15:17:47","post_modified_gmt":"2022-10-14 13:17:47","post_content_filtered":"","post_parent":0,"guid":"http:\/\/dev.claret.cat\/autor\/frances-hodgson-burnett\/","menu_order":0,"post_type":"autor","post_mime_type":"","comment_count":"0","filter":"raw"}]},"aioseo_notices":[],"_links":{"self":[{"href":"https:\/\/www.claret.cat\/es\/wp-json\/wp\/v2\/product\/202059","targetHints":{"allow":["GET"]}}],"collection":[{"href":"https:\/\/www.claret.cat\/es\/wp-json\/wp\/v2\/product"}],"about":[{"href":"https:\/\/www.claret.cat\/es\/wp-json\/wp\/v2\/types\/product"}],"wp:featuredmedia":[{"embeddable":true,"href":"https:\/\/www.claret.cat\/es\/wp-json\/wp\/v2\/media\/202060"}],"wp:attachment":[{"href":"https:\/\/www.claret.cat\/es\/wp-json\/wp\/v2\/media?parent=202059"}],"wp:term":[{"taxonomy":"product_brand","embeddable":true,"href":"https:\/\/www.claret.cat\/es\/wp-json\/wp\/v2\/product_brand?post=202059"},{"taxonomy":"product_cat","embeddable":true,"href":"https:\/\/www.claret.cat\/es\/wp-json\/wp\/v2\/product_cat?post=202059"},{"taxonomy":"product_tag","embeddable":true,"href":"https:\/\/www.claret.cat\/es\/wp-json\/wp\/v2\/product_tag?post=202059"}],"curies":[{"name":"wp","href":"https:\/\/api.w.org\/{rel}","templated":true}]}}