{"id":202101,"date":"2022-10-20T09:26:48","date_gmt":"2022-10-20T07:26:48","guid":{"rendered":"http:\/\/dev.claret.cat\/producte\/os-salvare-la-vida\/"},"modified":"2023-01-28T18:03:04","modified_gmt":"2023-01-28T17:03:04","slug":"os-salvare-la-vida-9788467050516","status":"publish","type":"product","link":"https:\/\/www.claret.cat\/es\/libro\/os-salvare-la-vida-9788467050516\/","title":{"rendered":"OS SALVAR\u00c9 LA VIDA"},"content":{"rendered":"<p>Os salvar\u00e9 la vida es una s\u00f3lida y emocionante novela que recrea la vida de Melchor Rodr\u00edguez, personaje hist\u00f3rico y singular absolutamente apasionante con un papel infravalorado hasta ahora durante la Guerra Civil y en la trayectoria del anarcosindicalismo espa\u00f1ol. El \u00c1ngel Rojo, como es conocido, defendi\u00f3 a ultranza siempre, aun a riesgo de su propia vida, todo aquello en lo que cre\u00eda y puso fin a las lamentables sacas producidas a principios de la guerra, sacas que se cobraron la vida de miles de espa\u00f1oles. Director de Prisiones, evit\u00f3 vejaciones en las c\u00e1rceles y ejecuciones irregulares y arbitrarias. Tras la guerra, fue detenido y juzgado. En uno de los consejos de guerra al que fue sometido, en una escena casi de pel\u00edcula, solo el testimonio del general del bando nacional Mu\u00f1oz Grandes y miles de firmas de personas a las que hab\u00eda salvado, de todo sesgo pol\u00edtico, evitaron que lo condenaran a pena de muerte.<br \/>El relato de la figura de Melchor, ficcionalizado aunque apoyado siempre en testimonios hist\u00f3ricos, permite a los autores de la novela mostrar una parte de la historia de Espa\u00f1a; primero, centr\u00e1ndose en el microcosmos del palacio de Viana, donde conviven refugiados de toda \u00edndole y tendencia, los verdaderos protagonistas, y entre ellos, de forma destacada, la joven comunista Juana, herida en las calles y recogida por Melchor durante las revueltas entre cenetistas y socialistas contra los comunistas que siguen al golpe de Estado de Casado contra Negr\u00edn en las postrimer\u00edas de la guerra. A esta parte le siguen las dos restantes, en las que se ponen de manifiesto las luchas encarnizadas y tambi\u00e9n la vida personal y familiar de Melchor, a trav\u00e9s de su hija Amapola.<\/p>\n","protected":false},"excerpt":{"rendered":"<p>VV. AA.<\/p>\n","protected":false},"featured_media":202102,"template":"","meta":{"_acf_changed":false,"om_disable_all_campaigns":false,"rs_blank_template":"","rs_page_bg_color":"","slide_template_v7":"","inline_featured_image":false,"_monsterinsights_skip_tracking":false,"_monsterinsights_sitenote_active":false,"_monsterinsights_sitenote_note":"","_monsterinsights_sitenote_category":0},"product_brand":[],"product_cat":[16],"product_tag":[],"class_list":{"0":"post-202101","1":"product","2":"type-product","3":"status-publish","4":"has-post-thumbnail","6":"product_cat-sense-categoria","8":"first","9":"instock","10":"taxable","11":"shipping-taxable","12":"purchasable","13":"product-type-simple"},"acf":{"autor":"VV. AA.","codart":"846705051","libros-coleccion":"Espasa Narrativa","ediciones":"1","encuadernacion":"Carton\u00e9","fecha_de_publicacion":"01\/09\/2017","novedad":"1","paginas":"349","subtitulo":"PREMIO 2017 DE NOVELA HIST\u00d3RICA ALFONSO X EL SABIO","orden":"0","portada":"0","idioma":"spa","editorial":[{"ID":148114,"post_author":"3","post_date":"2022-10-14 11:55:45","post_date_gmt":"2022-10-14 09:55:45","post_content":"","post_title":"Espasa","post_excerpt":"","post_status":"publish","comment_status":"closed","ping_status":"closed","post_password":"","post_name":"espasa","to_ping":"","pinged":"","post_modified":"2022-10-14 11:55:45","post_modified_gmt":"2022-10-14 09:55:45","post_content_filtered":"","post_parent":0,"guid":"http:\/\/dev.claret.cat\/editorial\/espasa\/","menu_order":0,"post_type":"editorial","post_mime_type":"","comment_count":"0","filter":"raw"}],"autores-libros":[{"ID":6085,"post_author":"3","post_date":"2022-07-28 17:37:49","post_date_gmt":"2022-07-28 15:37:49","post_content":"","post_title":"VV. AA.","post_excerpt":"","post_status":"publish","comment_status":"closed","ping_status":"closed","post_password":"","post_name":"vv-aa","to_ping":"","pinged":"","post_modified":"2022-07-28 17:37:49","post_modified_gmt":"2022-07-28 15:37:49","post_content_filtered":"","post_parent":0,"guid":"http:\/\/dev.claret.cat\/autor\/vv-aa\/","menu_order":0,"post_type":"autor","post_mime_type":"","comment_count":"0","filter":"raw"}]},"aioseo_notices":[],"_links":{"self":[{"href":"https:\/\/www.claret.cat\/es\/wp-json\/wp\/v2\/product\/202101","targetHints":{"allow":["GET"]}}],"collection":[{"href":"https:\/\/www.claret.cat\/es\/wp-json\/wp\/v2\/product"}],"about":[{"href":"https:\/\/www.claret.cat\/es\/wp-json\/wp\/v2\/types\/product"}],"wp:featuredmedia":[{"embeddable":true,"href":"https:\/\/www.claret.cat\/es\/wp-json\/wp\/v2\/media\/202102"}],"wp:attachment":[{"href":"https:\/\/www.claret.cat\/es\/wp-json\/wp\/v2\/media?parent=202101"}],"wp:term":[{"taxonomy":"product_brand","embeddable":true,"href":"https:\/\/www.claret.cat\/es\/wp-json\/wp\/v2\/product_brand?post=202101"},{"taxonomy":"product_cat","embeddable":true,"href":"https:\/\/www.claret.cat\/es\/wp-json\/wp\/v2\/product_cat?post=202101"},{"taxonomy":"product_tag","embeddable":true,"href":"https:\/\/www.claret.cat\/es\/wp-json\/wp\/v2\/product_tag?post=202101"}],"curies":[{"name":"wp","href":"https:\/\/api.w.org\/{rel}","templated":true}]}}