{"id":202125,"date":"2022-10-20T09:27:10","date_gmt":"2022-10-20T07:27:10","guid":{"rendered":"http:\/\/dev.claret.cat\/producte\/poema-de-la-rosa-als-llavis\/"},"modified":"2023-01-28T14:53:07","modified_gmt":"2023-01-28T13:53:07","slug":"poema-de-la-rosa-als-llavis-9788498047295","status":"publish","type":"product","link":"https:\/\/www.claret.cat\/es\/libro\/poema-de-la-rosa-als-llavis-9788498047295\/","title":{"rendered":"POEMA DE LA ROSA ALS LLAVIS"},"content":{"rendered":"<p>L&#8217;autor aplica procediments experimentals d&#8217;avantguarda -ruptura d&#8217;hemistiquis, esglaonament del vers, alternan\u00e7a de maj\u00fascules i min\u00fascules, utilitzaci\u00f3 de tipografies de mides i colors diferents- en una \u00e8poca en que es tendeix a la recuperaci\u00f3 dels motius cl\u00e0ssics i dels topoi tradicionals.L&#8217;itinerari del proc\u00e9s amor\u00f3s -invitaci\u00f3, festeig, consecuci\u00f3 del goig, comiat-, es descriu en un ventall de formes i g\u00e8neres a cavall de la l\u00edrica popular i la tradici\u00f3 culta de la fin&#8217;amors. Com en els can\u00e7oners dels antics trobadors la identitat de l&#8217;estimada s&#8217;oculta sota el terme amiga.L&#8217;escriptura de Papasseit \u00e9s un homenatge a la noia -Tan fina \u00e9s Ella que em dicta el vers- on la simbologia floral i la delicadesa expressiva no amaguen el desig, la possessi\u00f3 amorosa i el triomf: Visca l&#8217;amor que m&#8217;ha donat l&#8217;amiga [&#8230;] visca l&#8217;amor: \/ la volia i l&#8217;he pres.<\/p>\n","protected":false},"excerpt":{"rendered":"<p>SALVAT-PAPASSEIT, JOAN<\/p>\n","protected":false},"featured_media":202126,"template":"","meta":{"_acf_changed":false,"om_disable_all_campaigns":false,"rs_blank_template":"","rs_page_bg_color":"","slide_template_v7":"","inline_featured_image":false,"_monsterinsights_skip_tracking":false,"_monsterinsights_sitenote_active":false,"_monsterinsights_sitenote_note":"","_monsterinsights_sitenote_category":0},"product_brand":[],"product_cat":[87],"product_tag":[],"class_list":{"0":"post-202125","1":"product","2":"type-product","3":"status-publish","4":"has-post-thumbnail","6":"product_cat-literatura","8":"first","9":"instock","10":"taxable","11":"shipping-taxable","12":"purchasable","13":"product-type-simple"},"acf":{"autor":"SALVAT-PAPASSEIT, JOAN","codart":"849804729","libros-coleccion":"","ediciones":"1","encuadernacion":"R\u00fastica","fecha_de_publicacion":"01\/09\/2017","novedad":"1","paginas":"205","subtitulo":"","orden":"0","portada":"0","idioma":"cat","editorial":[{"ID":147606,"post_author":"3","post_date":"2022-10-14 11:51:52","post_date_gmt":"2022-10-14 09:51:52","post_content":"","post_title":"Castellnou Edicions","post_excerpt":"","post_status":"publish","comment_status":"closed","ping_status":"closed","post_password":"","post_name":"castellnou-edicions","to_ping":"","pinged":"","post_modified":"2022-10-14 11:51:52","post_modified_gmt":"2022-10-14 09:51:52","post_content_filtered":"","post_parent":0,"guid":"http:\/\/dev.claret.cat\/editorial\/castellnou-edicions\/","menu_order":0,"post_type":"editorial","post_mime_type":"","comment_count":"0","filter":"raw"}],"autores-libros":[{"ID":159419,"post_author":"3","post_date":"2022-10-14 15:44:41","post_date_gmt":"2022-10-14 13:44:41","post_content":"","post_title":"JOAN SALVAT-PAPASSEIT","post_excerpt":"","post_status":"publish","comment_status":"closed","ping_status":"closed","post_password":"","post_name":"joan-salvat-papasseit","to_ping":"","pinged":"","post_modified":"2022-10-14 15:44:41","post_modified_gmt":"2022-10-14 13:44:41","post_content_filtered":"","post_parent":0,"guid":"http:\/\/dev.claret.cat\/autor\/joan-salvat-papasseit\/","menu_order":0,"post_type":"autor","post_mime_type":"","comment_count":"0","filter":"raw"}]},"aioseo_notices":[],"_links":{"self":[{"href":"https:\/\/www.claret.cat\/es\/wp-json\/wp\/v2\/product\/202125","targetHints":{"allow":["GET"]}}],"collection":[{"href":"https:\/\/www.claret.cat\/es\/wp-json\/wp\/v2\/product"}],"about":[{"href":"https:\/\/www.claret.cat\/es\/wp-json\/wp\/v2\/types\/product"}],"wp:featuredmedia":[{"embeddable":true,"href":"https:\/\/www.claret.cat\/es\/wp-json\/wp\/v2\/media\/202126"}],"wp:attachment":[{"href":"https:\/\/www.claret.cat\/es\/wp-json\/wp\/v2\/media?parent=202125"}],"wp:term":[{"taxonomy":"product_brand","embeddable":true,"href":"https:\/\/www.claret.cat\/es\/wp-json\/wp\/v2\/product_brand?post=202125"},{"taxonomy":"product_cat","embeddable":true,"href":"https:\/\/www.claret.cat\/es\/wp-json\/wp\/v2\/product_cat?post=202125"},{"taxonomy":"product_tag","embeddable":true,"href":"https:\/\/www.claret.cat\/es\/wp-json\/wp\/v2\/product_tag?post=202125"}],"curies":[{"name":"wp","href":"https:\/\/api.w.org\/{rel}","templated":true}]}}