{"id":202215,"date":"2022-10-20T09:28:36","date_gmt":"2022-10-20T07:28:36","guid":{"rendered":"http:\/\/dev.claret.cat\/producte\/edmundo-ladron-de-segundos\/"},"modified":"2023-01-28T06:05:51","modified_gmt":"2023-01-28T05:05:51","slug":"edmundo-ladron-de-segundos-9788494636240","status":"publish","type":"product","link":"https:\/\/www.claret.cat\/es\/libro\/edmundo-ladron-de-segundos-9788494636240\/","title":{"rendered":"EDMUNDO, LADR\u00d3N DE SEGUNDOS"},"content":{"rendered":"<p>El le\u00f3n Edmundo es un p\u00edcaro ladronzuelo que trae de cabeza a sus amigos de la sabana. Hasta que descubre algo que le har\u00e1 cambiar.  Un \u00e1lbum que pretende fomentar el amor por la lectura y el buen uso del tiempo.<\/p>\n","protected":false},"excerpt":{"rendered":"<p>ACOSTA, ALICIA<\/p>\n","protected":false},"featured_media":202216,"template":"","meta":{"_acf_changed":false,"om_disable_all_campaigns":false,"rs_blank_template":"","rs_page_bg_color":"","slide_template_v7":"","inline_featured_image":false,"_monsterinsights_skip_tracking":false,"_monsterinsights_sitenote_active":false,"_monsterinsights_sitenote_note":"","_monsterinsights_sitenote_category":0},"product_brand":[],"product_cat":[86],"product_tag":[],"class_list":{"0":"post-202215","1":"product","2":"type-product","3":"status-publish","4":"has-post-thumbnail","6":"product_cat-infantil","8":"first","9":"instock","10":"taxable","11":"shipping-taxable","12":"purchasable","13":"product-type-simple"},"acf":{"autor":"ACOSTA, ALICIA","codart":"849463624","libros-coleccion":"Ilustrados","ediciones":"1","encuadernacion":"Carton\u00e9","fecha_de_publicacion":"01\/09\/2017","novedad":"1","paginas":"35","subtitulo":"","orden":"0","portada":"0","idioma":"spa","editorial":[{"ID":147560,"post_author":"3","post_date":"2022-10-14 11:51:30","post_date_gmt":"2022-10-14 09:51:30","post_content":"","post_title":"Bookolia","post_excerpt":"","post_status":"publish","comment_status":"closed","ping_status":"closed","post_password":"","post_name":"bookolia","to_ping":"","pinged":"","post_modified":"2022-10-14 11:51:30","post_modified_gmt":"2022-10-14 09:51:30","post_content_filtered":"","post_parent":0,"guid":"http:\/\/dev.claret.cat\/editorial\/bookolia\/","menu_order":0,"post_type":"editorial","post_mime_type":"","comment_count":"0","filter":"raw"}],"autores-libros":[{"ID":149837,"post_author":"3","post_date":"2022-10-14 14:28:05","post_date_gmt":"2022-10-14 12:28:05","post_content":"","post_title":"ALICIA ACOSTA","post_excerpt":"","post_status":"publish","comment_status":"closed","ping_status":"closed","post_password":"","post_name":"alicia-acosta","to_ping":"","pinged":"","post_modified":"2022-10-14 14:28:05","post_modified_gmt":"2022-10-14 12:28:05","post_content_filtered":"","post_parent":0,"guid":"http:\/\/dev.claret.cat\/autor\/alicia-acosta\/","menu_order":0,"post_type":"autor","post_mime_type":"","comment_count":"0","filter":"raw"}]},"aioseo_notices":[],"_links":{"self":[{"href":"https:\/\/www.claret.cat\/es\/wp-json\/wp\/v2\/product\/202215","targetHints":{"allow":["GET"]}}],"collection":[{"href":"https:\/\/www.claret.cat\/es\/wp-json\/wp\/v2\/product"}],"about":[{"href":"https:\/\/www.claret.cat\/es\/wp-json\/wp\/v2\/types\/product"}],"wp:featuredmedia":[{"embeddable":true,"href":"https:\/\/www.claret.cat\/es\/wp-json\/wp\/v2\/media\/202216"}],"wp:attachment":[{"href":"https:\/\/www.claret.cat\/es\/wp-json\/wp\/v2\/media?parent=202215"}],"wp:term":[{"taxonomy":"product_brand","embeddable":true,"href":"https:\/\/www.claret.cat\/es\/wp-json\/wp\/v2\/product_brand?post=202215"},{"taxonomy":"product_cat","embeddable":true,"href":"https:\/\/www.claret.cat\/es\/wp-json\/wp\/v2\/product_cat?post=202215"},{"taxonomy":"product_tag","embeddable":true,"href":"https:\/\/www.claret.cat\/es\/wp-json\/wp\/v2\/product_tag?post=202215"}],"curies":[{"name":"wp","href":"https:\/\/api.w.org\/{rel}","templated":true}]}}