{"id":202230,"date":"2022-10-20T09:28:50","date_gmt":"2022-10-20T07:28:50","guid":{"rendered":"http:\/\/dev.claret.cat\/producte\/novel%c2%b7la-catalana-avui-2000-2016-cat\/"},"modified":"2023-01-28T11:22:58","modified_gmt":"2023-01-28T10:22:58","slug":"novella-catalana-avui-20002016-cat-9788494644795","status":"publish","type":"product","link":"https:\/\/www.claret.cat\/es\/libro\/novella-catalana-avui-20002016-cat-9788494644795\/","title":{"rendered":"NOVEL\u00b7LA CATALANA AVUI 2000-2016 (CAT)"},"content":{"rendered":"<p>Novel\u00b7la catalana avui 2000-2016 recull les pon\u00e8ncies del 3r Encontre d?escriptors i cr\u00edtics a les Garrigues, centrat en la novel\u00b7la catalana dels \u00faltims anys, la qual, per la seva contemporane\u00eftat, pr\u00e0cticament no ha estat objecte d?estudi.<br \/> Les aportacions de Marta Al\u00f2s, Borja Baguny\u00e0, \u00c0lex Broch, Antoni Dalmau, Miquel \u00c0ngel Estrad\u00e9, Miquel Maria Gibert, Llu\u00eds Mese-guer, Antoni Munn\u00e9-Jord\u00e0, Fran-cesc Pan\u00e9, Adolf Piquer, Sebasti\u00e0 Portell i Anna Maria Villalonga presenten una radiografia de la novel\u00b7la catalana contempor\u00e0nia m\u00e9s recent, la que s?orienta cap al futur que ens crida.<\/p>\n","protected":false},"excerpt":{"rendered":"<p>AL\u00d2S, MARTA \/ BAGUNY\u00c0, BORJA \/ VILLALONGA, ANNA MARIA<\/p>\n","protected":false},"featured_media":202231,"template":"","meta":{"_acf_changed":false,"om_disable_all_campaigns":false,"rs_blank_template":"","rs_page_bg_color":"","slide_template_v7":"","inline_featured_image":false,"_monsterinsights_skip_tracking":false,"_monsterinsights_sitenote_active":false,"_monsterinsights_sitenote_note":"","_monsterinsights_sitenote_category":0},"product_brand":[],"product_cat":[87],"product_tag":[],"class_list":{"0":"post-202230","1":"product","2":"type-product","3":"status-publish","4":"has-post-thumbnail","6":"product_cat-literatura","8":"first","9":"instock","10":"taxable","11":"shipping-taxable","12":"purchasable","13":"product-type-simple"},"acf":{"autor":"AL\u00d2S, MARTA \/ BAGUNY\u00c0, BORJA \/ VILLALONGA, ANNA MARIA","codart":"849464479","libros-coleccion":"SUSHI BOOKS","ediciones":"1","encuadernacion":"R\u00fastica","fecha_de_publicacion":"01\/09\/2017","novedad":"1","paginas":"355","subtitulo":"3R ENCONTRE D?ESCRIPTORS I CR\u00cdTICS A LES GARRIGUES","orden":"0","portada":"0","idioma":"cat","editorial":[{"ID":147978,"post_author":"3","post_date":"2022-10-14 11:54:41","post_date_gmt":"2022-10-14 09:54:41","post_content":"","post_title":"EDITORIAL FONOLL","post_excerpt":"","post_status":"publish","comment_status":"closed","ping_status":"closed","post_password":"","post_name":"editorial-fonoll","to_ping":"","pinged":"","post_modified":"2022-10-14 11:54:41","post_modified_gmt":"2022-10-14 09:54:41","post_content_filtered":"","post_parent":0,"guid":"http:\/\/dev.claret.cat\/editorial\/editorial-fonoll\/","menu_order":0,"post_type":"editorial","post_mime_type":"","comment_count":"0","filter":"raw"}],"autores-libros":[{"ID":151828,"post_author":"3","post_date":"2022-10-14 14:43:57","post_date_gmt":"2022-10-14 12:43:57","post_content":"","post_title":"BORJA BAGUNY\u00c0","post_excerpt":"","post_status":"publish","comment_status":"closed","ping_status":"closed","post_password":"","post_name":"borja-bagunya","to_ping":"","pinged":"","post_modified":"2022-10-14 14:43:57","post_modified_gmt":"2022-10-14 12:43:57","post_content_filtered":"","post_parent":0,"guid":"http:\/\/dev.claret.cat\/autor\/borja-bagunya\/","menu_order":0,"post_type":"autor","post_mime_type":"","comment_count":"0","filter":"raw"}]},"aioseo_notices":[],"_links":{"self":[{"href":"https:\/\/www.claret.cat\/es\/wp-json\/wp\/v2\/product\/202230","targetHints":{"allow":["GET"]}}],"collection":[{"href":"https:\/\/www.claret.cat\/es\/wp-json\/wp\/v2\/product"}],"about":[{"href":"https:\/\/www.claret.cat\/es\/wp-json\/wp\/v2\/types\/product"}],"wp:featuredmedia":[{"embeddable":true,"href":"https:\/\/www.claret.cat\/es\/wp-json\/wp\/v2\/media\/202231"}],"wp:attachment":[{"href":"https:\/\/www.claret.cat\/es\/wp-json\/wp\/v2\/media?parent=202230"}],"wp:term":[{"taxonomy":"product_brand","embeddable":true,"href":"https:\/\/www.claret.cat\/es\/wp-json\/wp\/v2\/product_brand?post=202230"},{"taxonomy":"product_cat","embeddable":true,"href":"https:\/\/www.claret.cat\/es\/wp-json\/wp\/v2\/product_cat?post=202230"},{"taxonomy":"product_tag","embeddable":true,"href":"https:\/\/www.claret.cat\/es\/wp-json\/wp\/v2\/product_tag?post=202230"}],"curies":[{"name":"wp","href":"https:\/\/api.w.org\/{rel}","templated":true}]}}