{"id":202260,"date":"2022-10-20T09:29:19","date_gmt":"2022-10-20T07:29:19","guid":{"rendered":"http:\/\/dev.claret.cat\/producte\/una-cuestion-de-justicia-miraculous-prodigiosa-ladybug-comic\/"},"modified":"2023-01-28T14:05:18","modified_gmt":"2023-01-28T13:05:18","slug":"una-cuestion-de-justicia-miraculous-prodigiosa-ladybug-comic-9788448849009","status":"publish","type":"product","link":"https:\/\/www.claret.cat\/es\/libro\/una-cuestion-de-justicia-miraculous-prodigiosa-ladybug-comic-9788448849009\/","title":{"rendered":"\u00a1UNA CUESTI\u00d3N DE JUSTICIA! (MIRACULOUS [PRODIGIOSA LADYBUG]. C\u00d3MIC)"},"content":{"rendered":"<p>\u00a1\u00danete a las aventuras de Ladybug y Cat Noir!\u00a1No te pierdas los c\u00f3mics basados en Miraculous, tu serie favorita!En este volumen, es el d\u00eda en que las familias del alumnado acuden al  instituto a explicar sus profesiones. Entre ellos se encuentra el padre  de Sabrina, que es polic\u00eda. Pero un malentendido con una valiosa pulsera  de Chlo\u00e9 generar\u00e1 un gran embrollo en clase y el que fue un buen  polic\u00eda es demonizado por un akuma y se convierte en Rogercop, un villano que abusa de su poder para acusar a todo  el mundo y tomarse la justicia por su cuenta. Ladybug y Cat Noir se ver\u00e1n envueltos en una trepidante aventura por las  calles de Par\u00eds, en la que tendr\u00e1n que batallar para que la justicia proteja a los inocentes. Los libros de la colecci\u00f3n \u00abMiraculous\u00bb en formato c\u00f3mic vienen cargados de nuevos amigos, nuevos enemigos, \u00a1y un mont\u00f3n de sorpresas!<\/p>\n","protected":false},"excerpt":{"rendered":"<p>AA VV<\/p>\n","protected":false},"featured_media":202261,"template":"","meta":{"_acf_changed":false,"om_disable_all_campaigns":false,"rs_blank_template":"","rs_page_bg_color":"","slide_template_v7":"","inline_featured_image":false,"_monsterinsights_skip_tracking":false,"_monsterinsights_sitenote_active":false,"_monsterinsights_sitenote_note":"","_monsterinsights_sitenote_category":0},"product_brand":[],"product_cat":[108,86],"product_tag":[],"class_list":{"0":"post-202260","1":"product","2":"type-product","3":"status-publish","4":"has-post-thumbnail","6":"product_cat-comic","7":"product_cat-infantil","9":"first","10":"instock","11":"taxable","12":"shipping-taxable","13":"purchasable","14":"product-type-simple"},"acf":{"autor":"AA VV","codart":"844884900","libros-coleccion":"SUSHI BOOKS","ediciones":"1","encuadernacion":"Carton\u00e9","fecha_de_publicacion":"01\/09\/2017","novedad":"1","paginas":"76","subtitulo":"","orden":"0","portada":"0","idioma":"spa","editorial":[{"ID":6141,"post_author":"3","post_date":"2022-07-28 17:45:46","post_date_gmt":"2022-07-28 15:45:46","post_content":"","post_title":"BEASCOA","post_excerpt":"","post_status":"publish","comment_status":"closed","ping_status":"closed","post_password":"","post_name":"beascoa","to_ping":"","pinged":"","post_modified":"2022-07-28 17:45:46","post_modified_gmt":"2022-07-28 15:45:46","post_content_filtered":"","post_parent":0,"guid":"http:\/\/dev.claret.cat\/editorial\/beascoa\/","menu_order":0,"post_type":"editorial","post_mime_type":"","comment_count":"0","filter":"raw"}],"autores-libros":[{"ID":8278,"post_author":"3","post_date":"2022-09-30 09:47:22","post_date_gmt":"2022-09-30 07:47:22","post_content":"","post_title":"AA VV","post_excerpt":"","post_status":"publish","comment_status":"closed","ping_status":"closed","post_password":"","post_name":"aa-vv-4","to_ping":"","pinged":"","post_modified":"2022-09-30 09:47:22","post_modified_gmt":"2022-09-30 07:47:22","post_content_filtered":"","post_parent":0,"guid":"http:\/\/dev.claret.cat\/autor\/aa-vv-4\/","menu_order":0,"post_type":"autor","post_mime_type":"","comment_count":"0","filter":"raw"}]},"aioseo_notices":[],"_links":{"self":[{"href":"https:\/\/www.claret.cat\/es\/wp-json\/wp\/v2\/product\/202260","targetHints":{"allow":["GET"]}}],"collection":[{"href":"https:\/\/www.claret.cat\/es\/wp-json\/wp\/v2\/product"}],"about":[{"href":"https:\/\/www.claret.cat\/es\/wp-json\/wp\/v2\/types\/product"}],"wp:featuredmedia":[{"embeddable":true,"href":"https:\/\/www.claret.cat\/es\/wp-json\/wp\/v2\/media\/202261"}],"wp:attachment":[{"href":"https:\/\/www.claret.cat\/es\/wp-json\/wp\/v2\/media?parent=202260"}],"wp:term":[{"taxonomy":"product_brand","embeddable":true,"href":"https:\/\/www.claret.cat\/es\/wp-json\/wp\/v2\/product_brand?post=202260"},{"taxonomy":"product_cat","embeddable":true,"href":"https:\/\/www.claret.cat\/es\/wp-json\/wp\/v2\/product_cat?post=202260"},{"taxonomy":"product_tag","embeddable":true,"href":"https:\/\/www.claret.cat\/es\/wp-json\/wp\/v2\/product_tag?post=202260"}],"curies":[{"name":"wp","href":"https:\/\/api.w.org\/{rel}","templated":true}]}}