{"id":202290,"date":"2022-10-20T09:29:49","date_gmt":"2022-10-20T07:29:49","guid":{"rendered":"http:\/\/dev.claret.cat\/producte\/the-followers-del-rey-de-los-mindundis\/"},"modified":"2023-12-18T12:15:25","modified_gmt":"2023-12-18T11:15:25","slug":"the-followers-del-rey-de-los-mindundis-9788414010976","status":"publish","type":"product","link":"https:\/\/www.claret.cat\/es\/libro\/the-followers-del-rey-de-los-mindundis-9788414010976\/","title":{"rendered":"THE FOLLOWERS (DEL REY DE LOS MINDUNDIS)"},"content":{"rendered":"<p>Es la continuaci\u00f3n de El Rey de los mindundis, tambi\u00e9n en formato c\u00f3mic. En esta ocasi\u00f3n podr\u00e1s conocer a algunos de los followers del Rey de los mindundis a la vez que podr\u00e1s identificarte con ellos en tus dudas, en tus miedos, en tus ganas y en tus sue\u00f1os&#8230;y descubrir\u00e1s la grandeza de vivir la vida de frente, sin complejos, a coraz\u00f3n abierto&#8230; y ser parte del gran sue\u00f1o de Dios.<\/p>\n","protected":false},"excerpt":{"rendered":"<p>RAM\u00cdREZ CARBONERO, PILAR \/ LORENTE P\u00c9REZ, JES\u00daS MARIO<\/p>\n","protected":false},"featured_media":387093,"template":"","meta":{"_acf_changed":false,"om_disable_all_campaigns":false,"rs_blank_template":"","rs_page_bg_color":"","slide_template_v7":"","inline_featured_image":false,"_monsterinsights_skip_tracking":false,"_monsterinsights_sitenote_active":false,"_monsterinsights_sitenote_note":"","_monsterinsights_sitenote_category":0},"product_brand":[],"product_cat":[345,79,352,86],"product_tag":[],"class_list":{"0":"post-202290","1":"product","2":"type-product","3":"status-publish","4":"has-post-thumbnail","6":"product_cat-espiritualidad","7":"product_cat-espiritualitat","8":"product_cat-infantil-3_infantil-juvenil-spa","9":"product_cat-infantil","11":"first","12":"instock","13":"taxable","14":"shipping-taxable","15":"purchasable","16":"product-type-simple"},"acf":{"autor":"RAM\u00cdREZ CARBONERO, PILAR \/ LORENTE P\u00c9REZ, JES\u00daS MARIO","codart":"841401097","libros-coleccion":"LAUDE","ediciones":"1","encuadernacion":"R\u00fastica","fecha_de_publicacion":"01\/09\/2017","novedad":"1","paginas":"65","subtitulo":"","orden":"0","portada":"0","idioma":"spa","editorial":[{"ID":6229,"post_author":"3","post_date":"2022-07-28 17:47:40","post_date_gmt":"2022-07-28 15:47:40","post_content":"","post_title":"Editorial Luis Vives (Edelvives)","post_excerpt":"","post_status":"publish","comment_status":"closed","ping_status":"closed","post_password":"","post_name":"editorial-luis-vives-edelvives","to_ping":"","pinged":"","post_modified":"2022-07-28 17:47:40","post_modified_gmt":"2022-07-28 15:47:40","post_content_filtered":"","post_parent":0,"guid":"http:\/\/dev.claret.cat\/editorial\/editorial-luis-vives-edelvives\/","menu_order":0,"post_type":"editorial","post_mime_type":"","comment_count":"0","filter":"raw"}],"autores-libros":[{"ID":387092,"post_author":"3","post_date":"2023-02-11 12:47:27","post_date_gmt":"2023-02-11 11:47:27","post_content":"","post_title":"PILAR RAM\u00cdREZ CARBONERO","post_excerpt":"","post_status":"publish","comment_status":"closed","ping_status":"closed","post_password":"","post_name":"pilar-ramirez-carbonero","to_ping":"","pinged":"","post_modified":"2023-02-11 12:47:27","post_modified_gmt":"2023-02-11 11:47:27","post_content_filtered":"","post_parent":0,"guid":"https:\/\/www.claret.cat\/autor\/pilar-ramirez-carbonero\/","menu_order":0,"post_type":"autor","post_mime_type":"","comment_count":"0","filter":"raw"},{"ID":387091,"post_author":"3","post_date":"2023-02-11 12:47:25","post_date_gmt":"2023-02-11 11:47:25","post_content":"","post_title":"JES\u00daS MARIO LORENTE P\u00c9REZ","post_excerpt":"","post_status":"publish","comment_status":"closed","ping_status":"closed","post_password":"","post_name":"jesus-mario-lorente-perez","to_ping":"","pinged":"","post_modified":"2023-02-11 12:47:25","post_modified_gmt":"2023-02-11 11:47:25","post_content_filtered":"","post_parent":0,"guid":"https:\/\/www.claret.cat\/autor\/jesus-mario-lorente-perez\/","menu_order":0,"post_type":"autor","post_mime_type":"","comment_count":"0","filter":"raw"}]},"aioseo_notices":[],"_links":{"self":[{"href":"https:\/\/www.claret.cat\/es\/wp-json\/wp\/v2\/product\/202290","targetHints":{"allow":["GET"]}}],"collection":[{"href":"https:\/\/www.claret.cat\/es\/wp-json\/wp\/v2\/product"}],"about":[{"href":"https:\/\/www.claret.cat\/es\/wp-json\/wp\/v2\/types\/product"}],"wp:featuredmedia":[{"embeddable":true,"href":"https:\/\/www.claret.cat\/es\/wp-json\/wp\/v2\/media\/387093"}],"wp:attachment":[{"href":"https:\/\/www.claret.cat\/es\/wp-json\/wp\/v2\/media?parent=202290"}],"wp:term":[{"taxonomy":"product_brand","embeddable":true,"href":"https:\/\/www.claret.cat\/es\/wp-json\/wp\/v2\/product_brand?post=202290"},{"taxonomy":"product_cat","embeddable":true,"href":"https:\/\/www.claret.cat\/es\/wp-json\/wp\/v2\/product_cat?post=202290"},{"taxonomy":"product_tag","embeddable":true,"href":"https:\/\/www.claret.cat\/es\/wp-json\/wp\/v2\/product_tag?post=202290"}],"curies":[{"name":"wp","href":"https:\/\/api.w.org\/{rel}","templated":true}]}}