{"id":202593,"date":"2022-10-20T09:35:02","date_gmt":"2022-10-20T07:35:02","guid":{"rendered":"http:\/\/dev.claret.cat\/producte\/enamorarse\/"},"modified":"2023-01-28T19:51:17","modified_gmt":"2023-01-28T18:51:17","slug":"enamorarse-9789873874536","status":"publish","type":"product","link":"https:\/\/www.claret.cat\/es\/libro\/enamorarse-9789873874536\/","title":{"rendered":"ENAMORARSE"},"content":{"rendered":"<p>Si estos apuntes divierten al lector, es probable que lo diviertan m\u00e1s cuando no est\u00e1 de acuerdo con lo que dicen que cuando los encuentra de su parecer; como m\u00ednimo, no le har\u00e1n mal a nadie, porque nadie seguir\u00e1 mi consejo. Pero terminar\u00e9 con una observaci\u00f3n m\u00e1s seria. El matrimonio es un paso tan importante y decisivo, que su misma enormidad atrae a los hombres m\u00e1s inestables y volubles. Se han visto tan atribulados por los cambiantes vientos y mareas de su vida, han navegado tantas veces en busca de islas en las nubes, o quedado varados con galopante impaciencia, que est\u00e1n dispuestos a arriesgarlo todo por algo de tierra firme bajo sus pies.<\/p>\n","protected":false},"excerpt":{"rendered":"<p>STEVENSON, ROBERT LOUIS<\/p>\n","protected":false},"featured_media":202594,"template":"","meta":{"_acf_changed":false,"om_disable_all_campaigns":false,"rs_blank_template":"","rs_page_bg_color":"","slide_template_v7":"","inline_featured_image":false,"_monsterinsights_skip_tracking":false,"_monsterinsights_sitenote_active":false,"_monsterinsights_sitenote_note":"","_monsterinsights_sitenote_category":0},"product_brand":[],"product_cat":[87],"product_tag":[],"class_list":{"0":"post-202593","1":"product","2":"type-product","3":"status-publish","4":"has-post-thumbnail","6":"product_cat-literatura","8":"first","9":"instock","10":"taxable","11":"shipping-taxable","12":"purchasable","13":"product-type-simple"},"acf":{"autor":"STEVENSON, ROBERT LOUIS","codart":"987387453","libros-coleccion":"FORA DE COL.LECCI\u00d3","ediciones":"1","encuadernacion":"Carpeta","fecha_de_publicacion":"01\/09\/2017","novedad":"1","paginas":"123","subtitulo":"","orden":"0","portada":"0","idioma":"spa","editorial":[{"ID":6272,"post_author":"3","post_date":"2022-07-28 17:48:38","post_date_gmt":"2022-07-28 15:48:38","post_content":"","post_title":"Interzona editora","post_excerpt":"","post_status":"publish","comment_status":"closed","ping_status":"closed","post_password":"","post_name":"interzona-editora","to_ping":"","pinged":"","post_modified":"2022-07-28 17:48:38","post_modified_gmt":"2022-07-28 15:48:38","post_content_filtered":"","post_parent":0,"guid":"http:\/\/dev.claret.cat\/editorial\/interzona-editora\/","menu_order":0,"post_type":"editorial","post_mime_type":"","comment_count":"0","filter":"raw"}],"autores-libros":[{"ID":168215,"post_author":"3","post_date":"2022-10-14 18:17:26","post_date_gmt":"2022-10-14 16:17:26","post_content":"","post_title":"ROBERT LOUIS STEVENSON","post_excerpt":"","post_status":"publish","comment_status":"closed","ping_status":"closed","post_password":"","post_name":"robert-louis-stevenson","to_ping":"","pinged":"","post_modified":"2022-10-14 18:17:26","post_modified_gmt":"2022-10-14 16:17:26","post_content_filtered":"","post_parent":0,"guid":"http:\/\/dev.claret.cat\/autor\/robert-louis-stevenson\/","menu_order":0,"post_type":"autor","post_mime_type":"","comment_count":"0","filter":"raw"}]},"aioseo_notices":[],"_links":{"self":[{"href":"https:\/\/www.claret.cat\/es\/wp-json\/wp\/v2\/product\/202593","targetHints":{"allow":["GET"]}}],"collection":[{"href":"https:\/\/www.claret.cat\/es\/wp-json\/wp\/v2\/product"}],"about":[{"href":"https:\/\/www.claret.cat\/es\/wp-json\/wp\/v2\/types\/product"}],"wp:featuredmedia":[{"embeddable":true,"href":"https:\/\/www.claret.cat\/es\/wp-json\/wp\/v2\/media\/202594"}],"wp:attachment":[{"href":"https:\/\/www.claret.cat\/es\/wp-json\/wp\/v2\/media?parent=202593"}],"wp:term":[{"taxonomy":"product_brand","embeddable":true,"href":"https:\/\/www.claret.cat\/es\/wp-json\/wp\/v2\/product_brand?post=202593"},{"taxonomy":"product_cat","embeddable":true,"href":"https:\/\/www.claret.cat\/es\/wp-json\/wp\/v2\/product_cat?post=202593"},{"taxonomy":"product_tag","embeddable":true,"href":"https:\/\/www.claret.cat\/es\/wp-json\/wp\/v2\/product_tag?post=202593"}],"curies":[{"name":"wp","href":"https:\/\/api.w.org\/{rel}","templated":true}]}}