{"id":202707,"date":"2022-10-20T09:36:59","date_gmt":"2022-10-20T07:36:59","guid":{"rendered":"http:\/\/dev.claret.cat\/producte\/bruce-springsteen-2017\/"},"modified":"2023-01-28T17:20:43","modified_gmt":"2023-01-28T16:20:43","slug":"bruce-springsteen-2017-9788416965410","status":"publish","type":"product","link":"https:\/\/www.claret.cat\/es\/libro\/bruce-springsteen-2017-9788416965410\/","title":{"rendered":"BRUCE SPRINGSTEEN (2017)"},"content":{"rendered":"<p>Hace cuarenta a\u00f1os, el cr\u00edtico musical Jon Landau pronunci\u00f3 su c\u00e9lebre \u00abHe visto el futuro del rock and roll, y su nombre es Bruce Springsteen\u00bb. La posterior carrera de The Boss, con sus dieciocho \u00e1lbumes de estudio, sus emblem\u00e1ticas canciones y giras con llenos por todo el mundo han demostrado por completo la exactitud de aquella predicci\u00f3n. Nacido en 1949 en Nueva Jersey, Bruce creci\u00f3 en el seno de una familia trabajadora, donde las cosas sol\u00edan ser dif\u00edciles, ambiente que ha dado forma a su visi\u00f3n pol\u00edtica y a muchas de sus canciones.<\/p>\n<p> Un libro que es una celebraci\u00f3n oportuna e indispensable de una notable carrera. Este repaso, que abarca desde el periplo de Springsteen en los sudorosos clubes de Asbury Park hasta los estadios repletos del mastod\u00f3ntico Wrecking Ball Tour, est\u00e1 ilustrado con m\u00e1s de doscientas cincuenta emblem\u00e1ticas im\u00e1genes, con una detallada discograf\u00eda de \u00e1lbumes de estudio, discos en directo, recopilaciones destacadas y singles.<\/p>\n","protected":false},"excerpt":{"rendered":"<p>WHITE, RYAN \/ AMES CARLIN, PETER<\/p>\n","protected":false},"featured_media":202708,"template":"","meta":{"_acf_changed":false,"om_disable_all_campaigns":false,"rs_blank_template":"","rs_page_bg_color":"","slide_template_v7":"","inline_featured_image":false,"_monsterinsights_skip_tracking":false,"_monsterinsights_sitenote_active":false,"_monsterinsights_sitenote_note":"","_monsterinsights_sitenote_category":0},"product_brand":[],"product_cat":[90,99,98,105],"product_tag":[],"class_list":{"0":"post-202707","1":"product","2":"type-product","3":"status-publish","4":"has-post-thumbnail","6":"product_cat-altres","7":"product_cat-biografies","8":"product_cat-diccionaris","9":"product_cat-regal","11":"first","12":"instock","13":"taxable","14":"shipping-taxable","15":"purchasable","16":"product-type-simple"},"acf":{"autor":"WHITE, RYAN \/ AMES CARLIN, PETER","codart":"841696541","libros-coleccion":"GENERICA","ediciones":"1","encuadernacion":"R\u00fastica","fecha_de_publicacion":"01\/09\/2017","novedad":"1","paginas":"0","subtitulo":"VIDA Y DISCOGRAF\u00cdA","orden":"0","portada":"0","idioma":"spa","editorial":[{"ID":147554,"post_author":"3","post_date":"2022-10-14 11:51:27","post_date_gmt":"2022-10-14 09:51:27","post_content":"","post_title":"BLUME (Naturart)","post_excerpt":"","post_status":"publish","comment_status":"closed","ping_status":"closed","post_password":"","post_name":"blume-naturart","to_ping":"","pinged":"","post_modified":"2022-10-14 11:51:27","post_modified_gmt":"2022-10-14 09:51:27","post_content_filtered":"","post_parent":0,"guid":"http:\/\/dev.claret.cat\/editorial\/blume-naturart\/","menu_order":0,"post_type":"editorial","post_mime_type":"","comment_count":"0","filter":"raw"}]},"aioseo_notices":[],"_links":{"self":[{"href":"https:\/\/www.claret.cat\/es\/wp-json\/wp\/v2\/product\/202707","targetHints":{"allow":["GET"]}}],"collection":[{"href":"https:\/\/www.claret.cat\/es\/wp-json\/wp\/v2\/product"}],"about":[{"href":"https:\/\/www.claret.cat\/es\/wp-json\/wp\/v2\/types\/product"}],"wp:featuredmedia":[{"embeddable":true,"href":"https:\/\/www.claret.cat\/es\/wp-json\/wp\/v2\/media\/202708"}],"wp:attachment":[{"href":"https:\/\/www.claret.cat\/es\/wp-json\/wp\/v2\/media?parent=202707"}],"wp:term":[{"taxonomy":"product_brand","embeddable":true,"href":"https:\/\/www.claret.cat\/es\/wp-json\/wp\/v2\/product_brand?post=202707"},{"taxonomy":"product_cat","embeddable":true,"href":"https:\/\/www.claret.cat\/es\/wp-json\/wp\/v2\/product_cat?post=202707"},{"taxonomy":"product_tag","embeddable":true,"href":"https:\/\/www.claret.cat\/es\/wp-json\/wp\/v2\/product_tag?post=202707"}],"curies":[{"name":"wp","href":"https:\/\/api.w.org\/{rel}","templated":true}]}}