{"id":202773,"date":"2022-10-20T09:38:04","date_gmt":"2022-10-20T07:38:04","guid":{"rendered":"http:\/\/dev.claret.cat\/producte\/somos-naturaleza\/"},"modified":"2023-01-28T09:28:20","modified_gmt":"2023-01-28T08:28:20","slug":"somos-naturaleza-9788417002978","status":"publish","type":"product","link":"https:\/\/www.claret.cat\/es\/libro\/somos-naturaleza-9788417002978\/","title":{"rendered":"SOMOS NATURALEZA"},"content":{"rendered":"<p>La tecnolog\u00eda, el turismo de masas, la urbanizaci\u00f3n, los trajines del d\u00eda a d\u00eda y las exigencias de la vida moderna parecen habernos hecho v\u00edctimas de lo que Richard Louv, reconocido escritor y periodista llam\u00f3 \u00abs\u00edndrome de d\u00e8ficit de naturaleza\u00bb. Este libro es una invitaci\u00f3n a retomar la ideavde naturaleza en nuestras vidas. Una llamada a reconocerla,vrespetarla y a vivirla en un sentido m\u00e1s profundo; a recuperarla devoci\u00f3n por lo lejano y lo salvaje, por la vida al aire libre.<br \/>A partir de la relaci\u00f3n entre la literatura, el arte, la m\u00fasica, el cine y su manera de ver la naturaleza, esta obra nos descubre de qu\u00e9 manera la cultura y la educaci\u00f3n nos ayudan<br \/>a reencontrarnos con lo natural y con nosotros mismos. Los libros, por ejemplo, han venido a ocupar un vac\u00edo por recuperar lo aut\u00e9ntico y lo genuino. A partir de obras como Walden, la literatura nos propone cada vez m\u00e1s volver a la naturaleza, a llevar un estilo de vida m\u00e1s pausado y meditativo.<br \/>Somos naturaleza nos recuerda que la naturaleza est\u00e1 en nosotros y en todo lo que nos rodea. Es nuestra aliada, y un medio de sanaci\u00f3n, consuelo y alivio, as\u00ed como de bienestar, salud y fortaleza; de crecimiento y desarrollo personal. Se ha demostrado que los beneficios del mindfulness se multiplicant al aire libre, y que incluso un paseo por el parque puede asimilarse a una especie de meditaci\u00f3n: nos permite estar a solas con nuestros pensamientos, disfrutar del silencio y convertirlo en nuestro aliado. <br \/>Un libro para leer a la sombre de un \u00e1rbol y reencontrar nuestra esencia natural.<\/p>\n","protected":false},"excerpt":{"rendered":"<p>HUESO, KATIA<\/p>\n","protected":false},"featured_media":202774,"template":"","meta":{"_acf_changed":false,"om_disable_all_campaigns":false,"rs_blank_template":"","rs_page_bg_color":"","slide_template_v7":"","inline_featured_image":false,"_monsterinsights_skip_tracking":false,"_monsterinsights_sitenote_active":false,"_monsterinsights_sitenote_note":"","_monsterinsights_sitenote_category":0},"product_brand":[],"product_cat":[84],"product_tag":[],"class_list":{"0":"post-202773","1":"product","2":"type-product","3":"status-publish","4":"has-post-thumbnail","6":"product_cat-sociologia","8":"first","9":"instock","10":"taxable","11":"shipping-taxable","12":"purchasable","13":"product-type-simple"},"acf":{"autor":"HUESO, KATIA","codart":"841700297","libros-coleccion":"SUSHI BOOKS","ediciones":"1","encuadernacion":"R\u00fastica","fecha_de_publicacion":"01\/09\/2017","novedad":"1","paginas":"265","subtitulo":"","orden":"0","portada":"0","idioma":"spa","editorial":[{"ID":6331,"post_author":"3","post_date":"2022-07-28 17:49:53","post_date_gmt":"2022-07-28 15:49:53","post_content":"","post_title":"PLATAFORMA EDITORIAL","post_excerpt":"","post_status":"publish","comment_status":"closed","ping_status":"closed","post_password":"","post_name":"plataforma-editorial","to_ping":"","pinged":"","post_modified":"2022-07-28 17:49:53","post_modified_gmt":"2022-07-28 15:49:53","post_content_filtered":"","post_parent":0,"guid":"http:\/\/dev.claret.cat\/editorial\/plataforma-editorial\/","menu_order":0,"post_type":"editorial","post_mime_type":"","comment_count":"0","filter":"raw"}],"autores-libros":[{"ID":5700,"post_author":"3","post_date":"2022-07-28 17:29:36","post_date_gmt":"2022-07-28 15:29:36","post_content":"","post_title":"KATIA HUESO","post_excerpt":"","post_status":"publish","comment_status":"closed","ping_status":"closed","post_password":"","post_name":"katia-hueso","to_ping":"","pinged":"","post_modified":"2022-07-28 17:29:36","post_modified_gmt":"2022-07-28 15:29:36","post_content_filtered":"","post_parent":0,"guid":"http:\/\/dev.claret.cat\/autor\/katia-hueso\/","menu_order":0,"post_type":"autor","post_mime_type":"","comment_count":"0","filter":"raw"}]},"aioseo_notices":[],"_links":{"self":[{"href":"https:\/\/www.claret.cat\/es\/wp-json\/wp\/v2\/product\/202773","targetHints":{"allow":["GET"]}}],"collection":[{"href":"https:\/\/www.claret.cat\/es\/wp-json\/wp\/v2\/product"}],"about":[{"href":"https:\/\/www.claret.cat\/es\/wp-json\/wp\/v2\/types\/product"}],"wp:featuredmedia":[{"embeddable":true,"href":"https:\/\/www.claret.cat\/es\/wp-json\/wp\/v2\/media\/202774"}],"wp:attachment":[{"href":"https:\/\/www.claret.cat\/es\/wp-json\/wp\/v2\/media?parent=202773"}],"wp:term":[{"taxonomy":"product_brand","embeddable":true,"href":"https:\/\/www.claret.cat\/es\/wp-json\/wp\/v2\/product_brand?post=202773"},{"taxonomy":"product_cat","embeddable":true,"href":"https:\/\/www.claret.cat\/es\/wp-json\/wp\/v2\/product_cat?post=202773"},{"taxonomy":"product_tag","embeddable":true,"href":"https:\/\/www.claret.cat\/es\/wp-json\/wp\/v2\/product_tag?post=202773"}],"curies":[{"name":"wp","href":"https:\/\/api.w.org\/{rel}","templated":true}]}}