{"id":203055,"date":"2022-10-20T09:43:03","date_gmt":"2022-10-20T07:43:03","guid":{"rendered":"http:\/\/dev.claret.cat\/producte\/arthur-connan-doyle-narrativa-de-aventuras\/"},"modified":"2023-01-28T11:52:50","modified_gmt":"2023-01-28T10:52:50","slug":"arthur-connan-doyle-narrativa-de-aventuras-9788417044244","status":"publish","type":"product","link":"https:\/\/www.claret.cat\/es\/libro\/arthur-connan-doyle-narrativa-de-aventuras-9788417044244\/","title":{"rendered":"ARTHUR CONNAN DOYLE. NARRATIVA DE AVENTURAS"},"content":{"rendered":"<p>La figura de Arthur Conan Doyle ha quedado inscrita en el imaginario colectivo como el insigne creador del m\u00edtico Sherlock Holmes (y de su no menos m\u00edtico ayudante, el Dr. Watson). Sin embargo, la obra de Conan Doyle es pr\u00f3diga asimismo en logros muy notables que trascienden de la narrativa protagonizada por el met\u00f3dico detective afincado en Baker Street. Ejemplo de ello es la vertiente del g\u00e9nero hist\u00f3rico que alberga su obra, donde Conan Doyle hace gala de su talento para transportar al lector a escenarios ins\u00f3litos, singularmente atractivos, al tiempo que para manejar los hilos de la trama con envidiable pericia.<br \/>Esas virtudes se ponen de manifiesto en las novelas y cuentos que tienen cabida en el presente volumen. El conocimiento de dichas obras por el lector de habla hispana se ve harto limitado por encontrarse en estos momentos fuera del circuito comercial de librer\u00edas, lo que contribuye, lamentablemente, al reduccionismo al que antes alud\u00edamos de considerar a Conan Doyle como, a secas, \u201cel padre de Sherlock Holmes\u201d.<br \/>Con edici\u00f3n de Victoria Le\u00f3n, &#8216;La compa\u00f1\u00eda blanca&#8217; (1891) y &#8216;Sir Nigel&#8217; (1906), dos novelas excelentes, as\u00ed como una selecci\u00f3n de cuentos (&#8216;Cuentos de tiempos antiguos&#8217;), todo ello en la rigurosa traducci\u00f3n de Amando L\u00e1zaro Ros, uno de nuestros m\u00e1s grandes y avezados traductores del ingl\u00e9s, conforman la presente entrega de la colecci\u00f3n Biblioteca de Literatura Universal (BLU), dedicada a un escritor de fuste que merece un conocimiento m\u00e1s completo y exhaustivo del que, en la actualidad, disfruta.<\/p>\n","protected":false},"excerpt":{"rendered":"<p>CONAN DOYLE, ARTHUR<\/p>\n","protected":false},"featured_media":203056,"template":"","meta":{"_acf_changed":false,"om_disable_all_campaigns":false,"rs_blank_template":"","rs_page_bg_color":"","slide_template_v7":"","inline_featured_image":false,"_monsterinsights_skip_tracking":false,"_monsterinsights_sitenote_active":false,"_monsterinsights_sitenote_note":"","_monsterinsights_sitenote_category":0},"product_brand":[],"product_cat":[87],"product_tag":[],"class_list":{"0":"post-203055","1":"product","2":"type-product","3":"status-publish","4":"has-post-thumbnail","6":"product_cat-literatura","8":"first","9":"instock","10":"taxable","11":"shipping-taxable","12":"purchasable","13":"product-type-simple"},"acf":{"autor":"CONAN DOYLE, ARTHUR","codart":"841704424","libros-coleccion":"BLU (BIBLIOTECA LIT. UNIVERSAL","ediciones":"1","encuadernacion":"Carpeta","fecha_de_publicacion":"01\/09\/2017","novedad":"1","paginas":"924","subtitulo":"","orden":"0","portada":"0","idioma":"spa","editorial":[{"ID":147919,"post_author":"3","post_date":"2022-10-14 11:54:15","post_date_gmt":"2022-10-14 09:54:15","post_content":"","post_title":"EDITORIAL ALMUZARA","post_excerpt":"","post_status":"publish","comment_status":"closed","ping_status":"closed","post_password":"","post_name":"editorial-almuzara","to_ping":"","pinged":"","post_modified":"2022-10-14 11:54:15","post_modified_gmt":"2022-10-14 09:54:15","post_content_filtered":"","post_parent":0,"guid":"http:\/\/dev.claret.cat\/editorial\/editorial-almuzara\/","menu_order":0,"post_type":"editorial","post_mime_type":"","comment_count":"0","filter":"raw"}],"autores-libros":[{"ID":169589,"post_author":"3","post_date":"2022-10-14 22:28:26","post_date_gmt":"2022-10-14 20:28:26","post_content":"","post_title":"SIR ARTHUR CONAN DOYLE","post_excerpt":"","post_status":"publish","comment_status":"closed","ping_status":"closed","post_password":"","post_name":"sir-arthur-conan-doyle","to_ping":"","pinged":"","post_modified":"2022-10-14 22:28:26","post_modified_gmt":"2022-10-14 20:28:26","post_content_filtered":"","post_parent":0,"guid":"http:\/\/dev.claret.cat\/autor\/sir-arthur-conan-doyle\/","menu_order":0,"post_type":"autor","post_mime_type":"","comment_count":"0","filter":"raw"}]},"aioseo_notices":[],"_links":{"self":[{"href":"https:\/\/www.claret.cat\/es\/wp-json\/wp\/v2\/product\/203055","targetHints":{"allow":["GET"]}}],"collection":[{"href":"https:\/\/www.claret.cat\/es\/wp-json\/wp\/v2\/product"}],"about":[{"href":"https:\/\/www.claret.cat\/es\/wp-json\/wp\/v2\/types\/product"}],"wp:featuredmedia":[{"embeddable":true,"href":"https:\/\/www.claret.cat\/es\/wp-json\/wp\/v2\/media\/203056"}],"wp:attachment":[{"href":"https:\/\/www.claret.cat\/es\/wp-json\/wp\/v2\/media?parent=203055"}],"wp:term":[{"taxonomy":"product_brand","embeddable":true,"href":"https:\/\/www.claret.cat\/es\/wp-json\/wp\/v2\/product_brand?post=203055"},{"taxonomy":"product_cat","embeddable":true,"href":"https:\/\/www.claret.cat\/es\/wp-json\/wp\/v2\/product_cat?post=203055"},{"taxonomy":"product_tag","embeddable":true,"href":"https:\/\/www.claret.cat\/es\/wp-json\/wp\/v2\/product_tag?post=203055"}],"curies":[{"name":"wp","href":"https:\/\/api.w.org\/{rel}","templated":true}]}}