{"id":203085,"date":"2022-10-20T09:43:34","date_gmt":"2022-10-20T07:43:34","guid":{"rendered":"http:\/\/dev.claret.cat\/producte\/el-cartero-siempre-llama-dos-veces-2\/"},"modified":"2025-02-04T18:10:23","modified_gmt":"2025-02-04T17:10:23","slug":"el-cartero-siempre-llama-dos-veces-9788490568576","status":"publish","type":"product","link":"https:\/\/www.claret.cat\/es\/libro\/el-cartero-siempre-llama-dos-veces-9788490568576\/","title":{"rendered":"EL CARTERO SIEMPRE LLAMA DOS VECES"},"content":{"rendered":"<p>Un bala perdida amoral. Una mujer hermosa y desdichada con un marido inoportuno. Un problema con una macabra soluci\u00f3n. Una soluci\u00f3n que solo sirve para crear nuevos problemas que nadie podr\u00e1 resolver.<\/p>\n","protected":false},"excerpt":{"rendered":"<p>MALLAHAN CAIN, JAMES<\/p>\n","protected":false},"featured_media":203086,"template":"","meta":{"_acf_changed":false,"om_disable_all_campaigns":false,"rs_blank_template":"","rs_page_bg_color":"","slide_template_v7":"","inline_featured_image":false,"_monsterinsights_skip_tracking":false,"_monsterinsights_sitenote_active":false,"_monsterinsights_sitenote_note":"","_monsterinsights_sitenote_category":0},"product_brand":[],"product_cat":[87,353],"product_tag":[],"class_list":{"0":"post-203085","1":"product","2":"type-product","3":"status-publish","4":"has-post-thumbnail","6":"product_cat-literatura","7":"product_cat-literatura-2_humanidades","9":"first","10":"instock","11":"taxable","12":"shipping-taxable","13":"purchasable","14":"product-type-simple"},"acf":{"autor":"MALLAHAN CAIN, JAMES","codart":"849056857","libros-coleccion":"FORA DE COL.LECCI\u00d3","ediciones":"1","encuadernacion":"Carton\u00e9","fecha_de_publicacion":"01\/09\/2017","novedad":"1","paginas":"126","subtitulo":"","orden":"0","portada":"0","idioma":"spa","editorial":[{"ID":148737,"post_author":"3","post_date":"2022-10-14 12:00:35","post_date_gmt":"2022-10-14 10:00:35","post_content":"","post_title":"RBA Libros","post_excerpt":"","post_status":"publish","comment_status":"closed","ping_status":"closed","post_password":"","post_name":"rba-libros","to_ping":"","pinged":"","post_modified":"2022-10-14 12:00:35","post_modified_gmt":"2022-10-14 10:00:35","post_content_filtered":"","post_parent":0,"guid":"http:\/\/dev.claret.cat\/editorial\/rba-libros\/","menu_order":0,"post_type":"editorial","post_mime_type":"","comment_count":"0","filter":"raw"}],"autores-libros":[{"ID":423737,"post_author":"3","post_date":"2023-05-16 07:46:10","post_date_gmt":"2023-05-16 05:46:10","post_content":"","post_title":"JAMES MALLAHAN CAIN","post_excerpt":"","post_status":"publish","comment_status":"closed","ping_status":"closed","post_password":"","post_name":"james-mallahan-cain","to_ping":"","pinged":"","post_modified":"2023-05-16 07:46:10","post_modified_gmt":"2023-05-16 05:46:10","post_content_filtered":"","post_parent":0,"guid":"https:\/\/www.claret.cat\/autor\/james-mallahan-cain\/","menu_order":0,"post_type":"autor","post_mime_type":"","comment_count":"0","filter":"raw"}]},"aioseo_notices":[],"_links":{"self":[{"href":"https:\/\/www.claret.cat\/es\/wp-json\/wp\/v2\/product\/203085","targetHints":{"allow":["GET"]}}],"collection":[{"href":"https:\/\/www.claret.cat\/es\/wp-json\/wp\/v2\/product"}],"about":[{"href":"https:\/\/www.claret.cat\/es\/wp-json\/wp\/v2\/types\/product"}],"wp:featuredmedia":[{"embeddable":true,"href":"https:\/\/www.claret.cat\/es\/wp-json\/wp\/v2\/media\/203086"}],"wp:attachment":[{"href":"https:\/\/www.claret.cat\/es\/wp-json\/wp\/v2\/media?parent=203085"}],"wp:term":[{"taxonomy":"product_brand","embeddable":true,"href":"https:\/\/www.claret.cat\/es\/wp-json\/wp\/v2\/product_brand?post=203085"},{"taxonomy":"product_cat","embeddable":true,"href":"https:\/\/www.claret.cat\/es\/wp-json\/wp\/v2\/product_cat?post=203085"},{"taxonomy":"product_tag","embeddable":true,"href":"https:\/\/www.claret.cat\/es\/wp-json\/wp\/v2\/product_tag?post=203085"}],"curies":[{"name":"wp","href":"https:\/\/api.w.org\/{rel}","templated":true}]}}