{"id":203088,"date":"2022-10-20T09:43:37","date_gmt":"2022-10-20T07:43:37","guid":{"rendered":"http:\/\/dev.claret.cat\/producte\/historia-de-la-guerra-civil-espanola-t-d\/"},"modified":"2025-02-04T17:20:25","modified_gmt":"2025-02-04T16:20:25","slug":"historia-de-la-guerra-civil-espanola-td-9788490568767","status":"publish","type":"product","link":"https:\/\/www.claret.cat\/es\/libro\/historia-de-la-guerra-civil-espanola-td-9788490568767\/","title":{"rendered":"HISTORIA DE LA GUERRA CIVIL ESPA\u00d1OLA (T.D.)"},"content":{"rendered":"<p>La historia de este libro comienza con el hallazgo de un manuscrito in\u00e9dito en el Archivo Hist\u00f3rico Nacional. Entre los papeles del general Vicente Rojo aparece una Historia de la guerra de Espa\u00f1a en la que el autor estuvo trabajando en sus largos a\u00f1os de exilio y que qued\u00f3 inconclusa. Jorge Mart\u00ednez Reverte, con la ayuda de Jos\u00e9 Andr\u00e9s Rojo, ha rescatado esta cr\u00f3nica de laGuerra Civil escrita por quien fue uno de sus protagonistas m\u00e1s destacados desde el punto de vista militar. Llega ahora a los lectores, este documento rigurosamente in\u00e9dito de gran relevancia, narrada y analizada por un militar ilustrado que combati\u00f3 en ella y dedic\u00f3 despu\u00e9s gran parte de su vida en el exilio a tratar de entenderla en toda su complejidad.<\/p>\n","protected":false},"excerpt":{"rendered":"<p>ROJO, VICENTE<\/p>\n","protected":false},"featured_media":203089,"template":"","meta":{"_acf_changed":false,"om_disable_all_campaigns":false,"rs_blank_template":"","rs_page_bg_color":"","slide_template_v7":"","inline_featured_image":false,"_monsterinsights_skip_tracking":false,"_monsterinsights_sitenote_active":false,"_monsterinsights_sitenote_note":"","_monsterinsights_sitenote_category":0},"product_brand":[],"product_cat":[351,85],"product_tag":[],"class_list":{"0":"post-203088","1":"product","2":"type-product","3":"status-publish","4":"has-post-thumbnail","6":"product_cat-historia-2_humanidades","7":"product_cat-historia","9":"first","10":"instock","11":"taxable","12":"shipping-taxable","13":"purchasable","14":"product-type-simple"},"acf":{"autor":"ROJO, VICENTE","codart":"849056876","libros-coleccion":"SUSHI BOOKS","ediciones":"1","encuadernacion":"Carton\u00e9","fecha_de_publicacion":"01\/09\/2017","novedad":"1","paginas":"610","subtitulo":"","orden":"0","portada":"0","idioma":"spa","editorial":[{"ID":148735,"post_author":"3","post_date":"2022-10-14 12:00:34","post_date_gmt":"2022-10-14 10:00:34","post_content":"","post_title":"RBA Integral","post_excerpt":"","post_status":"publish","comment_status":"closed","ping_status":"closed","post_password":"","post_name":"rba-integral","to_ping":"","pinged":"","post_modified":"2022-10-14 12:00:34","post_modified_gmt":"2022-10-14 10:00:34","post_content_filtered":"","post_parent":0,"guid":"http:\/\/dev.claret.cat\/editorial\/rba-integral\/","menu_order":0,"post_type":"editorial","post_mime_type":"","comment_count":"0","filter":"raw"}],"autores-libros":[{"ID":429304,"post_author":"3","post_date":"2023-05-16 09:45:28","post_date_gmt":"2023-05-16 07:45:28","post_content":"","post_title":"VICENTE ROJO","post_excerpt":"","post_status":"publish","comment_status":"closed","ping_status":"closed","post_password":"","post_name":"vicente-rojo","to_ping":"","pinged":"","post_modified":"2023-05-16 09:45:28","post_modified_gmt":"2023-05-16 07:45:28","post_content_filtered":"","post_parent":0,"guid":"https:\/\/www.claret.cat\/autor\/vicente-rojo\/","menu_order":0,"post_type":"autor","post_mime_type":"","comment_count":"0","filter":"raw"}]},"aioseo_notices":[],"_links":{"self":[{"href":"https:\/\/www.claret.cat\/es\/wp-json\/wp\/v2\/product\/203088","targetHints":{"allow":["GET"]}}],"collection":[{"href":"https:\/\/www.claret.cat\/es\/wp-json\/wp\/v2\/product"}],"about":[{"href":"https:\/\/www.claret.cat\/es\/wp-json\/wp\/v2\/types\/product"}],"wp:featuredmedia":[{"embeddable":true,"href":"https:\/\/www.claret.cat\/es\/wp-json\/wp\/v2\/media\/203089"}],"wp:attachment":[{"href":"https:\/\/www.claret.cat\/es\/wp-json\/wp\/v2\/media?parent=203088"}],"wp:term":[{"taxonomy":"product_brand","embeddable":true,"href":"https:\/\/www.claret.cat\/es\/wp-json\/wp\/v2\/product_brand?post=203088"},{"taxonomy":"product_cat","embeddable":true,"href":"https:\/\/www.claret.cat\/es\/wp-json\/wp\/v2\/product_cat?post=203088"},{"taxonomy":"product_tag","embeddable":true,"href":"https:\/\/www.claret.cat\/es\/wp-json\/wp\/v2\/product_tag?post=203088"}],"curies":[{"name":"wp","href":"https:\/\/api.w.org\/{rel}","templated":true}]}}