{"id":203100,"date":"2022-10-20T09:43:50","date_gmt":"2022-10-20T07:43:50","guid":{"rendered":"http:\/\/dev.claret.cat\/producte\/superzumos-y-batidos\/"},"modified":"2025-02-04T17:17:05","modified_gmt":"2025-02-04T16:17:05","slug":"superzumos-y-batidos-9788491180906","status":"publish","type":"product","link":"https:\/\/www.claret.cat\/es\/libro\/superzumos-y-batidos-9788491180906\/","title":{"rendered":"SUPERZUMOS Y BATIDOS"},"content":{"rendered":"<p>El consumo de zumos est\u00e1 m\u00e1s de moda que nunca y por muy buenas razones: a\u00f1aden variedad a nuestras dietas, son una gran fuente de energ\u00eda y vitalidad, mejoran nuestro rendimiento intelectual y son antioxidantes, remineralizantes y d\u00e9tox Gracias a sus consejos y recetas tan deliciosas como sencillas, Superzumos es la perfecta puerta de entrada al universo de los zumos. En este libro encontrar\u00e1s: &#8211; Un plan d\u00e9tox de siete d\u00edas con un completo recetario. &#8211; Los beneficios de cada zumo para la salud, con explicaciones sobre sus propiedades energ\u00e9ticas, nutritivas, purificantes y vitam\u00ednicas.<\/p>\n","protected":false},"excerpt":{"rendered":"<p>, CUERPOMENTE<\/p>\n","protected":false},"featured_media":203101,"template":"","meta":{"_acf_changed":false,"om_disable_all_campaigns":false,"rs_blank_template":"","rs_page_bg_color":"","slide_template_v7":"","inline_featured_image":false,"_monsterinsights_skip_tracking":false,"_monsterinsights_sitenote_active":false,"_monsterinsights_sitenote_note":"","_monsterinsights_sitenote_category":0},"product_brand":[],"product_cat":[553,103],"product_tag":[],"class_list":{"0":"post-203100","1":"product","2":"type-product","3":"status-publish","4":"has-post-thumbnail","6":"product_cat-cocina","7":"product_cat-cuina","9":"first","10":"instock","11":"taxable","12":"shipping-taxable","13":"purchasable","14":"product-type-simple"},"acf":{"autor":", CUERPOMENTE","codart":"849118090","libros-coleccion":"FORA DE COL.LECCI\u00d3","ediciones":"1","encuadernacion":"R\u00fastica","fecha_de_publicacion":"01\/09\/2017","novedad":"1","paginas":"142","subtitulo":"","orden":"0","portada":"0","idioma":"spa","editorial":[{"ID":148735,"post_author":"3","post_date":"2022-10-14 12:00:34","post_date_gmt":"2022-10-14 10:00:34","post_content":"","post_title":"RBA Integral","post_excerpt":"","post_status":"publish","comment_status":"closed","ping_status":"closed","post_password":"","post_name":"rba-integral","to_ping":"","pinged":"","post_modified":"2022-10-14 12:00:34","post_modified_gmt":"2022-10-14 10:00:34","post_content_filtered":"","post_parent":0,"guid":"http:\/\/dev.claret.cat\/editorial\/rba-integral\/","menu_order":0,"post_type":"editorial","post_mime_type":"","comment_count":"0","filter":"raw"}],"autores-libros":[{"ID":153435,"post_author":"3","post_date":"2022-10-14 14:56:45","post_date_gmt":"2022-10-14 12:56:45","post_content":"","post_title":"CUERPOMENTE","post_excerpt":"","post_status":"publish","comment_status":"closed","ping_status":"closed","post_password":"","post_name":"cuerpomente","to_ping":"","pinged":"","post_modified":"2022-10-14 14:56:45","post_modified_gmt":"2022-10-14 12:56:45","post_content_filtered":"","post_parent":0,"guid":"http:\/\/dev.claret.cat\/autor\/cuerpomente\/","menu_order":0,"post_type":"autor","post_mime_type":"","comment_count":"0","filter":"raw"}]},"aioseo_notices":[],"_links":{"self":[{"href":"https:\/\/www.claret.cat\/es\/wp-json\/wp\/v2\/product\/203100","targetHints":{"allow":["GET"]}}],"collection":[{"href":"https:\/\/www.claret.cat\/es\/wp-json\/wp\/v2\/product"}],"about":[{"href":"https:\/\/www.claret.cat\/es\/wp-json\/wp\/v2\/types\/product"}],"wp:featuredmedia":[{"embeddable":true,"href":"https:\/\/www.claret.cat\/es\/wp-json\/wp\/v2\/media\/203101"}],"wp:attachment":[{"href":"https:\/\/www.claret.cat\/es\/wp-json\/wp\/v2\/media?parent=203100"}],"wp:term":[{"taxonomy":"product_brand","embeddable":true,"href":"https:\/\/www.claret.cat\/es\/wp-json\/wp\/v2\/product_brand?post=203100"},{"taxonomy":"product_cat","embeddable":true,"href":"https:\/\/www.claret.cat\/es\/wp-json\/wp\/v2\/product_cat?post=203100"},{"taxonomy":"product_tag","embeddable":true,"href":"https:\/\/www.claret.cat\/es\/wp-json\/wp\/v2\/product_tag?post=203100"}],"curies":[{"name":"wp","href":"https:\/\/api.w.org\/{rel}","templated":true}]}}