{"id":203421,"date":"2022-10-20T09:49:17","date_gmt":"2022-10-20T07:49:17","guid":{"rendered":"http:\/\/dev.claret.cat\/producte\/elogio-de-las-familias-sensatamente-imperfectas\/"},"modified":"2023-01-28T23:23:08","modified_gmt":"2023-01-28T22:23:08","slug":"elogio-de-las-familias-sensatamente-imperfectas-9788434426788","status":"publish","type":"product","link":"https:\/\/www.claret.cat\/es\/libro\/elogio-de-las-familias-sensatamente-imperfectas-9788434426788\/","title":{"rendered":"ELOGIO DE LAS FAMILIAS SENSATAMENTE IMPERFECTAS"},"content":{"rendered":"<p>Por fin un libro que nos anima a decir: \u00abBasta ya. Soy un padre imperfecto y estoy orgulloso de serlo\u00bb.<\/p>\n<p> Ser padres hoy se ha convertido en una realidad tan compleja que parece dif\u00edcil dar con las claves para conseguir su buen desarrollo. Pero, antes de perder el norte, empecemos por el principio: no hay familias perfectas, y este libro ha nacido para reivindicar esa imperfecci\u00f3n.<\/p>\n<p> En una \u00e9poca de confusi\u00f3n y sobreprotecci\u00f3n, Gregorio Luri se atreve a decir alto y claro lo que cada vez parece menos evidente: que un hijo tiene derecho a saber que ser disciplinado es m\u00e1s importante que ser meramente inteligente; que m\u00e1s grave que equivocarse, es no aprender nada de la equivocaci\u00f3n; que se puede disponer de mucha informaci\u00f3n y ser un ignorante; que est\u00e1 muy bien de vez en cuando o\u00edr la palabra \u00abno\u00bb; y que es imprescindible aprender las cuatro palabras m\u00e1gicas: \u00abpor favor\u00bb, \u00abgracias \u00bb, \u00abperd\u00f3n\u00bb y \u00abconf\u00edo\u00bb.<\/p>\n<p> Este libro va dirigido a quienes tienen asumido ?o a quienes les ir\u00eda bien asumir? que son \u00abmoderadamente imperfectos\u00bb. Gregorio Luri quiere animar a estos padres no s\u00f3lo a no arrepentirse de ser lo que son, sino a que cada ma\u00f1ana, en el desayuno, se presenten ante sus hijos con la cara descubierta como unos padres orgullosamente imperfectos. Un breve manifiesto para encontrar las claves del \u00e9xito de esas familias \u00abdefectuosas \u00bb que toca defender.<\/p>\n","protected":false},"excerpt":{"rendered":"<p>LURI, GREGORIO<\/p>\n","protected":false},"featured_media":203422,"template":"","meta":{"_acf_changed":false,"om_disable_all_campaigns":false,"rs_blank_template":"","rs_page_bg_color":"","slide_template_v7":"","inline_featured_image":false,"_monsterinsights_skip_tracking":false,"_monsterinsights_sitenote_active":false,"_monsterinsights_sitenote_note":"","_monsterinsights_sitenote_category":0},"product_brand":[],"product_cat":[100],"product_tag":[],"class_list":{"0":"post-203421","1":"product","2":"type-product","3":"status-publish","4":"has-post-thumbnail","6":"product_cat-escola-de-pares","8":"first","9":"instock","10":"taxable","11":"shipping-taxable","12":"purchasable","13":"product-type-simple"},"acf":{"autor":"LURI, GREGORIO","codart":"843442678","libros-coleccion":"Ariel","ediciones":"1","encuadernacion":"Carton\u00e9","fecha_de_publicacion":"01\/09\/2017","novedad":"1","paginas":"175","subtitulo":"","orden":"0","portada":"0","idioma":"spa","editorial":[{"ID":6220,"post_author":"3","post_date":"2022-07-28 17:47:28","post_date_gmt":"2022-07-28 15:47:28","post_content":"","post_title":"Editorial Ariel","post_excerpt":"","post_status":"publish","comment_status":"closed","ping_status":"closed","post_password":"","post_name":"editorial-ariel","to_ping":"","pinged":"","post_modified":"2022-07-28 17:47:28","post_modified_gmt":"2022-07-28 15:47:28","post_content_filtered":"","post_parent":0,"guid":"http:\/\/dev.claret.cat\/editorial\/editorial-ariel\/","menu_order":0,"post_type":"editorial","post_mime_type":"","comment_count":"0","filter":"raw"}],"autores-libros":[{"ID":157131,"post_author":"3","post_date":"2022-10-14 15:26:22","post_date_gmt":"2022-10-14 13:26:22","post_content":"","post_title":"GREGORIO LURI","post_excerpt":"","post_status":"publish","comment_status":"closed","ping_status":"closed","post_password":"","post_name":"gregorio-luri","to_ping":"","pinged":"","post_modified":"2022-10-14 15:26:22","post_modified_gmt":"2022-10-14 13:26:22","post_content_filtered":"","post_parent":0,"guid":"http:\/\/dev.claret.cat\/autor\/gregorio-luri\/","menu_order":0,"post_type":"autor","post_mime_type":"","comment_count":"0","filter":"raw"}]},"aioseo_notices":[],"_links":{"self":[{"href":"https:\/\/www.claret.cat\/es\/wp-json\/wp\/v2\/product\/203421","targetHints":{"allow":["GET"]}}],"collection":[{"href":"https:\/\/www.claret.cat\/es\/wp-json\/wp\/v2\/product"}],"about":[{"href":"https:\/\/www.claret.cat\/es\/wp-json\/wp\/v2\/types\/product"}],"wp:featuredmedia":[{"embeddable":true,"href":"https:\/\/www.claret.cat\/es\/wp-json\/wp\/v2\/media\/203422"}],"wp:attachment":[{"href":"https:\/\/www.claret.cat\/es\/wp-json\/wp\/v2\/media?parent=203421"}],"wp:term":[{"taxonomy":"product_brand","embeddable":true,"href":"https:\/\/www.claret.cat\/es\/wp-json\/wp\/v2\/product_brand?post=203421"},{"taxonomy":"product_cat","embeddable":true,"href":"https:\/\/www.claret.cat\/es\/wp-json\/wp\/v2\/product_cat?post=203421"},{"taxonomy":"product_tag","embeddable":true,"href":"https:\/\/www.claret.cat\/es\/wp-json\/wp\/v2\/product_tag?post=203421"}],"curies":[{"name":"wp","href":"https:\/\/api.w.org\/{rel}","templated":true}]}}