{"id":203514,"date":"2022-10-20T09:50:52","date_gmt":"2022-10-20T07:50:52","guid":{"rendered":"http:\/\/dev.claret.cat\/producte\/la-linea-del-tiempo-libro-de-actividades\/"},"modified":"2026-02-23T11:15:56","modified_gmt":"2026-02-23T10:15:56","slug":"la-linea-del-tiempo-libro-de-actividades-9788416690855","status":"publish","type":"product","link":"https:\/\/www.claret.cat\/es\/libro\/la-linea-del-tiempo-libro-de-actividades-9788416690855\/","title":{"rendered":"LA L\u00cdNEA DEL TIEMPO. LIBRO DE ACTIVIDADES"},"content":{"rendered":"<p>Desde el Big Bang a la amenaza del cambio de clim\u00e1tico, este libro muestra a los primeros habitantes de la Tierra, las grandes civilizaciones y los artistas, cient\u00edficos, exploradores y l\u00edderes de todos los tiempos; te ense\u00f1a c\u00f3mo es vivir en un castillo, en una yurta o en un rascacielos, y har\u00e1 volar tu imaginaci\u00f3n porque tambi\u00e9n habla de dragones, criaturas mitol\u00f3gicas y personajes de ficci\u00f3n, adem\u00e1s de inventos y viajes que cambiaron el curso de la humanidad.<br \/>En sus brillantes y divertidas ilustraciones, Peter Goes plantea conexiones y paralelismos inesperados. D\u00e9jate sorprender por sus miles de detalles que te har\u00e1n conocer y recordar la historia de nuestro mundo.<\/p>\n","protected":false},"excerpt":{"rendered":"<p>GOES, PETER<\/p>\n","protected":false},"featured_media":1085451,"template":"","meta":{"_acf_changed":false,"om_disable_all_campaigns":false,"rs_blank_template":"","rs_page_bg_color":"","slide_template_v7":"","inline_featured_image":false,"_monsterinsights_skip_tracking":false,"_monsterinsights_sitenote_active":false,"_monsterinsights_sitenote_note":"","_monsterinsights_sitenote_category":0},"product_brand":[],"product_cat":[86,352,105,555],"product_tag":[],"class_list":{"0":"post-203514","1":"product","2":"type-product","3":"status-publish","4":"has-post-thumbnail","6":"product_cat-infantil","7":"product_cat-infantil-3_infantil-juvenil-spa","8":"product_cat-regal","9":"product_cat-regalo","11":"first","12":"outofstock","13":"taxable","14":"shipping-taxable","15":"purchasable","16":"product-type-simple"},"acf":{"autor":"GOES, PETER","codart":"841669085","libros-coleccion":"FORA DE COL.LECCI\u00d3","ediciones":"1","encuadernacion":"Carton\u00e9","fecha_de_publicacion":"01\/09\/2017","novedad":"0","paginas":"80","subtitulo":"UN VIAJE CREATIVO EN EL TIEMPO","orden":"0","portada":"0","idioma":"spa","editorial":[{"ID":6297,"post_author":"3","post_date":"2022-07-28 17:49:10","post_date_gmt":"2022-07-28 15:49:10","post_content":"","post_title":"Maeva Ediciones","post_excerpt":"","post_status":"publish","comment_status":"closed","ping_status":"closed","post_password":"","post_name":"maeva-ediciones","to_ping":"","pinged":"","post_modified":"2022-07-28 17:49:10","post_modified_gmt":"2022-07-28 15:49:10","post_content_filtered":"","post_parent":0,"guid":"http:\/\/dev.claret.cat\/editorial\/maeva-ediciones\/","menu_order":0,"post_type":"editorial","post_mime_type":"","comment_count":"0","filter":"raw"}],"autores-libros":[{"ID":167096,"post_author":"3","post_date":"2022-10-14 18:08:30","post_date_gmt":"2022-10-14 16:08:30","post_content":"","post_title":"PETER GOES","post_excerpt":"","post_status":"publish","comment_status":"closed","ping_status":"closed","post_password":"","post_name":"peter-goes","to_ping":"","pinged":"","post_modified":"2022-10-14 18:08:30","post_modified_gmt":"2022-10-14 16:08:30","post_content_filtered":"","post_parent":0,"guid":"http:\/\/dev.claret.cat\/autor\/peter-goes\/","menu_order":0,"post_type":"autor","post_mime_type":"","comment_count":"0","filter":"raw"}],"booktrailer":"","resenas":""},"aioseo_notices":[],"_links":{"self":[{"href":"https:\/\/www.claret.cat\/es\/wp-json\/wp\/v2\/product\/203514","targetHints":{"allow":["GET"]}}],"collection":[{"href":"https:\/\/www.claret.cat\/es\/wp-json\/wp\/v2\/product"}],"about":[{"href":"https:\/\/www.claret.cat\/es\/wp-json\/wp\/v2\/types\/product"}],"wp:featuredmedia":[{"embeddable":true,"href":"https:\/\/www.claret.cat\/es\/wp-json\/wp\/v2\/media\/1085451"}],"wp:attachment":[{"href":"https:\/\/www.claret.cat\/es\/wp-json\/wp\/v2\/media?parent=203514"}],"wp:term":[{"taxonomy":"product_brand","embeddable":true,"href":"https:\/\/www.claret.cat\/es\/wp-json\/wp\/v2\/product_brand?post=203514"},{"taxonomy":"product_cat","embeddable":true,"href":"https:\/\/www.claret.cat\/es\/wp-json\/wp\/v2\/product_cat?post=203514"},{"taxonomy":"product_tag","embeddable":true,"href":"https:\/\/www.claret.cat\/es\/wp-json\/wp\/v2\/product_tag?post=203514"}],"curies":[{"name":"wp","href":"https:\/\/api.w.org\/{rel}","templated":true}]}}