{"id":203604,"date":"2022-10-20T09:52:21","date_gmt":"2022-10-20T07:52:21","guid":{"rendered":"http:\/\/dev.claret.cat\/producte\/100-actividades-montessori-para-ayudar-a-tus-hijos-en-el-aprendizaje-de-la-lectura\/"},"modified":"2023-01-28T09:32:30","modified_gmt":"2023-01-28T08:32:30","slug":"100-actividades-montessori-para-ayudar-a-tus-hijos-en-el-aprendizaje-de-la-lectura-9788408167457","status":"publish","type":"product","link":"https:\/\/www.claret.cat\/es\/libro\/100-actividades-montessori-para-ayudar-a-tus-hijos-en-el-aprendizaje-de-la-lectura-9788408167457\/","title":{"rendered":"100 ACTIVIDADES MONTESSORI PARA AYUDAR A TUS HIJOS EN EL APRENDIZAJE DE LA LECTURA"},"content":{"rendered":"<p>La pedagog\u00eda de Maria Montessori se basa en la idea de que el ni\u00f1o desarrolla su inteligencia a trav\u00e9s de los sentidos y que atraviesa per\u00edodos sensibles a lo largo de los cuales moviliza toda su energ\u00eda para descubrir un aprendizaje en particular. El per\u00edodo sensible de la escritura y de la lectura empieza un poco antes de los 3 a\u00f1os y contin\u00faa hasta los 6 a\u00f1os. Proponi\u00e9ndole al ni\u00f1o durante este per\u00edodo privilegiado actividades l\u00fadicas y variadas, y confeccionando un material sensorial sencillo, acompa\u00f1ado de un ambiente de serenidad a su alrededor, le dar\u00e9is las claves para adquirir la escritura y la lectura con facilidad, de forma placentera y duradera.<\/p>\n","protected":false},"excerpt":{"rendered":"<p>PLACE, MARIE H\u00c9L\u00c8NE<\/p>\n","protected":false},"featured_media":203605,"template":"","meta":{"_acf_changed":false,"om_disable_all_campaigns":false,"rs_blank_template":"","rs_page_bg_color":"","slide_template_v7":"","inline_featured_image":false,"_monsterinsights_skip_tracking":false,"_monsterinsights_sitenote_active":false,"_monsterinsights_sitenote_note":"","_monsterinsights_sitenote_category":0},"product_brand":[],"product_cat":[100],"product_tag":[],"class_list":{"0":"post-203604","1":"product","2":"type-product","3":"status-publish","4":"has-post-thumbnail","6":"product_cat-escola-de-pares","8":"first","9":"instock","10":"taxable","11":"shipping-taxable","12":"purchasable","13":"product-type-simple"},"acf":{"autor":"PLACE, MARIE H\u00c9L\u00c8NE","codart":"840816745","libros-coleccion":"FORA DE COL.LECCI\u00d3","ediciones":"1","encuadernacion":"R\u00fastica","fecha_de_publicacion":"01\/09\/2017","novedad":"1","paginas":"0","subtitulo":"","orden":"0","portada":"0","idioma":"spa","editorial":[{"ID":6377,"post_author":"3","post_date":"2022-07-28 17:50:53","post_date_gmt":"2022-07-28 15:50:53","post_content":"","post_title":"Timun Mas CAT","post_excerpt":"","post_status":"publish","comment_status":"closed","ping_status":"closed","post_password":"","post_name":"timun-mas-cat","to_ping":"","pinged":"","post_modified":"2022-07-28 17:50:53","post_modified_gmt":"2022-07-28 15:50:53","post_content_filtered":"","post_parent":0,"guid":"http:\/\/dev.claret.cat\/editorial\/timun-mas-cat\/","menu_order":0,"post_type":"editorial","post_mime_type":"","comment_count":"0","filter":"raw"}],"autores-libros":[{"ID":163888,"post_author":"3","post_date":"2022-10-14 17:42:39","post_date_gmt":"2022-10-14 15:42:39","post_content":"","post_title":"MARIE H\u00c9L\u00c8NE PLACE","post_excerpt":"","post_status":"publish","comment_status":"closed","ping_status":"closed","post_password":"","post_name":"marie-helene-place","to_ping":"","pinged":"","post_modified":"2022-10-14 17:42:39","post_modified_gmt":"2022-10-14 15:42:39","post_content_filtered":"","post_parent":0,"guid":"http:\/\/dev.claret.cat\/autor\/marie-helene-place\/","menu_order":0,"post_type":"autor","post_mime_type":"","comment_count":"0","filter":"raw"}]},"aioseo_notices":[],"_links":{"self":[{"href":"https:\/\/www.claret.cat\/es\/wp-json\/wp\/v2\/product\/203604","targetHints":{"allow":["GET"]}}],"collection":[{"href":"https:\/\/www.claret.cat\/es\/wp-json\/wp\/v2\/product"}],"about":[{"href":"https:\/\/www.claret.cat\/es\/wp-json\/wp\/v2\/types\/product"}],"wp:featuredmedia":[{"embeddable":true,"href":"https:\/\/www.claret.cat\/es\/wp-json\/wp\/v2\/media\/203605"}],"wp:attachment":[{"href":"https:\/\/www.claret.cat\/es\/wp-json\/wp\/v2\/media?parent=203604"}],"wp:term":[{"taxonomy":"product_brand","embeddable":true,"href":"https:\/\/www.claret.cat\/es\/wp-json\/wp\/v2\/product_brand?post=203604"},{"taxonomy":"product_cat","embeddable":true,"href":"https:\/\/www.claret.cat\/es\/wp-json\/wp\/v2\/product_cat?post=203604"},{"taxonomy":"product_tag","embeddable":true,"href":"https:\/\/www.claret.cat\/es\/wp-json\/wp\/v2\/product_tag?post=203604"}],"curies":[{"name":"wp","href":"https:\/\/api.w.org\/{rel}","templated":true}]}}