{"id":203730,"date":"2022-10-20T09:54:24","date_gmt":"2022-10-20T07:54:24","guid":{"rendered":"http:\/\/dev.claret.cat\/producte\/els-nostres-bolets\/"},"modified":"2023-01-28T17:04:57","modified_gmt":"2023-01-28T16:04:57","slug":"els-nostres-bolets-9788490345023","status":"publish","type":"product","link":"https:\/\/www.claret.cat\/es\/libro\/els-nostres-bolets-9788490345023\/","title":{"rendered":"ELS NOSTRES BOLETS"},"content":{"rendered":"<p>Amb aquesta guia us resultar\u00e0 f\u00e0cil identificar els bolets m\u00e9s comuns als nostres boscos, des dels m\u00e9s exquisits i apreciats fins als m\u00e9s verinosos, que tamb\u00e9 hem de saber distingir per no agafar-los de cap manera. El format plegable i plastificat de la guia us permetr\u00e0 portar-la a la butxaca, quan aneu al bosc a buscar bolets.<\/p>\n","protected":false},"excerpt":{"rendered":"<p>PASCUAL I LLUVI\u00c0, RAMON<\/p>\n","protected":false},"featured_media":320151,"template":"","meta":{"_acf_changed":false,"om_disable_all_campaigns":false,"rs_blank_template":"","rs_page_bg_color":"","slide_template_v7":"","inline_featured_image":false,"_monsterinsights_skip_tracking":false,"_monsterinsights_sitenote_active":false,"_monsterinsights_sitenote_note":"","_monsterinsights_sitenote_category":0},"product_brand":[],"product_cat":[90,540],"product_tag":[],"class_list":{"0":"post-203730","1":"product","2":"type-product","3":"status-publish","4":"has-post-thumbnail","6":"product_cat-altres","7":"product_cat-otros","9":"first","10":"instock","11":"taxable","12":"shipping-taxable","13":"purchasable","14":"product-type-simple"},"acf":{"autor":"PASCUAL I LLUVI\u00c0, RAMON","codart":"849034502","libros-coleccion":"FORA DE COL.LECCI\u00d3","ediciones":"1","encuadernacion":"R\u00fastica","fecha_de_publicacion":"01\/09\/2017","novedad":"1","paginas":"28","subtitulo":"GUIA PR\u00c0CTICA PER DISTINGIR-LOS","orden":"0","portada":"0","idioma":"cat","editorial":[{"ID":6171,"post_author":"3","post_date":"2022-07-28 17:46:25","post_date_gmt":"2022-07-28 15:46:25","post_content":"","post_title":"COSSETANIA EDICIONS","post_excerpt":"","post_status":"publish","comment_status":"closed","ping_status":"closed","post_password":"","post_name":"cossetania-edicions","to_ping":"","pinged":"","post_modified":"2022-07-28 17:46:25","post_modified_gmt":"2022-07-28 15:46:25","post_content_filtered":"","post_parent":0,"guid":"http:\/\/dev.claret.cat\/editorial\/cossetania-edicions\/","menu_order":0,"post_type":"editorial","post_mime_type":"","comment_count":"0","filter":"raw"}],"autores-libros":[{"ID":319753,"post_author":"3","post_date":"2023-01-02 23:36:19","post_date_gmt":"2023-01-02 22:36:19","post_content":"","post_title":"RAMON PASCUAL I LLUVIA","post_excerpt":"","post_status":"publish","comment_status":"closed","ping_status":"closed","post_password":"","post_name":"ramon-pascual-i-lluvia","to_ping":"","pinged":"","post_modified":"2023-01-02 23:36:19","post_modified_gmt":"2023-01-02 22:36:19","post_content_filtered":"","post_parent":0,"guid":"https:\/\/www.claret.cat\/autor\/ramon-pascual-i-lluvia\/","menu_order":0,"post_type":"autor","post_mime_type":"","comment_count":"0","filter":"raw"}]},"aioseo_notices":[],"_links":{"self":[{"href":"https:\/\/www.claret.cat\/es\/wp-json\/wp\/v2\/product\/203730","targetHints":{"allow":["GET"]}}],"collection":[{"href":"https:\/\/www.claret.cat\/es\/wp-json\/wp\/v2\/product"}],"about":[{"href":"https:\/\/www.claret.cat\/es\/wp-json\/wp\/v2\/types\/product"}],"wp:featuredmedia":[{"embeddable":true,"href":"https:\/\/www.claret.cat\/es\/wp-json\/wp\/v2\/media\/320151"}],"wp:attachment":[{"href":"https:\/\/www.claret.cat\/es\/wp-json\/wp\/v2\/media?parent=203730"}],"wp:term":[{"taxonomy":"product_brand","embeddable":true,"href":"https:\/\/www.claret.cat\/es\/wp-json\/wp\/v2\/product_brand?post=203730"},{"taxonomy":"product_cat","embeddable":true,"href":"https:\/\/www.claret.cat\/es\/wp-json\/wp\/v2\/product_cat?post=203730"},{"taxonomy":"product_tag","embeddable":true,"href":"https:\/\/www.claret.cat\/es\/wp-json\/wp\/v2\/product_tag?post=203730"}],"curies":[{"name":"wp","href":"https:\/\/api.w.org\/{rel}","templated":true}]}}