{"id":203733,"date":"2022-10-20T09:54:27","date_gmt":"2022-10-20T07:54:27","guid":{"rendered":"http:\/\/dev.claret.cat\/producte\/arrossos\/"},"modified":"2024-04-30T12:01:00","modified_gmt":"2024-04-30T10:01:00","slug":"arrossos-9788490345726","status":"publish","type":"product","link":"https:\/\/www.claret.cat\/es\/libro\/arrossos-9788490345726\/","title":{"rendered":"ARROSSOS"},"content":{"rendered":"<p>Saps on va n\u00e9ixer l&#8217;arr\u00f2s? Quina vinculaci\u00f3 t\u00e9 amb Alexandre el Gran? Quan va arribar al Mediterrani i quina evoluci\u00f3 ha tingut a la nostra terra? Quan va aterrar al continent americ\u00e0? Com l&#8217;han fet servir diverses civilitzacions? Quines varietats hi ha? Quin bagatge social, cultural i culinari posseeix?  En aquest llibre, tota una b\u00edblia dels arrossos, hi trobar\u00e0s les respostes, aix\u00ed com una quarantena de receptes que es fan a Catalunya, algunes cedides per xefs de renom, amb un petit homenatge a la paella valenciana.<\/p>\n","protected":false},"excerpt":{"rendered":"<p>MARQU\u00c8S ADELANTADO, QUIM<\/p>\n","protected":false},"featured_media":963248,"template":"","meta":{"_acf_changed":false,"om_disable_all_campaigns":false,"rs_blank_template":"","rs_page_bg_color":"","slide_template_v7":"","inline_featured_image":false,"_monsterinsights_skip_tracking":false,"_monsterinsights_sitenote_active":false,"_monsterinsights_sitenote_note":"","_monsterinsights_sitenote_category":0},"product_brand":[],"product_cat":[553,103],"product_tag":[],"class_list":{"0":"post-203733","1":"product","2":"type-product","3":"status-publish","4":"has-post-thumbnail","6":"product_cat-cocina","7":"product_cat-cuina","9":"first","10":"outofstock","11":"taxable","12":"shipping-taxable","13":"purchasable","14":"product-type-simple"},"acf":{"autor":"MARQU\u00c8S ADELANTADO, QUIM","codart":"849034572","libros-coleccion":"FORA DE COL.LECCI\u00d3","ediciones":"1","encuadernacion":"R\u00fastica","fecha_de_publicacion":"01\/09\/2017","novedad":"0","paginas":"144","subtitulo":"OR\u00cdGENS, CURIOSITATS I RECEPTES","orden":"0","portada":"0","idioma":"cat","editorial":[{"ID":6171,"post_author":"3","post_date":"2022-07-28 17:46:25","post_date_gmt":"2022-07-28 15:46:25","post_content":"","post_title":"COSSETANIA EDICIONS","post_excerpt":"","post_status":"publish","comment_status":"closed","ping_status":"closed","post_password":"","post_name":"cossetania-edicions","to_ping":"","pinged":"","post_modified":"2022-07-28 17:46:25","post_modified_gmt":"2022-07-28 15:46:25","post_content_filtered":"","post_parent":0,"guid":"http:\/\/dev.claret.cat\/editorial\/cossetania-edicions\/","menu_order":0,"post_type":"editorial","post_mime_type":"","comment_count":"0","filter":"raw"}],"autores-libros":[{"ID":317388,"post_author":"3","post_date":"2023-01-02 20:08:24","post_date_gmt":"2023-01-02 19:08:24","post_content":"","post_title":"QUIM MARQU\u00c8S ADELANTADO","post_excerpt":"","post_status":"publish","comment_status":"closed","ping_status":"closed","post_password":"","post_name":"quim-marques-adelantado","to_ping":"","pinged":"","post_modified":"2023-01-02 20:08:24","post_modified_gmt":"2023-01-02 19:08:24","post_content_filtered":"","post_parent":0,"guid":"https:\/\/www.claret.cat\/autor\/quim-marques-adelantado\/","menu_order":0,"post_type":"autor","post_mime_type":"","comment_count":"0","filter":"raw"}]},"aioseo_notices":[],"_links":{"self":[{"href":"https:\/\/www.claret.cat\/es\/wp-json\/wp\/v2\/product\/203733","targetHints":{"allow":["GET"]}}],"collection":[{"href":"https:\/\/www.claret.cat\/es\/wp-json\/wp\/v2\/product"}],"about":[{"href":"https:\/\/www.claret.cat\/es\/wp-json\/wp\/v2\/types\/product"}],"wp:featuredmedia":[{"embeddable":true,"href":"https:\/\/www.claret.cat\/es\/wp-json\/wp\/v2\/media\/963248"}],"wp:attachment":[{"href":"https:\/\/www.claret.cat\/es\/wp-json\/wp\/v2\/media?parent=203733"}],"wp:term":[{"taxonomy":"product_brand","embeddable":true,"href":"https:\/\/www.claret.cat\/es\/wp-json\/wp\/v2\/product_brand?post=203733"},{"taxonomy":"product_cat","embeddable":true,"href":"https:\/\/www.claret.cat\/es\/wp-json\/wp\/v2\/product_cat?post=203733"},{"taxonomy":"product_tag","embeddable":true,"href":"https:\/\/www.claret.cat\/es\/wp-json\/wp\/v2\/product_tag?post=203733"}],"curies":[{"name":"wp","href":"https:\/\/api.w.org\/{rel}","templated":true}]}}