{"id":203766,"date":"2022-10-20T09:55:00","date_gmt":"2022-10-20T07:55:00","guid":{"rendered":"http:\/\/dev.claret.cat\/producte\/l-p-ix-escritos-menores-1951-1990\/"},"modified":"2026-01-19T12:18:57","modified_gmt":"2026-01-19T11:18:57","slug":"lp-ix-escritos-menores-19511990-9788431331467","status":"publish","type":"product","link":"https:\/\/www.claret.cat\/es\/libro\/lp-ix-escritos-menores-19511990-9788431331467\/","title":{"rendered":"(L.P. IX) ESCRITOS MENORES (1951-1990)"},"content":{"rendered":"<p>Presentamos el noveno volumen de las obras completas de Leonardo Polo. Se trata de la recopilaci\u00f3n de una colecci\u00f3n de publicaciones menores: art\u00edculos de revistas, cap\u00edtulos de libros, pr\u00f3logos, etc. En concreto la colecci\u00f3n abarca las publicaciones de los a\u00f1os comprendidos entre 1951 y 1990: los primeros cuarenta a\u00f1os en la vida profesionoal y acad\u00e9mica de Polo, que incluyen veintiocho desde su doctorado en filosof\u00eda (1961).<\/p>\n<p> Leonardo Polo (Madrid, 1926-Pamplona 2013) se licenci\u00f3 en Derecho (1949);  posteriormente realiz\u00f3 la licenciatura y el doctorado en Filosof\u00eda. Se incorpor\u00f3 a la Universidad de Navarra en 1954. Obtuvo la c\u00e1tedra de Fundamentos de Filosof\u00eda de la Universidad de Granada en 1966, que ocup\u00f3 dos a\u00f1os. El resto de su vida acad\u00e9mica lo pas\u00f3 en Navarra, excepto los veranos, en los que impart\u00eda cursos de licenciatura y doctorado en universidades de M\u00e9xico, Per\u00fa, Colombia, Chile, etc. Desempe\u00f1\u00f3 diversos cargos, como director de estudios de la Facultad de Filosof\u00eda y Letras, director del Departamento de Historia de la Filosof\u00eda, director del programa doctoral en Filosof\u00eda, etc. Doctor Honoris causa de la Universidad de Piura (Per\u00fa). El Gobierno de Navarra le concedi\u00f3 en 2008 la Cruz de Carlos III el Noble en reconocimiento de su labor filos\u00f3fica con   alumnos de licenciatura y doctorado, de diversas carreras y universidades.<br \/> Su profundidad y originalidad filos\u00f3ficas se refleja en el alto n\u00famero de publicaciones, libros y art\u00edculos, tesis doctorales, etc., sobre su pensamiento; sobre su  doctrina filos\u00f3fica adem\u00e1s se edita en Pamplona desde 1998 la revista Studia Poliana; en M\u00e1laga, on-line, Miscel\u00e1nea Poliana y desde diciembre 2014 Journal of Polian Studies (South Bend, USA).<\/p>\n","protected":false},"excerpt":{"rendered":"<p>POLO BARRENA LEONARDO<\/p>\n","protected":false},"featured_media":203767,"template":"","meta":{"_acf_changed":false,"om_disable_all_campaigns":false,"rs_blank_template":"","rs_page_bg_color":"","slide_template_v7":"","inline_featured_image":false,"_monsterinsights_skip_tracking":false,"_monsterinsights_sitenote_active":false,"_monsterinsights_sitenote_note":"","_monsterinsights_sitenote_category":0},"product_brand":[],"product_cat":[83,349],"product_tag":[],"class_list":{"0":"post-203766","1":"product","2":"type-product","3":"status-publish","4":"has-post-thumbnail","6":"product_cat-filosofia","7":"product_cat-filosofia-2_humanidades","9":"first","10":"instock","11":"taxable","12":"shipping-taxable","13":"purchasable","14":"product-type-simple"},"acf":{"autor":"POLO BARRENA LEONARDO","codart":"843133146","libros-coleccion":"SUSHI BOOKS","ediciones":"1","encuadernacion":"R\u00fastica","fecha_de_publicacion":"01\/09\/2017","novedad":"1","paginas":"236","subtitulo":"","orden":"0","portada":"0","idioma":"spa","editorial":[{"ID":6251,"post_author":"3","post_date":"2022-07-28 17:48:11","post_date_gmt":"2022-07-28 15:48:11","post_content":"","post_title":"EUNSA. EDICIONES UNIVERSIDAD DE NAVARRA","post_excerpt":"","post_status":"publish","comment_status":"closed","ping_status":"closed","post_password":"","post_name":"eunsa-ediciones-universidad-de-navarra","to_ping":"","pinged":"","post_modified":"2022-07-28 17:48:11","post_modified_gmt":"2022-07-28 15:48:11","post_content_filtered":"","post_parent":0,"guid":"http:\/\/dev.claret.cat\/editorial\/eunsa-ediciones-universidad-de-navarra\/","menu_order":0,"post_type":"editorial","post_mime_type":"","comment_count":"0","filter":"raw"}],"autores-libros":[{"ID":167388,"post_author":"3","post_date":"2022-10-14 18:10:48","post_date_gmt":"2022-10-14 16:10:48","post_content":"","post_title":"POLO BARRENA LEONARDO","post_excerpt":"","post_status":"publish","comment_status":"closed","ping_status":"closed","post_password":"","post_name":"polo-barrena-leonardo","to_ping":"","pinged":"","post_modified":"2022-10-14 18:10:48","post_modified_gmt":"2022-10-14 16:10:48","post_content_filtered":"","post_parent":0,"guid":"http:\/\/dev.claret.cat\/autor\/polo-barrena-leonardo\/","menu_order":0,"post_type":"autor","post_mime_type":"","comment_count":"0","filter":"raw"}],"booktrailer":"","resenas":""},"aioseo_notices":[],"_links":{"self":[{"href":"https:\/\/www.claret.cat\/es\/wp-json\/wp\/v2\/product\/203766","targetHints":{"allow":["GET"]}}],"collection":[{"href":"https:\/\/www.claret.cat\/es\/wp-json\/wp\/v2\/product"}],"about":[{"href":"https:\/\/www.claret.cat\/es\/wp-json\/wp\/v2\/types\/product"}],"wp:featuredmedia":[{"embeddable":true,"href":"https:\/\/www.claret.cat\/es\/wp-json\/wp\/v2\/media\/203767"}],"wp:attachment":[{"href":"https:\/\/www.claret.cat\/es\/wp-json\/wp\/v2\/media?parent=203766"}],"wp:term":[{"taxonomy":"product_brand","embeddable":true,"href":"https:\/\/www.claret.cat\/es\/wp-json\/wp\/v2\/product_brand?post=203766"},{"taxonomy":"product_cat","embeddable":true,"href":"https:\/\/www.claret.cat\/es\/wp-json\/wp\/v2\/product_cat?post=203766"},{"taxonomy":"product_tag","embeddable":true,"href":"https:\/\/www.claret.cat\/es\/wp-json\/wp\/v2\/product_tag?post=203766"}],"curies":[{"name":"wp","href":"https:\/\/api.w.org\/{rel}","templated":true}]}}